{"id":6037,"date":"2021-05-27T09:44:40","date_gmt":"2021-05-27T09:44:40","guid":{"rendered":"https:\/\/egein.com\/politique-de-confidentialite\/"},"modified":"2022-04-29T15:21:18","modified_gmt":"2022-04-29T15:21:18","slug":"politique-de-confidentialite","status":"publish","type":"page","link":"https:\/\/egein.com\/fr\/politique-de-confidentialite\/","title":{"rendered":"Politique de confidentialit\u00e9"},"content":{"rendered":"\t\t<div data-elementor-type=\"wp-page\" data-elementor-id=\"6037\" class=\"elementor elementor-6037 elementor-3\" data-elementor-post-type=\"page\">\n\t\t\t\t\t\t<section class=\"elementor-section elementor-top-section elementor-element elementor-element-384ef712 elementor-section-height-min-height elementor-section-items-stretch elementor-section-boxed elementor-section-height-default\" data-id=\"384ef712\" data-element_type=\"section\" data-e-type=\"section\" data-settings=\"{&quot;background_background&quot;:&quot;classic&quot;}\">\n\t\t\t\t\t\t<div class=\"elementor-container elementor-column-gap-default\">\n\t\t\t\t\t<div class=\"elementor-column elementor-col-50 elementor-top-column elementor-element elementor-element-24fd5711\" data-id=\"24fd5711\" data-element_type=\"column\" data-e-type=\"column\">\n\t\t\t<div class=\"elementor-widget-wrap elementor-element-populated\">\n\t\t\t\t\t\t<div class=\"elementor-element elementor-element-3c408599 elementor-widget elementor-widget-heading\" data-id=\"3c408599\" data-element_type=\"widget\" data-e-type=\"widget\" data-widget_type=\"heading.default\">\n\t\t\t\t<div class=\"elementor-widget-container\">\n\t\t\t\t\t<h1 class=\"elementor-heading-title elementor-size-default\">Politique de <br> Confidencialit\u00e9<\/h1>\t\t\t\t<\/div>\n\t\t\t\t<\/div>\n\t\t\t\t\t<\/div>\n\t\t<\/div>\n\t\t\t\t<div class=\"elementor-column elementor-col-50 elementor-top-column elementor-element elementor-element-e74d4eb\" data-id=\"e74d4eb\" data-element_type=\"column\" data-e-type=\"column\">\n\t\t\t<div class=\"elementor-widget-wrap\">\n\t\t\t\t\t\t\t<\/div>\n\t\t<\/div>\n\t\t\t\t\t<\/div>\n\t\t<\/section>\n\t\t\t\t<section class=\"elementor-section elementor-top-section elementor-element elementor-element-14b85977 elementor-section-boxed elementor-section-height-default elementor-section-height-default\" data-id=\"14b85977\" data-element_type=\"section\" data-e-type=\"section\">\n\t\t\t\t\t\t<div class=\"elementor-container elementor-column-gap-default\">\n\t\t\t\t\t<div class=\"elementor-column elementor-col-100 elementor-top-column elementor-element elementor-element-994e71c\" data-id=\"994e71c\" data-element_type=\"column\" data-e-type=\"column\">\n\t\t\t<div class=\"elementor-widget-wrap elementor-element-populated\">\n\t\t\t\t\t\t<div class=\"elementor-element elementor-element-c13d61d elementor-widget elementor-widget-text-editor\" data-id=\"c13d61d\" data-element_type=\"widget\" data-e-type=\"widget\" data-widget_type=\"text-editor.default\">\n\t\t\t\t<div class=\"elementor-widget-container\">\n\t\t\t\t\t\t\t\t\t<span style=\"font-weight: 400;\">A travers ce site, les donn\u00e9es personnelles des utilisateurs ne sont pas collect\u00e9es \u00e0 leur insu, ni c\u00e9d\u00e9es \u00e0 des tiers.<\/span>\r\n\r\n<span style=\"font-weight: 400;\">\u00a0<\/span>\r\n\r\n<span style=\"font-weight: 400;\">Pour en savoir plus sur notre politique en mati\u00e8re de cookies, utilis\u00e9e pour collecter des informations aupr\u00e8s des utilisateurs, veuillez lire la section Politique en mati\u00e8re de cookies de notre site Web.<\/span>\r\n\r\n<span style=\"font-weight: 400;\">\u00a0<\/span>\r\n\r\n<b>Informations de base sur la protection des donn\u00e9es<\/b>\r\n\r\n<span style=\"font-weight: 400;\">Ci-dessous, nous vous informons de la politique de protection des donn\u00e9es d\u2019ENGINYERIA I GESTI\u00d3 D\u2019 ESPAIS<\/span><span style=\"font-weight: 400;\"> INDUSTRIALS, SL<\/span>\r\n\r\n&nbsp;\r\n\r\n<b>Qui est responsable du traitement ?<\/b>\r\n\r\n<span style=\"font-weight: 400;\">Les donn\u00e9es personnelles qui peuvent \u00eatre demand\u00e9es directement \u00e0 l&rsquo;int\u00e9ress\u00e9 seront trait\u00e9es de mani\u00e8re confidentielle et seront int\u00e9gr\u00e9es \u00e0 l&rsquo;activit\u00e9 de traitement correspondante d\u00e9tenue par <\/span><span style=\"font-weight: 400;\">ENGINYERIA I GESTI\u00d3 D&rsquo;ESPAIS INDUSTRIALS, SL<\/span>\r\n\r\n&nbsp;\r\n\r\n<b>Comment obtenons-nous vos donn\u00e9es personnelles ?<\/b>\r\n\r\n<span style=\"font-weight: 400;\">Nous collectons vos donn\u00e9es personnelles \u00e0 diff\u00e9rentes occasions :<\/span>\r\n<ul>\r\n \t<li><span style=\"font-weight: 400;\"> Chaque fois que vous nous contactez directement, par exemple via la rubrique contact ou toute autre rubrique dans laquelle vous remplissez un questionnaire web, ou via les lignes de service client, pour demander des informations sur nos produits et services.<\/span><\/li>\r\n \t<li><span style=\"font-weight: 400;\"> Lorsque vous achetez ou contractez un produit ou un service directement avec nous.<\/span><\/li>\r\n<\/ul>\r\n<span style=\"font-weight: 400;\">Les produits et services d&rsquo;ENGINYERIA I GESTI\u00d3 D&rsquo;ESPAIS INDUSTRIALS, SL, ainsi que ses campagnes promotionnelles, sont principalement destin\u00e9s et con\u00e7us pour les adultes. En ce sens, nous ne collecterons et ne traiterons vos donn\u00e9es personnelles que si vous avez au moins 16 ans. ENGINYERIA I GESTI\u00d3 D&rsquo;ESPAIS INDUSTRIALS, SL se r\u00e9serve le droit de v\u00e9rifier l&rsquo;\u00e2ge des personnes qui fournissent des donn\u00e9es personnelles. Toutes les donn\u00e9es d&rsquo;un mineur de moins de 16 ans seront supprim\u00e9es.<\/span>\r\n\r\n<span style=\"font-weight: 400;\">Nous vous serions reconnaissants de bien vouloir nous aider \u00e0 maintenir vos donn\u00e9es personnelles \u00e0 jour en nous informant de toute modification de vos coordonn\u00e9es ou de vos pr\u00e9f\u00e9rences.<\/span>\r\n\r\n&nbsp;\r\n\r\n<b>Quelles informations pouvons-nous obtenir sur vous ?<\/b>\r\n\r\n<span style=\"font-weight: 400;\">\u00a0Par le biais des diff\u00e9rents services et canaux de contact d\u00e9crits dans la pr\u00e9sente politique de confidentialit\u00e9, les types de donn\u00e9es suivants vous concernant peuvent \u00eatre demand\u00e9s en fonction de votre relation avec le responsable du traitement\u00a0:<\/span>\r\n<ul>\r\n \t<li><span style=\"font-weight: 400;\"> Clients et utilisateurs : Donn\u00e9es d&rsquo;identification et de contact : nom, adresse, num\u00e9ros de t\u00e9l\u00e9phone, email. Donn\u00e9es \u00e9conomiques : num\u00e9ro de compte bancaire \/ num\u00e9ro de carte de cr\u00e9dit.<\/span><\/li>\r\n<\/ul>\r\n<span style=\"font-weight: 400;\">\u00c0 quelles fins traitons-nous vos donn\u00e9es personnelles ?<\/span>\r\n\r\n<span style=\"font-weight: 400;\">En raison de votre statut d&rsquo;utilisateur du site Web, nous traiterons les donn\u00e9es personnelles que vous nous fournissez afin de r\u00e9pondre \u00e0 la demande que vous avez formul\u00e9e et de vous fournir des informations commerciales sur les produits et services de l&rsquo;entreprise.<\/span>\r\n\r\n&nbsp;\r\n\r\n<b>Quelle est la l\u00e9gitimation pour le traitement de vos donn\u00e9es ?<\/b>\r\n\r\n<span style=\"font-weight: 400;\">Utilisateurs et membres : RGPD Article 6.1.a) consentement de l&rsquo;int\u00e9ress\u00e9 au traitement de ses donn\u00e9es personnelles pour une ou plusieurs finalit\u00e9s d\u00e9termin\u00e9es.<\/span>\r\n\r\n<span style=\"font-weight: 400;\">Clients : RGPD Article 6.1. b) le traitement est n\u00e9cessaire \u00e0 l&rsquo;ex\u00e9cution d&rsquo;un contrat auquel l&rsquo;int\u00e9ress\u00e9 est partie, ou \u00e0 l&rsquo;application \u00e0 la demande de ce dernier de mesures pr\u00e9contractuelles. Article RGPD 6.1.a) consentement de l&rsquo;int\u00e9ress\u00e9 pour le traitement de leurs donn\u00e9es personnelles pour une ou plusieurs finalit\u00e9s sp\u00e9cifiques.<\/span>\r\n\r\n<span style=\"font-weight: 400;\">Pour d&rsquo;autres activit\u00e9s de traitement qui peuvent ne pas appara\u00eetre dans cette politique de confidentialit\u00e9, veuillez contacter le responsable du traitement pour demander plus d&rsquo;informations.<\/span>\r\n\r\n&nbsp;\r\n\r\n<span style=\"font-weight: 400;\">Du fait de votre qualit\u00e9 de client, nous traiterons vos donn\u00e9es pour vous fournir le service demand\u00e9 et la gestion administrative et commerciale de notre portefeuille clients.<\/span>\r\n\r\n&nbsp;\r\n\r\n<b>Combien de temps conserverons-nous vos donn\u00e9es ?<\/b>\r\n\r\n<span style=\"font-weight: 400;\">Les donn\u00e9es personnelles fournies seront conserv\u00e9es pendant le temps n\u00e9cessaire pour atteindre l&rsquo;objectif pour lequel elles sont collect\u00e9es et pour d\u00e9terminer les \u00e9ventuelles responsabilit\u00e9s pouvant d\u00e9couler de l&rsquo;objectif, en plus des p\u00e9riodes \u00e9tablies dans la r\u00e9glementation sur les fichiers et la documentation.<\/span>\r\n\r\n&nbsp;\r\n\r\n<b>A qui communiquerons-nous vos donn\u00e9es ?<\/b>\r\n\r\n<span style=\"font-weight: 400;\">En g\u00e9n\u00e9ral, les donn\u00e9es personnelles ne seront pas communiqu\u00e9es \u00e0 des tiers, sauf obligation l\u00e9gale, parmi lesquelles peuvent figurer des communications \u00e0 des organisations directement li\u00e9es au responsable (Conseil fiscal, du travail et comptable. Entit\u00e9s financi\u00e8res. Agence d&rsquo;administration fiscale de l&rsquo;\u00c9tat. Entreprises de formation Entit\u00e9 charg\u00e9e de la gestion des risques professionnels Institut National de la S\u00e9curit\u00e9 Sociale Tr\u00e9sorerie G\u00e9n\u00e9rale de la S\u00e9curit\u00e9 Sociale Syndicats Entreprises en charge de la commercialisation et de la publicit\u00e9 Entreprises de S\u00e9lection du Personnel) Forces et organes de s\u00e9curit\u00e9 de l&rsquo;\u00c9tat, organes judiciaires, minist\u00e8re public.<\/span>\r\n\r\n<span style=\"font-weight: 400;\">Bien que dans les transmissions de donn\u00e9es sur Internet ou \u00e0 partir d&rsquo;un site Web, il ne soit pas possible de garantir une protection absolue contre les intrusions, nous nous effor\u00e7ons de maintenir les mesures de protection physiques, \u00e9lectroniques et proc\u00e9durales n\u00e9cessaires pour garantir la protection de vos informations conform\u00e9ment aux donn\u00e9es applicables aux exigences de protection.<\/span>\r\n\r\n<span style=\"font-weight: 400;\">Tous les v\u00f4tres sont stock\u00e9s sur un site s\u00e9curis\u00e9 (ou des copies physiques s\u00e9curis\u00e9es) appartenant \u00e0 nous ou \u00e0 nos processeurs de donn\u00e9es, et nos crit\u00e8res et politiques de s\u00e9curit\u00e9 (ou d&rsquo;autres \u00e9quivalents de nos processeurs de donn\u00e9es) s&rsquo;appliquent pour y acc\u00e9der et les utiliser.<\/span>\r\n\r\n&nbsp;\r\n\r\n<b>Faisons-nous des transferts de donn\u00e9es internationaux ?<\/b>\r\n\r\n<span style=\"font-weight: 400;\">ENGINYERIA I GESTI\u00d3 D&rsquo;ESPAIS INDUSTRIALS, SL n&rsquo;a pas pr\u00e9vu de transferts internationaux de donn\u00e9es.<\/span>\r\n\r\n&nbsp;\r\n\r\n<b>Comment prot\u00e9geons-nous vos donn\u00e9es ?<\/b>\r\n\r\n<span style=\"font-weight: 400;\">Pour assurer la protection et maintenir la s\u00e9curit\u00e9, l&rsquo;int\u00e9grit\u00e9 et la disponibilit\u00e9 des donn\u00e9es, nous utilisons diverses mesures de s\u00e9curit\u00e9.<\/span>\r\n\r\n<span style=\"font-weight: 400;\">Bien que dans les transmissions de donn\u00e9es sur Internet ou \u00e0 partir d&rsquo;un site Web, il ne soit pas possible de garantir une protection absolue contre les intrusions, nous et nos sous-traitants d\u00e9ployons tous les efforts pour maintenir les mesures de protection physiques, \u00e9lectroniques et proc\u00e9durales qui garantissent la protection de vos donn\u00e9es dans conform\u00e9ment aux dispositions l\u00e9gales applicables en la mati\u00e8re. Les mesures que nous utilisons comprennent les suivantes\u00a0:<\/span>\r\n<ul>\r\n \t<li><span style=\"font-weight: 400;\"> limiter l&rsquo;acc\u00e8s \u00e0 vos donn\u00e9es aux seules personnes qui ont besoin de les conna\u00eetre en r\u00e9ponse aux t\u00e2ches qu&rsquo;elles effectuent ;<\/span><\/li>\r\n \t<li><span style=\"font-weight: 400;\"> En r\u00e8gle g\u00e9n\u00e9rale, transf\u00e9rez les donn\u00e9es collect\u00e9es sous format crypt\u00e9 ;<\/span><\/li>\r\n \t<li><span style=\"font-weight: 400;\"> stocker les donn\u00e9es les plus sensibles (telles que les coordonn\u00e9es bancaires) uniquement sous format crypt\u00e9 ;<\/span><\/li>\r\n \t<li><span style=\"font-weight: 400;\"> Installer des syst\u00e8mes de protection p\u00e9rim\u00e9trique pour les infrastructures informatiques (pare-feu) afin d&#8217;emp\u00eacher tout acc\u00e8s non autoris\u00e9, par exemple les pirates, et<\/span><\/li>\r\n \t<li><span style=\"font-weight: 400;\"> surveiller r\u00e9guli\u00e8rement l&rsquo;acc\u00e8s aux syst\u00e8mes informatiques pour d\u00e9tecter et arr\u00eater toute utilisation abusive des donn\u00e9es personnelles.<\/span><\/li>\r\n<\/ul>\r\n<span style=\"font-weight: 400;\">Dans les cas o\u00f9 nous vous avons fourni (ou vous avez choisi) un mot de passe qui vous permet d&rsquo;acc\u00e9der \u00e0 certaines parties de nos sites Web ou \u00e0 tout autre portail, application ou service sous notre contr\u00f4le, vous \u00eates responsable de le garder secret et de vous conformer \u00e0 toutes les autres proc\u00e9dures de s\u00e9curit\u00e9 dont nous vous informons. Vous ne pouvez partager votre mot de passe avec personne.<\/span>\r\n\r\n&nbsp;\r\n\r\n<b>Quels droits les int\u00e9ress\u00e9s peuvent-ils exercer ?<\/b>\r\n\r\n<span style=\"font-weight: 400;\">Toute personne a le droit d&rsquo;obtenir des informations sur le traitement de ses donn\u00e9es effectu\u00e9 par : ENGINYERIA I GESTI\u00d3 D&rsquo;ESPAIS INDUSTRIALS, SL<\/span>\r\n\r\n<span style=\"font-weight: 400;\">Vous pouvez exercer vos droits d&rsquo;acc\u00e8s, de rectification, de suppression et de portabilit\u00e9 de vos donn\u00e9es, de limitation et d&rsquo;opposition \u00e0 leur traitement, ainsi qu&rsquo;\u00e0 ne pas faire l&rsquo;objet de d\u00e9cisions fond\u00e9es uniquement sur le traitement automatis\u00e9 de vos donn\u00e9es, et \u00e0 retirer le consentement donn\u00e9 , avant que: ING\u00c9NIERIE ET \u200b\u200bGESTION DE ESPAIS INDUSTRIALS, SL. B17493396. C\/ Areny, 29 &#8211; 17460 &#8211; Celr\u00e0 &#8211; G\u00c9RONE. Ou envoyez un e-mail \u00e0 info@egein.com, en indiquant \u00ab\u00a0Protection des donn\u00e9es\u00a0\u00bb en objet.<\/span>\r\n\r\n<span style=\"font-weight: 400;\">En outre, l&rsquo;int\u00e9ress\u00e9 peut contacter l&rsquo;autorit\u00e9 de contr\u00f4le de la protection des donn\u00e9es comp\u00e9tente pour obtenir des informations suppl\u00e9mentaires ou d\u00e9poser une r\u00e9clamation.<\/span>\r\n\r\n&nbsp;\t\t\t\t\t\t\t\t<\/div>\n\t\t\t\t<\/div>\n\t\t\t\t<div class=\"elementor-element elementor-element-3ebdb7d9 elementor-widget__width-auto elementor-absolute elementor-view-default elementor-widget elementor-widget-icon\" data-id=\"3ebdb7d9\" data-element_type=\"widget\" data-e-type=\"widget\" data-settings=\"{&quot;_position&quot;:&quot;absolute&quot;}\" data-widget_type=\"icon.default\">\n\t\t\t\t<div class=\"elementor-widget-container\">\n\t\t\t\t\t\t\t<div class=\"elementor-icon-wrapper\">\n\t\t\t<div class=\"elementor-icon\">\n\t\t\t<svg xmlns=\"http:\/\/www.w3.org\/2000\/svg\" id=\"a72f1db4-4b9f-4cbc-ac4c-a54efeaf8336\" data-name=\"Layer 1\" width=\"100\" height=\"100\" viewBox=\"0 0 100 100\"><title>Shape<\/title><path id=\"aecdc5f9-a79f-465f-8b06-186d589ccd57\" data-name=\"Shape\" d=\"M0,100V0H50V50h50v50Z\" style=\"fill-rule:evenodd\"><\/path><\/svg>\t\t\t<\/div>\n\t\t<\/div>\n\t\t\t\t\t\t<\/div>\n\t\t\t\t<\/div>\n\t\t\t\t<div class=\"elementor-element elementor-element-7baddc98 elementor-widget__width-auto elementor-absolute elementor-view-default elementor-widget elementor-widget-icon\" data-id=\"7baddc98\" data-element_type=\"widget\" data-e-type=\"widget\" data-settings=\"{&quot;_position&quot;:&quot;absolute&quot;}\" data-widget_type=\"icon.default\">\n\t\t\t\t<div class=\"elementor-widget-container\">\n\t\t\t\t\t\t\t<div class=\"elementor-icon-wrapper\">\n\t\t\t<div class=\"elementor-icon\">\n\t\t\t<svg xmlns=\"http:\/\/www.w3.org\/2000\/svg\" id=\"a72f1db4-4b9f-4cbc-ac4c-a54efeaf8336\" data-name=\"Layer 1\" width=\"100\" height=\"100\" viewBox=\"0 0 100 100\"><title>Shape<\/title><path id=\"aecdc5f9-a79f-465f-8b06-186d589ccd57\" data-name=\"Shape\" d=\"M0,100V0H50V50h50v50Z\" style=\"fill-rule:evenodd\"><\/path><\/svg>\t\t\t<\/div>\n\t\t<\/div>\n\t\t\t\t\t\t<\/div>\n\t\t\t\t<\/div>\n\t\t\t\t\t<\/div>\n\t\t<\/div>\n\t\t\t\t\t<\/div>\n\t\t<\/section>\n\t\t\t\t<\/div>\n\t\t","protected":false},"excerpt":{"rendered":"<p>Politique de Confidencialit\u00e9 A travers ce site, les donn\u00e9es personnelles des utilisateurs ne sont pas collect\u00e9es \u00e0 leur insu, ni c\u00e9d\u00e9es \u00e0 des tiers. \u00a0 Pour en savoir plus sur notre politique en mati\u00e8re de cookies, utilis\u00e9e pour collecter des informations aupr\u00e8s des utilisateurs, veuillez lire la section Politique en mati\u00e8re de cookies de notre [&hellip;]<\/p>\n","protected":false},"author":1,"featured_media":0,"parent":0,"menu_order":0,"comment_status":"closed","ping_status":"closed","template":"","meta":{"footnotes":""},"class_list":["post-6037","page","type-page","status-publish","hentry"],"_links":{"self":[{"href":"https:\/\/egein.com\/fr\/wp-json\/wp\/v2\/pages\/6037","targetHints":{"allow":["GET"]}}],"collection":[{"href":"https:\/\/egein.com\/fr\/wp-json\/wp\/v2\/pages"}],"about":[{"href":"https:\/\/egein.com\/fr\/wp-json\/wp\/v2\/types\/page"}],"author":[{"embeddable":true,"href":"https:\/\/egein.com\/fr\/wp-json\/wp\/v2\/users\/1"}],"replies":[{"embeddable":true,"href":"https:\/\/egein.com\/fr\/wp-json\/wp\/v2\/comments?post=6037"}],"version-history":[{"count":0,"href":"https:\/\/egein.com\/fr\/wp-json\/wp\/v2\/pages\/6037\/revisions"}],"wp:attachment":[{"href":"https:\/\/egein.com\/fr\/wp-json\/wp\/v2\/media?parent=6037"}],"curies":[{"name":"wp","href":"https:\/\/api.w.org\/{rel}","templated":true}]}}