{"id":6033,"date":"2021-05-27T08:55:20","date_gmt":"2021-05-27T08:55:20","guid":{"rendered":"https:\/\/egein.com\/utilisation-des-cookies\/"},"modified":"2022-04-29T15:22:18","modified_gmt":"2022-04-29T15:22:18","slug":"utilisation-des-cookies","status":"publish","type":"page","link":"https:\/\/egein.com\/fr\/utilisation-des-cookies\/","title":{"rendered":"Utilisation des cookies"},"content":{"rendered":"\t\t<div data-elementor-type=\"wp-page\" data-elementor-id=\"6033\" class=\"elementor elementor-6033 elementor-2562\" data-elementor-post-type=\"page\">\n\t\t\t\t\t\t<section class=\"elementor-section elementor-top-section elementor-element elementor-element-1cb62905 elementor-section-height-min-height elementor-section-items-stretch elementor-section-boxed elementor-section-height-default\" data-id=\"1cb62905\" data-element_type=\"section\" data-e-type=\"section\" data-settings=\"{&quot;background_background&quot;:&quot;classic&quot;}\">\n\t\t\t\t\t\t<div class=\"elementor-container elementor-column-gap-default\">\n\t\t\t\t\t<div class=\"elementor-column elementor-col-50 elementor-top-column elementor-element elementor-element-5d19b59c\" data-id=\"5d19b59c\" data-element_type=\"column\" data-e-type=\"column\">\n\t\t\t<div class=\"elementor-widget-wrap elementor-element-populated\">\n\t\t\t\t\t\t<div class=\"elementor-element elementor-element-3278259a elementor-widget elementor-widget-heading\" data-id=\"3278259a\" data-element_type=\"widget\" data-e-type=\"widget\" data-widget_type=\"heading.default\">\n\t\t\t\t<div class=\"elementor-widget-container\">\n\t\t\t\t\t<h1 class=\"elementor-heading-title elementor-size-default\">Utilisation de <br> cookies<\/h1>\t\t\t\t<\/div>\n\t\t\t\t<\/div>\n\t\t\t\t\t<\/div>\n\t\t<\/div>\n\t\t\t\t<div class=\"elementor-column elementor-col-50 elementor-top-column elementor-element elementor-element-17979139\" data-id=\"17979139\" data-element_type=\"column\" data-e-type=\"column\">\n\t\t\t<div class=\"elementor-widget-wrap\">\n\t\t\t\t\t\t\t<\/div>\n\t\t<\/div>\n\t\t\t\t\t<\/div>\n\t\t<\/section>\n\t\t\t\t<section class=\"elementor-section elementor-top-section elementor-element elementor-element-126f27c6 elementor-section-boxed elementor-section-height-default elementor-section-height-default\" data-id=\"126f27c6\" data-element_type=\"section\" data-e-type=\"section\">\n\t\t\t\t\t\t<div class=\"elementor-container elementor-column-gap-default\">\n\t\t\t\t\t<div class=\"elementor-column elementor-col-100 elementor-top-column elementor-element elementor-element-77d142bd\" data-id=\"77d142bd\" data-element_type=\"column\" data-e-type=\"column\">\n\t\t\t<div class=\"elementor-widget-wrap elementor-element-populated\">\n\t\t\t\t\t\t<div class=\"elementor-element elementor-element-8e07679 elementor-widget elementor-widget-text-editor\" data-id=\"8e07679\" data-element_type=\"widget\" data-e-type=\"widget\" data-widget_type=\"text-editor.default\">\n\t\t\t\t<div class=\"elementor-widget-container\">\n\t\t\t\t\t\t\t\t\t<span style=\"font-weight: 400;\">ENGINYERIA I GESTI\u00d3 D&rsquo;ESPAIS INDUSTRIALS, SL <\/span><span style=\"font-weight: 400;\">\u00e0 travers de ce document, recueille sa Politique de collecte et de traitement des cookies, conform\u00e9ment aux dispositions de l&rsquo;article 22.2 de la loi 34\/2002, du 11 juillet, sur la soci\u00e9t\u00e9 et les services d&rsquo;information et de commerce \u00c9lectronique (LSSICE).<\/span>\r\n\r\n&nbsp;\r\n\r\n<span style=\"font-weight: 400;\">Les cookies sont stock\u00e9s sur le terminal de l&rsquo;utilisateur (ordinateur et appareil mobile) et collectent informations en visitant le site Web https:\/\/egein.com\/, afin d&rsquo;am\u00e9liorer l&rsquo;utilisation des m\u00eames les habitudes de navigation ou les besoins des utilisateurs pour pouvoir s&rsquo;adapter, ainsi que l&rsquo;obtention d&rsquo;informations \u00e0 des fins statistiques. Pour les utilisateurs existants clients de l&rsquo;entit\u00e9, les informations collect\u00e9es avec les cookies seront \u00e9galement utilis\u00e9es pour v\u00f4tre identification lors de l&rsquo;acc\u00e8s aux diff\u00e9rents outils que l&rsquo;entit\u00e9 met \u00e0 votre disposition pour la gestion de services<\/span>\r\n\r\n&nbsp;\r\n\r\n<span style=\"font-weight: 400;\">Cette politique de cookies s&rsquo;appliquera aux utilisateurs qui visitent volontairement les pages Web de l&rsquo;entit\u00e9, remplissent des formulaires de collecte de donn\u00e9es, acc\u00e8dent aux outils que l&rsquo;entit\u00e9 met \u00e0 la disposition de ses clients pour g\u00e9rer ses services ou utilisent tout autre service pr\u00e9sent sur le site Web qui implique la communication de donn\u00e9es \u00e0 l&rsquo;entit\u00e9, ou acc\u00e8s aux donn\u00e9es de l&rsquo;entit\u00e9, pour la fourniture de ses services.<\/span>\r\n\r\n&nbsp;\r\n\r\n<span style=\"font-weight: 400;\">L&rsquo;entit\u00e9 informe les utilisateurs de ses pages web de l&rsquo;existence de Cookies et met \u00e0 leur disposition la pr\u00e9sente Politique de Cookies afin de les informer de leur utilisation et de leur finalit\u00e9.<\/span>\r\n\r\n&nbsp;\r\n\r\n<span style=\"font-weight: 400;\">INGENIER\u00cdA Y GESTI\u00d3N DE ESPACIOS INDUSTRIALES, SL utilise les types de cookies suivants:<\/span>\r\n\r\n<span style=\"font-weight: 400;\">Class\u00e9 par propri\u00e9taire :<\/span>\r\n\r\n<span style=\"font-weight: 400;\">-Cookies propres : envoy\u00e9s et g\u00e9r\u00e9s directement par l&rsquo;entit\u00e9.<\/span>\r\n\r\n<span style=\"font-weight: 400;\">-Cookies tiers : envoy\u00e9s et g\u00e9r\u00e9s par un tiers ext\u00e9rieur \u00e0 l&rsquo;entit\u00e9 de mani\u00e8re anonyme, afin de r\u00e9aliser des \u00e9tudes statistiques de navigation pour les pages web de l&rsquo;entit\u00e9.<\/span>\r\n\r\n&nbsp;\r\n\r\n<span style=\"font-weight: 400;\">Class\u00e9s selon leur destination :<\/span>\r\n\r\n<span style=\"font-weight: 400;\">&#8211; Cookies techniques et\/ou de personnalisation : ils facilitent la navigation en identifiant la session, permettent l&rsquo;acc\u00e8s aux outils \u00e0 acc\u00e8s restreint, ainsi que la personnalisation des options disponibles.<\/span>\r\n\r\n<span style=\"font-weight: 400;\">Ils permettent la fourniture du service pr\u00e9alablement demand\u00e9 par l&rsquo;utilisateur.<\/span>\r\n\r\n<span style=\"font-weight: 400;\">-Cookies d&rsquo;analyse et\/ou publicitaires\u00a0: ils permettent de conna\u00eetre le nombre de visites re\u00e7ues dans les diff\u00e9rentes sections des pages Web, les habitudes et les tendances de ses utilisateurs et, par cons\u00e9quent, de pouvoir am\u00e9liorer la navigation et le service offert par les entit\u00e9s (essentiellement, Google Analytics), ainsi que g\u00e9rer les espaces publicitaires inclus dans le site Web visit\u00e9 par l&rsquo;utilisateur. Il collecte des donn\u00e9es de mani\u00e8re anonyme afin d&rsquo;obtenir des profils de navigation des utilisateurs.<\/span>\r\n\r\n&nbsp;\r\n\r\n<span style=\"font-weight: 400;\">Class\u00e9s par leur dur\u00e9e :<\/span>\r\n\r\n<span style=\"font-weight: 400;\">-Cookies de session : collectent et stockent des donn\u00e9es pendant que l&rsquo;utilisateur acc\u00e8de au site Web.<\/span>\r\n\r\n<span style=\"font-weight: 400;\">&#8211; Cookies persistants : ils collectent et stockent des donn\u00e9es dans le terminal de l&rsquo;utilisateur pendant une dur\u00e9e variable en fonction de la finalit\u00e9 pour laquelle ils ont \u00e9t\u00e9 utilis\u00e9s.<\/span>\r\n\r\n&nbsp;\r\n\r\n<span style=\"font-weight: 400;\">La dur\u00e9e de conservation des Cookies d\u00e9pendra du type en question et sera toujours le minimum n\u00e9cessaire pour remplir sa finalit\u00e9.<\/span>\r\n\r\n&nbsp;\r\n\r\n<span style=\"font-weight: 400;\">Dans tous les cas, les utilisateurs peuvent configurer leur navigateur de mani\u00e8re \u00e0 ce que la r\u00e9ception de tout ou partie des Cookies soit d\u00e9sactiv\u00e9e ou bloqu\u00e9e. Le fait de ne pas souhaiter recevoir ces Cookies ne constitue pas un obstacle \u00e0 l&rsquo;acc\u00e8s aux informations sur les sites internet de l&rsquo;entit\u00e9. Si, une fois le consentement \u00e0 la r\u00e9ception de Cookies accord\u00e9, s&rsquo;il souhaite le retirer, ceux stock\u00e9s sur l&rsquo;ordinateur de l&rsquo;utilisateur devront \u00eatre \u00e9limin\u00e9s, \u00e0 travers les options des diff\u00e9rents navigateurs.<\/span>\r\n\r\n&nbsp;\r\n\r\n<span style=\"font-weight: 400;\">La mani\u00e8re de configurer les diff\u00e9rents navigateurs pour effectuer les actions indiqu\u00e9es dans les paragraphes pr\u00e9c\u00e9dents peut \u00eatre consult\u00e9e sur :<\/span>\r\n\r\n<span style=\"font-weight: 400;\">*Explorer: <\/span><a href=\"http:\/\/windows.microsoft.com\/es-es\/windows7\/how-to-manage-cookies%20-in-internet-explorer-9\"><span style=\"font-weight: 400;\">http:\/\/windows.microsoft.com\/es-es\/windows7\/how-to-manage-cookies -in-internet-explorer-9<\/span><\/a><span style=\"font-weight: 400;\">\u00a0<\/span>\r\n\r\n<span style=\"font-weight: 400;\">*Chrome: <\/span><a href=\"https:\/\/support.google.com\/chrome\/answer\/95647?hl=es\"><span style=\"font-weight: 400;\">https:\/\/support.google.com\/chrome\/answer\/95647?hl=es<\/span><\/a><span style=\"font-weight: 400;\">\u00a0<\/span>\r\n\r\n<span style=\"font-weight: 400;\">*Firefox: http:\/\/support.mozilla.org\/es\/kb\/cookies-informacion-que-los-sitios-web-guardan-en-?redirectlocale=en-US&amp;redirectslug=Cookies\u00a0<\/span>\r\n\r\n&nbsp;\t\t\t\t\t\t\t\t<\/div>\n\t\t\t\t<\/div>\n\t\t\t\t<div class=\"elementor-element elementor-element-16cd6fd1 elementor-widget__width-auto elementor-absolute elementor-view-default elementor-widget elementor-widget-icon\" data-id=\"16cd6fd1\" data-element_type=\"widget\" data-e-type=\"widget\" data-settings=\"{&quot;_position&quot;:&quot;absolute&quot;}\" data-widget_type=\"icon.default\">\n\t\t\t\t<div class=\"elementor-widget-container\">\n\t\t\t\t\t\t\t<div class=\"elementor-icon-wrapper\">\n\t\t\t<div class=\"elementor-icon\">\n\t\t\t<svg xmlns=\"http:\/\/www.w3.org\/2000\/svg\" id=\"a72f1db4-4b9f-4cbc-ac4c-a54efeaf8336\" data-name=\"Layer 1\" width=\"100\" height=\"100\" viewBox=\"0 0 100 100\"><title>Shape<\/title><path id=\"aecdc5f9-a79f-465f-8b06-186d589ccd57\" data-name=\"Shape\" d=\"M0,100V0H50V50h50v50Z\" style=\"fill-rule:evenodd\"><\/path><\/svg>\t\t\t<\/div>\n\t\t<\/div>\n\t\t\t\t\t\t<\/div>\n\t\t\t\t<\/div>\n\t\t\t\t<div class=\"elementor-element elementor-element-3b611775 elementor-widget__width-auto elementor-absolute elementor-view-default elementor-widget elementor-widget-icon\" data-id=\"3b611775\" data-element_type=\"widget\" data-e-type=\"widget\" data-settings=\"{&quot;_position&quot;:&quot;absolute&quot;}\" data-widget_type=\"icon.default\">\n\t\t\t\t<div class=\"elementor-widget-container\">\n\t\t\t\t\t\t\t<div class=\"elementor-icon-wrapper\">\n\t\t\t<div class=\"elementor-icon\">\n\t\t\t<svg xmlns=\"http:\/\/www.w3.org\/2000\/svg\" id=\"a72f1db4-4b9f-4cbc-ac4c-a54efeaf8336\" data-name=\"Layer 1\" width=\"100\" height=\"100\" viewBox=\"0 0 100 100\"><title>Shape<\/title><path id=\"aecdc5f9-a79f-465f-8b06-186d589ccd57\" data-name=\"Shape\" d=\"M0,100V0H50V50h50v50Z\" style=\"fill-rule:evenodd\"><\/path><\/svg>\t\t\t<\/div>\n\t\t<\/div>\n\t\t\t\t\t\t<\/div>\n\t\t\t\t<\/div>\n\t\t\t\t\t<\/div>\n\t\t<\/div>\n\t\t\t\t\t<\/div>\n\t\t<\/section>\n\t\t\t\t<\/div>\n\t\t","protected":false},"excerpt":{"rendered":"<p>Utilisation de cookies ENGINYERIA I GESTI\u00d3 D&rsquo;ESPAIS INDUSTRIALS, SL \u00e0 travers de ce document, recueille sa Politique de collecte et de traitement des cookies, conform\u00e9ment aux dispositions de l&rsquo;article 22.2 de la loi 34\/2002, du 11 juillet, sur la soci\u00e9t\u00e9 et les services d&rsquo;information et de commerce \u00c9lectronique (LSSICE). &nbsp; Les cookies sont stock\u00e9s sur [&hellip;]<\/p>\n","protected":false},"author":1,"featured_media":0,"parent":0,"menu_order":0,"comment_status":"closed","ping_status":"closed","template":"","meta":{"footnotes":""},"class_list":["post-6033","page","type-page","status-publish","hentry"],"_links":{"self":[{"href":"https:\/\/egein.com\/fr\/wp-json\/wp\/v2\/pages\/6033","targetHints":{"allow":["GET"]}}],"collection":[{"href":"https:\/\/egein.com\/fr\/wp-json\/wp\/v2\/pages"}],"about":[{"href":"https:\/\/egein.com\/fr\/wp-json\/wp\/v2\/types\/page"}],"author":[{"embeddable":true,"href":"https:\/\/egein.com\/fr\/wp-json\/wp\/v2\/users\/1"}],"replies":[{"embeddable":true,"href":"https:\/\/egein.com\/fr\/wp-json\/wp\/v2\/comments?post=6033"}],"version-history":[{"count":0,"href":"https:\/\/egein.com\/fr\/wp-json\/wp\/v2\/pages\/6033\/revisions"}],"wp:attachment":[{"href":"https:\/\/egein.com\/fr\/wp-json\/wp\/v2\/media?parent=6033"}],"curies":[{"name":"wp","href":"https:\/\/api.w.org\/{rel}","templated":true}]}}