{"id":5875,"date":"2021-05-13T15:10:10","date_gmt":"2021-05-13T15:10:10","guid":{"rendered":"https:\/\/egein.com\/politique-et-informations-legales\/"},"modified":"2023-12-11T09:12:39","modified_gmt":"2023-12-11T08:12:39","slug":"politique-et-informations-legales","status":"publish","type":"page","link":"https:\/\/egein.com\/fr\/politique-et-informations-legales\/","title":{"rendered":"Avis juridique"},"content":{"rendered":"\t\t<div data-elementor-type=\"wp-page\" data-elementor-id=\"5875\" class=\"elementor elementor-5875 elementor-2556\" data-elementor-post-type=\"page\">\n\t\t\t\t\t\t<section class=\"elementor-section elementor-top-section elementor-element elementor-element-66eb0aa2 elementor-section-height-min-height elementor-section-items-stretch elementor-section-boxed elementor-section-height-default\" data-id=\"66eb0aa2\" data-element_type=\"section\" data-e-type=\"section\" data-settings=\"{&quot;background_background&quot;:&quot;classic&quot;}\">\n\t\t\t\t\t\t<div class=\"elementor-container elementor-column-gap-default\">\n\t\t\t\t\t<div class=\"elementor-column elementor-col-50 elementor-top-column elementor-element elementor-element-2fcb1002\" data-id=\"2fcb1002\" data-element_type=\"column\" data-e-type=\"column\">\n\t\t\t<div class=\"elementor-widget-wrap elementor-element-populated\">\n\t\t\t\t\t\t<div class=\"elementor-element elementor-element-31371114 elementor-widget elementor-widget-heading\" data-id=\"31371114\" data-element_type=\"widget\" data-e-type=\"widget\" data-widget_type=\"heading.default\">\n\t\t\t\t<div class=\"elementor-widget-container\">\n\t\t\t\t\t<h1 class=\"elementor-heading-title elementor-size-default\">Avis<br> juridique<\/h1>\t\t\t\t<\/div>\n\t\t\t\t<\/div>\n\t\t\t\t\t<\/div>\n\t\t<\/div>\n\t\t\t\t<div class=\"elementor-column elementor-col-50 elementor-top-column elementor-element elementor-element-6fba785b\" data-id=\"6fba785b\" data-element_type=\"column\" data-e-type=\"column\">\n\t\t\t<div class=\"elementor-widget-wrap\">\n\t\t\t\t\t\t\t<\/div>\n\t\t<\/div>\n\t\t\t\t\t<\/div>\n\t\t<\/section>\n\t\t\t\t<section class=\"elementor-section elementor-top-section elementor-element elementor-element-3782dda6 elementor-section-boxed elementor-section-height-default elementor-section-height-default\" data-id=\"3782dda6\" data-element_type=\"section\" data-e-type=\"section\">\n\t\t\t\t\t\t<div class=\"elementor-container elementor-column-gap-default\">\n\t\t\t\t\t<div class=\"elementor-column elementor-col-100 elementor-top-column elementor-element elementor-element-162faf3e\" data-id=\"162faf3e\" data-element_type=\"column\" data-e-type=\"column\">\n\t\t\t<div class=\"elementor-widget-wrap elementor-element-populated\">\n\t\t\t\t\t\t<div class=\"elementor-element elementor-element-4720be6 elementor-widget elementor-widget-text-editor\" data-id=\"4720be6\" data-element_type=\"widget\" data-e-type=\"widget\" data-widget_type=\"text-editor.default\">\n\t\t\t\t<div class=\"elementor-widget-container\">\n\t\t\t\t\t\t\t\t\t<p><span style=\"font-weight: 400;\">Conform\u00e9ment \u00e0 l&rsquo;article 10 de la loi 34\/2002, du 11 juillet, sur les services de la Soci\u00e9t\u00e9 des<\/span><\/p>\n<p><span style=\"font-weight: 400;\">Information et Commerce \u00c9lectronique (LSSICE) les donn\u00e9es d&rsquo;identification de l&rsquo;entit\u00e9 sont d\u00e9taill\u00e9es ci-dessous :<\/span><\/p>\n<p>&nbsp;<\/p>\n<p><b>EGEIN<\/b><\/p>\n<p><b>Raison sociale :<\/b><span style=\"font-weight: 400;\"> ENGINYERIA I GESTI\u00d3 D&rsquo;ESPAIS INDUSTRIALS, SL<\/span><\/p>\n<p><b>NIF :<\/b><span style=\"font-weight: 400;\"> B17493396<\/span><\/p>\n<p><b>Adresse :<\/b><span style=\"font-weight: 400;\"> C\/ Areny, 29 &#8211; 17460 &#8211; Celr\u00e0 \u2013 G\u00c9RONE<\/span><\/p>\n<p><b>T\u00e9l\u00e9phone :<\/b><span style=\"font-weight: 400;\"> 972494168<\/span><\/p>\n<p><b>Courriel :<\/b><span style=\"font-weight: 400;\"> info@egein.com<\/span><\/p>\n<p><span style=\"font-weight: 400;\">Registre du commerce de G\u00e9rone\u00a0: Volume 994, Folio 200, Feuille Gi-18227, Premier enregistrement 14\/11\/1996<\/span><\/p>\n<p>&nbsp;<\/p>\n<p><b>OBJET DU SITE WEB.<\/b><\/p>\n<p><span style=\"font-weight: 400;\">\u00a0L&rsquo;objectif principal de ce site Web est de faire conna\u00eetre les services offerts par ENGINYERIA I GESTI\u00d3 D&rsquo;ESPAIS INDUSTRIALS, SL, ainsi que de montrer \u00e0 ses utilisateurs les projets d\u00e9j\u00e0 r\u00e9alis\u00e9s.<\/span><\/p>\n<p><span style=\"font-weight: 400;\">\u00a0<\/span><\/p>\n<p><span style=\"font-weight: 400;\">Les pr\u00e9sentes mentions l\u00e9gales (ci-apr\u00e8s, \u00ab\u00a0Mentions l\u00e9gales\u00a0\u00bb) r\u00e9gissent l&rsquo;utilisation du site Web\u00a0: https:\/\/egein.com\/<\/span><\/p>\n<p><span style=\"font-weight: 400;\">\u00a0<\/span><\/p>\n<p><b>L\u00c9GISLATION.<\/b><\/p>\n<p><span style=\"font-weight: 400;\">En g\u00e9n\u00e9ral, les relations entre l&rsquo;entit\u00e9 et les utilisateurs de ses services t\u00e9l\u00e9matiques, pr\u00e9sents sur ce site, sont soumises \u00e0 la l\u00e9gislation et \u00e0 la juridiction Espagnole.<\/span><\/p>\n<p><span style=\"font-weight: 400;\">\u00a0<\/span><\/p>\n<p><b>UTILISATION ET ACC\u00c8S DES UTILISATEURS.<\/b><\/p>\n<p><span style=\"font-weight: 400;\">L&rsquo;utilisateur est inform\u00e9 et accepte que l&rsquo;acc\u00e8s \u00e0 ce site n&rsquo;implique en aucune mani\u00e8re le d\u00e9but d&rsquo;une relation commerciale avec ENGINYERIA I GESTI\u00d3 D&rsquo;ESPAIS INDUSTRIALS, SL EGEIN ou l&rsquo;une de ses d\u00e9l\u00e9gations.<\/span><\/p>\n<p><span style=\"font-weight: 400;\">\u00a0<\/span><\/p>\n<p><b>PROPRI\u00c9T\u00c9 INTELLECTUELLE ET INDUSTRIELLE.<\/b><\/p>\n<p><span style=\"font-weight: 400;\">Les droits de propri\u00e9t\u00e9 intellectuelle du contenu des pages Web, leur conception graphique et leurs codes appartiennent \u00e0 ENGINYERIA I GESTI\u00d3 D&rsquo;ESPAIS INDUSTRIALS, SL EGEIN et, par cons\u00e9quent, leur reproduction, distribution, communication publique, transformation ou toute autre activit\u00e9 pouvant \u00eatre effectu\u00e9 avec le contenu de ses pages Web ou en citant les sources, sauf avec le consentement \u00e9crit de ENGINYERIA I GESTI\u00d3 D&rsquo;ESPAIS INDUSTRIALS, SL EGEIN<\/span><\/p>\n<p><span style=\"font-weight: 400;\">\u00a0<\/span><\/p>\n<p><b>CONTENU DU WEB ET DES LIENS (LINKS).<\/b><\/p>\n<p><span style=\"font-weight: 400;\">ENGINYERIA I GESTI\u00d3 D&rsquo;ESPAIS INDUSTRIALS, SL EGEIN se r\u00e9serve le droit de mettre \u00e0 jour, de modifier ou de supprimer les informations contenues dans ses pages Web et peut m\u00eame limiter ou refuser l&rsquo;acc\u00e8s \u00e0 ces informations \u00e0 certains utilisateurs.<\/span><\/p>\n<p><span style=\"font-weight: 400;\">\u00a0<\/span><\/p>\n<p><span style=\"font-weight: 400;\">ENGINYERIA I GESTI\u00d3 D&rsquo;ESPAIS INDUSTRIALS, SL EGEIN n&rsquo;assume aucune responsabilit\u00e9 pour les informations contenues dans les pages Web de tiers accessibles via des \u00ab\u00a0liens\u00a0\u00bb ou des liens \u00e0 partir de toute page Web appartenant \u00e0 ENGINYERIA I GESTI\u00d3 D&rsquo;ESPAIS INDUSTRIALS, SL EGEIN. La pr\u00e9sence de \u00ab\u00a0liens\u00a0\u00bb ou de liens vers les pages Web d\u2019ENGINYERIA I GESTI\u00d3 D&rsquo;ESPAIS INDUSTRIALS, SL EGEIN, est uniquement \u00e0 des fins d&rsquo;information et n&rsquo;implique en aucun cas une suggestion, une invitation ou une recommandation \u00e0 leur sujet.<\/span><\/p>\n<p><span style=\"font-weight: 400;\">_____________________________<\/span><\/p>\n<p><span style=\"font-weight: 400;\">Autres informations \u00e0 inclure sur le web en fonction du service ou du produit propos\u00e9 par l&rsquo;entreprise :<\/span><\/p>\n<p><span style=\"font-weight: 400;\">\u00a0&#8211; Codes de conduite auxquels ils adh\u00e8rent.<\/span><\/p>\n<p><span style=\"font-weight: 400;\">\u00a0&#8211; Donn\u00e9es relatives \u00e0 l&rsquo;autorisation administrative n\u00e9cessaire \u00e0 l&rsquo;exercice de l&rsquo;activit\u00e9.<\/span><\/p>\n<p><span style=\"font-weight: 400;\">\u00a0&#8211; D\u00e9tails des dipl\u00f4mes acad\u00e9miques des professionnels qui exercent une activit\u00e9 r\u00e9glement\u00e9e.<\/span><\/p>\n<p><span style=\"font-weight: 400;\">\u00a0&#8211; Informations compl\u00e9mentaires lorsque le service est accessible via un num\u00e9ro de t\u00e9l\u00e9phone surtax\u00e9.<\/span><\/p>\n<p><span style=\"font-weight: 400;\">\u00a0&#8211; Si vous concluez \u00e9galement des contrats en ligne, vous devez ajouter les informations suivantes avant le processus de contractualisation\u00a0:<\/span><\/p>\n<p><span style=\"font-weight: 400;\">\u00a0* Proc\u00e9dures \u00e0 suivre pour contracter en ligne.<\/span><\/p>\n<p><span style=\"font-weight: 400;\">\u00a0* Si le document \u00e9lectronique du contrat sera archiv\u00e9 et s&rsquo;il sera accessible.<\/span><\/p>\n<p><span style=\"font-weight: 400;\">\u00a0* Moyens techniques pour identifier et corriger les erreurs de saisies des donn\u00e9es.<\/span><\/p>\n<p><span style=\"font-weight: 400;\">\u00a0* Langue ou langues dans lesquelles le contrat peut \u00eatre r\u00e9dig\u00e9.<\/span><\/p>\n<p><span style=\"font-weight: 400;\">\u00a0* Conditions g\u00e9n\u00e9rales auxquelles, le cas \u00e9ch\u00e9ant, le contrat est soumis.<\/span><\/p>\n<p><span style=\"font-weight: 400;\">\u00a0* Confirmer la conclusion du contrat par voie \u00e9lectronique, en envoyant un accus\u00e9 de r\u00e9ception de la commande r\u00e9alis\u00e9e.<\/span><\/p>\n\t\t\t\t\t\t\t\t<\/div>\n\t\t\t\t<\/div>\n\t\t\t\t<div class=\"elementor-element elementor-element-f18c42d elementor-widget__width-auto elementor-absolute elementor-view-default elementor-widget elementor-widget-icon\" data-id=\"f18c42d\" data-element_type=\"widget\" data-e-type=\"widget\" data-settings=\"{&quot;_position&quot;:&quot;absolute&quot;}\" data-widget_type=\"icon.default\">\n\t\t\t\t<div class=\"elementor-widget-container\">\n\t\t\t\t\t\t\t<div class=\"elementor-icon-wrapper\">\n\t\t\t<div class=\"elementor-icon\">\n\t\t\t<svg xmlns=\"http:\/\/www.w3.org\/2000\/svg\" id=\"a72f1db4-4b9f-4cbc-ac4c-a54efeaf8336\" data-name=\"Layer 1\" width=\"100\" height=\"100\" viewBox=\"0 0 100 100\"><title>Shape<\/title><path id=\"aecdc5f9-a79f-465f-8b06-186d589ccd57\" data-name=\"Shape\" d=\"M0,100V0H50V50h50v50Z\" style=\"fill-rule:evenodd\"><\/path><\/svg>\t\t\t<\/div>\n\t\t<\/div>\n\t\t\t\t\t\t<\/div>\n\t\t\t\t<\/div>\n\t\t\t\t<div class=\"elementor-element elementor-element-418a84a0 elementor-widget__width-auto elementor-absolute elementor-view-default elementor-widget elementor-widget-icon\" data-id=\"418a84a0\" data-element_type=\"widget\" data-e-type=\"widget\" data-settings=\"{&quot;_position&quot;:&quot;absolute&quot;}\" data-widget_type=\"icon.default\">\n\t\t\t\t<div class=\"elementor-widget-container\">\n\t\t\t\t\t\t\t<div class=\"elementor-icon-wrapper\">\n\t\t\t<div class=\"elementor-icon\">\n\t\t\t<svg xmlns=\"http:\/\/www.w3.org\/2000\/svg\" id=\"a72f1db4-4b9f-4cbc-ac4c-a54efeaf8336\" data-name=\"Layer 1\" width=\"100\" height=\"100\" viewBox=\"0 0 100 100\"><title>Shape<\/title><path id=\"aecdc5f9-a79f-465f-8b06-186d589ccd57\" data-name=\"Shape\" d=\"M0,100V0H50V50h50v50Z\" style=\"fill-rule:evenodd\"><\/path><\/svg>\t\t\t<\/div>\n\t\t<\/div>\n\t\t\t\t\t\t<\/div>\n\t\t\t\t<\/div>\n\t\t\t\t\t<\/div>\n\t\t<\/div>\n\t\t\t\t\t<\/div>\n\t\t<\/section>\n\t\t\t\t<\/div>\n\t\t","protected":false},"excerpt":{"rendered":"<p>Avis juridique Conform\u00e9ment \u00e0 l&rsquo;article 10 de la loi 34\/2002, du 11 juillet, sur les services de la Soci\u00e9t\u00e9 des Information et Commerce \u00c9lectronique (LSSICE) les donn\u00e9es d&rsquo;identification de l&rsquo;entit\u00e9 sont d\u00e9taill\u00e9es ci-dessous : &nbsp; EGEIN Raison sociale : ENGINYERIA I GESTI\u00d3 D&rsquo;ESPAIS INDUSTRIALS, SL NIF : B17493396 Adresse : C\/ Areny, 29 &#8211; 17460 [&hellip;]<\/p>\n","protected":false},"author":1,"featured_media":0,"parent":0,"menu_order":0,"comment_status":"closed","ping_status":"closed","template":"","meta":{"footnotes":""},"class_list":["post-5875","page","type-page","status-publish","hentry"],"_links":{"self":[{"href":"https:\/\/egein.com\/fr\/wp-json\/wp\/v2\/pages\/5875","targetHints":{"allow":["GET"]}}],"collection":[{"href":"https:\/\/egein.com\/fr\/wp-json\/wp\/v2\/pages"}],"about":[{"href":"https:\/\/egein.com\/fr\/wp-json\/wp\/v2\/types\/page"}],"author":[{"embeddable":true,"href":"https:\/\/egein.com\/fr\/wp-json\/wp\/v2\/users\/1"}],"replies":[{"embeddable":true,"href":"https:\/\/egein.com\/fr\/wp-json\/wp\/v2\/comments?post=5875"}],"version-history":[{"count":0,"href":"https:\/\/egein.com\/fr\/wp-json\/wp\/v2\/pages\/5875\/revisions"}],"wp:attachment":[{"href":"https:\/\/egein.com\/fr\/wp-json\/wp\/v2\/media?parent=5875"}],"curies":[{"name":"wp","href":"https:\/\/api.w.org\/{rel}","templated":true}]}}