{"id":11797,"date":"2023-03-09T10:00:34","date_gmt":"2023-03-09T10:00:34","guid":{"rendered":"https:\/\/egein.com\/egein-entame-les-travaux-dextension-damnesia-au-cap-dagle-construction-de-haute-qualite-et-durabilite-environnementale\/"},"modified":"2023-03-13T11:35:52","modified_gmt":"2023-03-13T11:35:52","slug":"egein-entame-les-travaux-dextension-damnesia-au-cap-dagle-construction-de-haute-qualite-et-durabilite-environnementale","status":"publish","type":"page","link":"https:\/\/egein.com\/fr\/egein-entame-les-travaux-dextension-damnesia-au-cap-dagle-construction-de-haute-qualite-et-durabilite-environnementale\/","title":{"rendered":"EGEIN entame les travaux d&rsquo;extension d&rsquo;Amnesia au Cap d&rsquo;Agle : construction de haute qualit\u00e9 et durabilit\u00e9 environnementale."},"content":{"rendered":"\t\t<div data-elementor-type=\"wp-page\" data-elementor-id=\"11797\" class=\"elementor elementor-11797\" data-elementor-post-type=\"page\">\n\t\t\t\t\t\t<section class=\"elementor-section elementor-top-section elementor-element elementor-element-4e181228 elementor-section-height-min-height elementor-section-items-stretch elementor-section-boxed elementor-section-height-default\" data-id=\"4e181228\" data-element_type=\"section\" data-e-type=\"section\" data-settings=\"{&quot;background_background&quot;:&quot;classic&quot;,&quot;background_motion_fx_motion_fx_scrolling&quot;:&quot;yes&quot;,&quot;background_motion_fx_translateX_effect&quot;:&quot;yes&quot;,&quot;background_motion_fx_translateX_speed&quot;:{&quot;unit&quot;:&quot;px&quot;,&quot;size&quot;:4,&quot;sizes&quot;:[]},&quot;background_motion_fx_translateX_affectedRange&quot;:{&quot;unit&quot;:&quot;%&quot;,&quot;size&quot;:&quot;&quot;,&quot;sizes&quot;:{&quot;start&quot;:0,&quot;end&quot;:100}},&quot;background_motion_fx_devices&quot;:[&quot;desktop&quot;,&quot;tablet&quot;,&quot;mobile&quot;]}\">\n\t\t\t\t\t\t<div class=\"elementor-container elementor-column-gap-default\">\n\t\t\t\t\t<div class=\"elementor-column elementor-col-100 elementor-top-column elementor-element elementor-element-2513f7c4\" data-id=\"2513f7c4\" data-element_type=\"column\" data-e-type=\"column\">\n\t\t\t<div class=\"elementor-widget-wrap\">\n\t\t\t\t\t\t\t<\/div>\n\t\t<\/div>\n\t\t\t\t\t<\/div>\n\t\t<\/section>\n\t\t\t\t<section class=\"elementor-section elementor-top-section elementor-element elementor-element-73b9fe68 elementor-section-boxed elementor-section-height-default elementor-section-height-default\" data-id=\"73b9fe68\" data-element_type=\"section\" data-e-type=\"section\">\n\t\t\t\t\t\t<div class=\"elementor-container elementor-column-gap-default\">\n\t\t\t\t\t<div class=\"elementor-column elementor-col-100 elementor-top-column elementor-element elementor-element-1afa6470\" data-id=\"1afa6470\" data-element_type=\"column\" data-e-type=\"column\">\n\t\t\t<div class=\"elementor-widget-wrap elementor-element-populated\">\n\t\t\t\t\t\t<section class=\"elementor-section elementor-inner-section elementor-element elementor-element-3277aae4 elementor-section-boxed elementor-section-height-default elementor-section-height-default\" data-id=\"3277aae4\" data-element_type=\"section\" data-e-type=\"section\">\n\t\t\t\t\t\t<div class=\"elementor-container elementor-column-gap-default\">\n\t\t\t\t\t<div class=\"elementor-column elementor-col-100 elementor-inner-column elementor-element elementor-element-219a0693\" data-id=\"219a0693\" data-element_type=\"column\" data-e-type=\"column\">\n\t\t\t<div class=\"elementor-widget-wrap elementor-element-populated\">\n\t\t\t\t\t\t<div class=\"elementor-element elementor-element-a4e7fef elementor-widget elementor-widget-heading\" data-id=\"a4e7fef\" data-element_type=\"widget\" data-e-type=\"widget\" data-widget_type=\"heading.default\">\n\t\t\t\t<div class=\"elementor-widget-container\">\n\t\t\t\t\t<h1 class=\"elementor-heading-title elementor-size-default\">EGEIN entame les travaux d&rsquo;extension d&rsquo;Amnesia au Cap d&rsquo;Agle : construction de haute qualit\u00e9 et durabilit\u00e9 environnementale.<\/h1>\t\t\t\t<\/div>\n\t\t\t\t<\/div>\n\t\t\t\t<div class=\"elementor-element elementor-element-4715408d elementor-tablet-align-center elementor-widget elementor-widget-post-info\" data-id=\"4715408d\" data-element_type=\"widget\" data-e-type=\"widget\" data-widget_type=\"post-info.default\">\n\t\t\t\t<div class=\"elementor-widget-container\">\n\t\t\t\t\t\t\t<ul class=\"elementor-inline-items elementor-icon-list-items elementor-post-info\">\n\t\t\t\t\t\t\t\t<li class=\"elementor-icon-list-item elementor-repeater-item-07d5219 elementor-inline-item\" itemprop=\"datePublished\">\n\t\t\t\t\t\t<a href=\"https:\/\/egein.com\/fr\/2023\/03\/09\/\">\n\t\t\t\t\t\t\t\t\t\t\t<span class=\"elementor-icon-list-icon\">\n\t\t\t\t\t\t\t\t<i aria-hidden=\"true\" class=\"fas fa-calendar\"><\/i>\t\t\t\t\t\t\t<\/span>\n\t\t\t\t\t\t\t\t\t<span class=\"elementor-icon-list-text elementor-post-info__item elementor-post-info__item--type-date\">\n\t\t\t\t\t\t\t\t\t\t<time>mars 9, 2023<\/time>\t\t\t\t\t<\/span>\n\t\t\t\t\t\t\t\t\t<\/a>\n\t\t\t\t<\/li>\n\t\t\t\t<\/ul>\n\t\t\t\t\t\t<\/div>\n\t\t\t\t<\/div>\n\t\t\t\t\t<\/div>\n\t\t<\/div>\n\t\t\t\t\t<\/div>\n\t\t<\/section>\n\t\t\t\t<section class=\"elementor-section elementor-inner-section elementor-element elementor-element-6983eb79 elementor-section-boxed elementor-section-height-default elementor-section-height-default\" data-id=\"6983eb79\" data-element_type=\"section\" data-e-type=\"section\">\n\t\t\t\t\t\t<div class=\"elementor-container elementor-column-gap-default\">\n\t\t\t\t\t<div class=\"elementor-column elementor-col-100 elementor-inner-column elementor-element elementor-element-3de1cb\" data-id=\"3de1cb\" data-element_type=\"column\" data-e-type=\"column\">\n\t\t\t<div class=\"elementor-widget-wrap elementor-element-populated\">\n\t\t\t\t\t\t<div class=\"elementor-element elementor-element-53804ae0 elementor-widget elementor-widget-text-editor\" data-id=\"53804ae0\" data-element_type=\"widget\" data-e-type=\"widget\" data-widget_type=\"text-editor.default\">\n\t\t\t\t<div class=\"elementor-widget-container\">\n\t\t\t\t\t\t\t\t\t<pre id=\"tw-target-text\" class=\"tw-data-text tw-text-large tw-ta\" dir=\"ltr\" data-placeholder=\"Traducci\u00f3n\"><span class=\"Y2IQFc\" lang=\"fr\">EGEIN d\u00e9marre les travaux d'agrandissement d'Amnesia au Cap d'Agle : construction utilisant des #solutionstechniques de haute qualit\u00e9 et une durabilit\u00e9 environnementale.\r\n\r\nNous avons le plaisir de vous annoncer que nous allons bient\u00f4t d\u00e9marrer les travaux d'agrandissement d'Amnesia au Cap d'Agle (France). Ce projet sera une \u00e9tape importante dans l'histoire du club, consid\u00e9r\u00e9 01 MEILLEUR CLUB MONDE, MEILLEUR CLUB FRANCE &amp; 21 MEILLEUR CLUB MONDE.\r\n\r\nEn tant que sp\u00e9cialistes de l'ing\u00e9nierie et de la construction de b\u00e2timents industriels et de b\u00e2timents tertiaires, chez EGEIN nous sommes fiers de proposer des solutions innovantes et comp\u00e9titives en termes de co\u00fbts et de d\u00e9lais, aidant nos clients \u00e0 grandir et \u00e0 s'am\u00e9liorer. L'expansion d'Amnesia sera un projet technique stimulant dans une zone portuaire avec une longue histoire de tourisme, englobant la construction d'une extension \u00e0 plusieurs \u00e9tages sur 3 niveaux \u00e0 usage priv\u00e9 et public.\r\n\r\nNos \u00e9quipes d'ing\u00e9nierie et de bureau technique ont \u00e9t\u00e9 charg\u00e9es du d\u00e9veloppement technique et de la planification du projet, et bient\u00f4t nous commencerons l'ex\u00e9cution int\u00e9grale avec l'implication maximale de nos \u00e9quipes de travail, agissant comme le seul interlocuteur pour notre client, et assurant \u00e0 tous fois la qualit\u00e9 et la s\u00e9curit\u00e9 maximales dans le nouveau b\u00e2timent.\r\n\r\nNous nous effor\u00e7ons d'int\u00e9grer des pratiques durables dans nos op\u00e9rations de construction. Dans le cadre de notre engagement envers le d\u00e9veloppement durable, nous avons mis en place des politiques et des strat\u00e9gies sp\u00e9cifiques pour minimiser l'impact environnemental et social de nos activit\u00e9s.\r\n\r\nNous travaillons pour respecter les d\u00e9lais \u00e9tablis et livrer un projet de haute qualit\u00e9 qui r\u00e9pond aux attentes de notre client et de la communaut\u00e9. Nous cherchons \u00e0 maintenir une communication transparente et ouverte tout au long du processus pour assurer la satisfaction de toutes les personnes impliqu\u00e9es.\r\n\r\nNous nous engageons \u00e0 tenir tous nos abonn\u00e9s et collaborateurs inform\u00e9s de l'avancement de ce projet dans les mois \u00e0 venir. Il nous fait plaisir de partager les d\u00e9tails de notre travail et les r\u00e9sultats de notre engagement envers l'excellence en construction.<\/span><\/pre>\n\t\t\t\t\t\t\t\t<\/div>\n\t\t\t\t<\/div>\n\t\t\t\t<div class=\"elementor-element elementor-element-13f44922 elementor-invisible elementor-widget elementor-widget-image\" data-id=\"13f44922\" data-element_type=\"widget\" data-e-type=\"widget\" data-settings=\"{&quot;_animation&quot;:&quot;fadeIn&quot;}\" data-widget_type=\"image.default\">\n\t\t\t\t<div class=\"elementor-widget-container\">\n\t\t\t\t\t\t\t\t\t\t\t\t\t\t\t<img fetchpriority=\"high\" decoding=\"async\" width=\"512\" height=\"288\" src=\"https:\/\/egein.com\/wp-content\/uploads\/2023\/03\/Amnesia.jpg\" class=\"attachment-large size-large wp-image-11787\" alt=\"\" srcset=\"https:\/\/egein.com\/wp-content\/uploads\/2023\/03\/Amnesia.jpg 512w, https:\/\/egein.com\/wp-content\/uploads\/2023\/03\/Amnesia-300x169.jpg 300w\" sizes=\"(max-width: 512px) 100vw, 512px\" \/>\t\t\t\t\t\t\t\t\t\t\t\t\t\t\t<\/div>\n\t\t\t\t<\/div>\n\t\t\t\t<div class=\"elementor-element elementor-element-1461670c elementor-widget elementor-widget-heading\" data-id=\"1461670c\" data-element_type=\"widget\" data-e-type=\"widget\" data-widget_type=\"heading.default\">\n\t\t\t\t<div class=\"elementor-widget-container\">\n\t\t\t\t\t<p class=\"elementor-heading-title elementor-size-default\">Partager<\/p>\t\t\t\t<\/div>\n\t\t\t\t<\/div>\n\t\t\t\t<div class=\"elementor-element elementor-element-7030921a elementor-share-buttons--view-icon elementor-share-buttons--skin-minimal elementor-share-buttons--color-custom elementor-share-buttons--shape-square elementor-grid-0 elementor-widget elementor-widget-share-buttons\" data-id=\"7030921a\" data-element_type=\"widget\" data-e-type=\"widget\" data-widget_type=\"share-buttons.default\">\n\t\t\t\t<div class=\"elementor-widget-container\">\n\t\t\t\t\t\t\t<div class=\"elementor-grid\" role=\"list\">\n\t\t\t\t\t\t\t\t<div class=\"elementor-grid-item\" role=\"listitem\">\n\t\t\t\t\t\t<div class=\"elementor-share-btn elementor-share-btn_facebook\" role=\"button\" tabindex=\"0\" aria-label=\"Partager sur facebook\">\n\t\t\t\t\t\t\t\t\t\t\t\t\t\t\t<span class=\"elementor-share-btn__icon\">\n\t\t\t\t\t\t\t\t<i class=\"fab fa-facebook\" aria-hidden=\"true\"><\/i>\t\t\t\t\t\t\t<\/span>\n\t\t\t\t\t\t\t\t\t\t\t\t\t\t\t\t\t\t\t\t<\/div>\n\t\t\t\t\t<\/div>\n\t\t\t\t\t\t\t\t\t<div class=\"elementor-grid-item\" role=\"listitem\">\n\t\t\t\t\t\t<div class=\"elementor-share-btn elementor-share-btn_linkedin\" role=\"button\" tabindex=\"0\" aria-label=\"Partager sur linkedin\">\n\t\t\t\t\t\t\t\t\t\t\t\t\t\t\t<span class=\"elementor-share-btn__icon\">\n\t\t\t\t\t\t\t\t<i class=\"fab fa-linkedin\" aria-hidden=\"true\"><\/i>\t\t\t\t\t\t\t<\/span>\n\t\t\t\t\t\t\t\t\t\t\t\t\t\t\t\t\t\t\t\t<\/div>\n\t\t\t\t\t<\/div>\n\t\t\t\t\t\t\t\t\t<div class=\"elementor-grid-item\" role=\"listitem\">\n\t\t\t\t\t\t<div class=\"elementor-share-btn elementor-share-btn_twitter\" role=\"button\" tabindex=\"0\" aria-label=\"Partager sur twitter\">\n\t\t\t\t\t\t\t\t\t\t\t\t\t\t\t<span class=\"elementor-share-btn__icon\">\n\t\t\t\t\t\t\t\t<i class=\"fab fa-twitter\" aria-hidden=\"true\"><\/i>\t\t\t\t\t\t\t<\/span>\n\t\t\t\t\t\t\t\t\t\t\t\t\t\t\t\t\t\t\t\t<\/div>\n\t\t\t\t\t<\/div>\n\t\t\t\t\t\t\t\t\t<div class=\"elementor-grid-item\" role=\"listitem\">\n\t\t\t\t\t\t<div class=\"elementor-share-btn elementor-share-btn_email\" role=\"button\" tabindex=\"0\" aria-label=\"Partager sur email\">\n\t\t\t\t\t\t\t\t\t\t\t\t\t\t\t<span class=\"elementor-share-btn__icon\">\n\t\t\t\t\t\t\t\t<i class=\"fas fa-envelope\" aria-hidden=\"true\"><\/i>\t\t\t\t\t\t\t<\/span>\n\t\t\t\t\t\t\t\t\t\t\t\t\t\t\t\t\t\t\t\t<\/div>\n\t\t\t\t\t<\/div>\n\t\t\t\t\t\t<\/div>\n\t\t\t\t\t\t<\/div>\n\t\t\t\t<\/div>\n\t\t\t\t<div class=\"elementor-element elementor-element-c65cc86 elementor-widget elementor-widget-post-navigation\" data-id=\"c65cc86\" data-element_type=\"widget\" data-e-type=\"widget\" data-widget_type=\"post-navigation.default\">\n\t\t\t\t<div class=\"elementor-widget-container\">\n\t\t\t\t\t\t\t<div class=\"elementor-post-navigation\" role=\"navigation\" aria-label=\"Navigation de publication\">\n\t\t\t<div class=\"elementor-post-navigation__prev elementor-post-navigation__link\">\n\t\t\t\t<a href=\"https:\/\/egein.com\/fr\/equipe\/\" rel=\"prev\"><span class=\"post-navigation__arrow-wrapper post-navigation__arrow-prev\"><i aria-hidden=\"true\" class=\"fas fa-angle-left\"><\/i><span class=\"elementor-screen-only\">Pr\u00e9c\u00e9dent<\/span><\/span><span class=\"elementor-post-navigation__link__prev\"><span class=\"post-navigation__prev--label\">< Pr\u00e9c\u00e9dent<\/span><span class=\"post-navigation__prev--title\">\u00c9quipe<\/span><\/span><\/a>\t\t\t<\/div>\n\t\t\t\t\t\t<div class=\"elementor-post-navigation__next elementor-post-navigation__link\">\n\t\t\t\t<a href=\"https:\/\/egein.com\/fr\/en-2023-le-besoin-et-la-demande-despaces-logistiques-continuent-de-croitre-dans-les-principaux-axes-de-communication-comme-le-montre-letude-ci-jointe\/\" rel=\"next\"><span class=\"elementor-post-navigation__link__next\"><span class=\"post-navigation__next--label\">Suivant ><\/span><span class=\"post-navigation__next--title\">En 2023, le besoin et la demande d&rsquo;espaces logistiques continuent de cro\u00eetre dans les principaux axes de communication, comme le montre l&rsquo;\u00e9tude ci-jointe.<\/span><\/span><span class=\"post-navigation__arrow-wrapper post-navigation__arrow-next\"><i aria-hidden=\"true\" class=\"fas fa-angle-right\"><\/i><span class=\"elementor-screen-only\">Suivant<\/span><\/span><\/a>\t\t\t<\/div>\n\t\t<\/div>\n\t\t\t\t\t\t<\/div>\n\t\t\t\t<\/div>\n\t\t\t\t\t<\/div>\n\t\t<\/div>\n\t\t\t\t\t<\/div>\n\t\t<\/section>\n\t\t\t\t\t<\/div>\n\t\t<\/div>\n\t\t\t\t\t<\/div>\n\t\t<\/section>\n\t\t\t\t<section class=\"elementor-section elementor-top-section elementor-element elementor-element-1bc38dd9 elementor-section-boxed elementor-section-height-default elementor-section-height-default\" data-id=\"1bc38dd9\" data-element_type=\"section\" data-e-type=\"section\">\n\t\t\t\t\t\t<div class=\"elementor-container elementor-column-gap-default\">\n\t\t\t\t\t<div class=\"elementor-column elementor-col-100 elementor-top-column elementor-element elementor-element-3c4a31c3\" data-id=\"3c4a31c3\" data-element_type=\"column\" data-e-type=\"column\">\n\t\t\t<div class=\"elementor-widget-wrap elementor-element-populated\">\n\t\t\t\t\t\t<div class=\"elementor-element elementor-element-320aa5c7 elementor-widget__width-auto elementor-absolute elementor-widget-mobile__width-initial elementor-view-default elementor-widget elementor-widget-icon\" data-id=\"320aa5c7\" data-element_type=\"widget\" data-e-type=\"widget\" data-settings=\"{&quot;_position&quot;:&quot;absolute&quot;}\" data-widget_type=\"icon.default\">\n\t\t\t\t<div class=\"elementor-widget-container\">\n\t\t\t\t\t\t\t<div class=\"elementor-icon-wrapper\">\n\t\t\t<div class=\"elementor-icon\">\n\t\t\t<svg xmlns=\"http:\/\/www.w3.org\/2000\/svg\" id=\"a72f1db4-4b9f-4cbc-ac4c-a54efeaf8336\" data-name=\"Layer 1\" width=\"100\" height=\"100\" viewBox=\"0 0 100 100\"><title>Shape<\/title><path id=\"aecdc5f9-a79f-465f-8b06-186d589ccd57\" data-name=\"Shape\" d=\"M0,100V0H50V50h50v50Z\" style=\"fill-rule:evenodd\"><\/path><\/svg>\t\t\t<\/div>\n\t\t<\/div>\n\t\t\t\t\t\t<\/div>\n\t\t\t\t<\/div>\n\t\t\t\t<section class=\"elementor-section elementor-inner-section elementor-element elementor-element-269867b5 elementor-section-boxed elementor-section-height-default elementor-section-height-default\" data-id=\"269867b5\" data-element_type=\"section\" data-e-type=\"section\">\n\t\t\t\t\t\t<div class=\"elementor-container elementor-column-gap-default\">\n\t\t\t\t\t<div class=\"elementor-column elementor-col-50 elementor-inner-column elementor-element elementor-element-1e9944c6\" data-id=\"1e9944c6\" data-element_type=\"column\" data-e-type=\"column\">\n\t\t\t<div class=\"elementor-widget-wrap elementor-element-populated\">\n\t\t\t\t\t\t<div class=\"elementor-element elementor-element-714006f7 elementor-widget elementor-widget-heading\" data-id=\"714006f7\" data-element_type=\"widget\" data-e-type=\"widget\" data-widget_type=\"heading.default\">\n\t\t\t\t<div class=\"elementor-widget-container\">\n\t\t\t\t\t<p class=\"elementor-heading-title elementor-size-default\">Nos projets<\/p>\t\t\t\t<\/div>\n\t\t\t\t<\/div>\n\t\t\t\t<div class=\"elementor-element elementor-element-7715fddd elementor-widget elementor-widget-heading\" data-id=\"7715fddd\" data-element_type=\"widget\" data-e-type=\"widget\" data-widget_type=\"heading.default\">\n\t\t\t\t<div class=\"elementor-widget-container\">\n\t\t\t\t\t<h2 class=\"elementor-heading-title elementor-size-default\">Explorez la galerie de nos r\u00e9alisations<\/h2>\t\t\t\t<\/div>\n\t\t\t\t<\/div>\n\t\t\t\t\t<\/div>\n\t\t<\/div>\n\t\t\t\t<div class=\"elementor-column elementor-col-50 elementor-inner-column elementor-element elementor-element-6f5c58b8\" data-id=\"6f5c58b8\" data-element_type=\"column\" data-e-type=\"column\">\n\t\t\t<div class=\"elementor-widget-wrap elementor-element-populated\">\n\t\t\t\t\t\t<div class=\"elementor-element elementor-element-2f0b4adb elementor-widget elementor-widget-text-editor\" data-id=\"2f0b4adb\" data-element_type=\"widget\" data-e-type=\"widget\" data-widget_type=\"text-editor.default\">\n\t\t\t\t<div class=\"elementor-widget-container\">\n\t\t\t\t\t\t\t\t\t<pre id=\"tw-target-text\" class=\"tw-data-text tw-text-large tw-ta\" dir=\"ltr\" data-placeholder=\"Traducci\u00f3n\"><span class=\"Y2IQFc\" lang=\"fr\">Nous accompagnons nos clients depuis plus de 45 ans dans le d\u00e9veloppement du projet jusqu'au d\u00e9marrage des installations avec le s\u00e9rieux, l'engagement et le professionnalisme qui nous caract\u00e9risent.<\/span><\/pre>\n\t\t\t\t\t\t\t\t<\/div>\n\t\t\t\t<\/div>\n\t\t\t\t\t<\/div>\n\t\t<\/div>\n\t\t\t\t\t<\/div>\n\t\t<\/section>\n\t\t\t\t<div class=\"elementor-element elementor-element-1367d81a elementor-align-center elementor-widget elementor-widget-button\" data-id=\"1367d81a\" data-element_type=\"widget\" data-e-type=\"widget\" data-widget_type=\"button.default\">\n\t\t\t\t<div class=\"elementor-widget-container\">\n\t\t\t\t\t\t\t\t\t<div class=\"elementor-button-wrapper\">\n\t\t\t\t\t<a class=\"elementor-button elementor-button-link elementor-size-sm\" href=\"https:\/\/egein.com\/fr\/ouvrages-realises\/\">\n\t\t\t\t\t\t<span class=\"elementor-button-content-wrapper\">\n\t\t\t\t\t\t<span class=\"elementor-button-icon\">\n\t\t\t\t<i aria-hidden=\"true\" class=\"fas fa-angle-right\"><\/i>\t\t\t<\/span>\n\t\t\t\t\t\t\t\t\t<span class=\"elementor-button-text\">Afficher tous les projets<\/span>\n\t\t\t\t\t<\/span>\n\t\t\t\t\t<\/a>\n\t\t\t\t<\/div>\n\t\t\t\t\t\t\t\t<\/div>\n\t\t\t\t<\/div>\n\t\t\t\t\t<\/div>\n\t\t<\/div>\n\t\t\t\t\t<\/div>\n\t\t<\/section>\n\t\t\t\t<\/div>\n\t\t","protected":false},"excerpt":{"rendered":"<p>EGEIN d\u00e9marre les travaux d&rsquo;agrandissement d&rsquo;Amnesia au Cap d&rsquo;Agle : construction utilisant des #solutionstechniques de haute qualit\u00e9 et une durabilit\u00e9 environnementale. Nous avons le plaisir de vous annoncer que nous allons bient\u00f4t d\u00e9marrer les travaux d&rsquo;agrandissement d&rsquo;Amnesia au Cap d&rsquo;Agle (France). Ce projet sera une \u00e9tape importante dans l&rsquo;histoire du club, consid\u00e9r\u00e9 01 MEILLEUR CLUB [&hellip;]<\/p>\n","protected":false},"author":99,"featured_media":11787,"parent":0,"menu_order":0,"comment_status":"closed","ping_status":"closed","template":"elementor_header_footer","meta":{"footnotes":""},"class_list":["post-11797","page","type-page","status-publish","has-post-thumbnail","hentry"],"_links":{"self":[{"href":"https:\/\/egein.com\/fr\/wp-json\/wp\/v2\/pages\/11797","targetHints":{"allow":["GET"]}}],"collection":[{"href":"https:\/\/egein.com\/fr\/wp-json\/wp\/v2\/pages"}],"about":[{"href":"https:\/\/egein.com\/fr\/wp-json\/wp\/v2\/types\/page"}],"author":[{"embeddable":true,"href":"https:\/\/egein.com\/fr\/wp-json\/wp\/v2\/users\/99"}],"replies":[{"embeddable":true,"href":"https:\/\/egein.com\/fr\/wp-json\/wp\/v2\/comments?post=11797"}],"version-history":[{"count":0,"href":"https:\/\/egein.com\/fr\/wp-json\/wp\/v2\/pages\/11797\/revisions"}],"wp:featuredmedia":[{"embeddable":true,"href":"https:\/\/egein.com\/fr\/wp-json\/wp\/v2\/media\/11787"}],"wp:attachment":[{"href":"https:\/\/egein.com\/fr\/wp-json\/wp\/v2\/media?parent=11797"}],"curies":[{"name":"wp","href":"https:\/\/api.w.org\/{rel}","templated":true}]}}