{"id":3,"date":"2021-01-15T10:01:47","date_gmt":"2021-01-15T10:01:47","guid":{"rendered":"https:\/\/egein.com\/?page_id=3"},"modified":"2022-04-29T15:17:19","modified_gmt":"2022-04-29T15:17:19","slug":"politica-privacidad","status":"publish","type":"page","link":"https:\/\/egein.com\/es\/politica-privacidad\/","title":{"rendered":"Pol\u00edtica de privacidad"},"content":{"rendered":"\t\t<div data-elementor-type=\"wp-page\" data-elementor-id=\"3\" class=\"elementor elementor-3\" data-elementor-post-type=\"page\">\n\t\t\t\t\t\t<section class=\"elementor-section elementor-top-section elementor-element elementor-element-384ef712 elementor-section-height-min-height elementor-section-items-stretch elementor-section-boxed elementor-section-height-default\" data-id=\"384ef712\" data-element_type=\"section\" data-e-type=\"section\" data-settings=\"{&quot;background_background&quot;:&quot;classic&quot;}\">\n\t\t\t\t\t\t<div class=\"elementor-container elementor-column-gap-default\">\n\t\t\t\t\t<div class=\"elementor-column elementor-col-50 elementor-top-column elementor-element elementor-element-24fd5711\" data-id=\"24fd5711\" data-element_type=\"column\" data-e-type=\"column\">\n\t\t\t<div class=\"elementor-widget-wrap elementor-element-populated\">\n\t\t\t\t\t\t<div class=\"elementor-element elementor-element-3c408599 elementor-widget elementor-widget-heading\" data-id=\"3c408599\" data-element_type=\"widget\" data-e-type=\"widget\" data-widget_type=\"heading.default\">\n\t\t\t\t<div class=\"elementor-widget-container\">\n\t\t\t\t\t<h1 class=\"elementor-heading-title elementor-size-default\">Pol\u00edtica de<br>Privacidad<\/h1>\t\t\t\t<\/div>\n\t\t\t\t<\/div>\n\t\t\t\t\t<\/div>\n\t\t<\/div>\n\t\t\t\t<div class=\"elementor-column elementor-col-50 elementor-top-column elementor-element elementor-element-e74d4eb\" data-id=\"e74d4eb\" data-element_type=\"column\" data-e-type=\"column\">\n\t\t\t<div class=\"elementor-widget-wrap\">\n\t\t\t\t\t\t\t<\/div>\n\t\t<\/div>\n\t\t\t\t\t<\/div>\n\t\t<\/section>\n\t\t\t\t<section class=\"elementor-section elementor-top-section elementor-element elementor-element-14b85977 elementor-section-boxed elementor-section-height-default elementor-section-height-default\" data-id=\"14b85977\" data-element_type=\"section\" data-e-type=\"section\">\n\t\t\t\t\t\t<div class=\"elementor-container elementor-column-gap-default\">\n\t\t\t\t\t<div class=\"elementor-column elementor-col-100 elementor-top-column elementor-element elementor-element-994e71c\" data-id=\"994e71c\" data-element_type=\"column\" data-e-type=\"column\">\n\t\t\t<div class=\"elementor-widget-wrap elementor-element-populated\">\n\t\t\t\t\t\t<div class=\"elementor-element elementor-element-c13d61d elementor-widget elementor-widget-text-editor\" data-id=\"c13d61d\" data-element_type=\"widget\" data-e-type=\"widget\" data-widget_type=\"text-editor.default\">\n\t\t\t\t<div class=\"elementor-widget-container\">\n\t\t\t\t\t\t\t\t\t<p><span style=\"font-weight: 400;\">A trav\u00e9s de este sitio web no se recogen datos de car\u00e1cter personal de los usuarios sin su conocimiento, ni se ceden a terceros.<\/span><\/p><p>\u00a0<\/p><p><span style=\"font-weight: 400;\">Para conocer nuestra pol\u00edtica de cookies, utilizadas para recabar informaci\u00f3n de los usuarios, le agradecemos lea el apartado Pol\u00edtica de cookies de nuestra p\u00e1gina web.<\/span><\/p><p>\u00a0<\/p><p><b>Informaci\u00f3n b\u00e1sica sobre protecci\u00f3n de datos<\/b><\/p><p><span style=\"font-weight: 400;\">\u00a0A continuaci\u00f3n, le informamos sobre la pol\u00edtica de protecci\u00f3n de datos de <\/span><span style=\"font-weight: 400;\">ENGINYERIA I GESTI\u00d3 D&#8217;ESPAIS INDUSTRIALS, SL<\/span><\/p><p>\u00a0<\/p><p><b>\u00bfQui\u00e9n es el responsable del tratamiento?<\/b><\/p><p><span style=\"font-weight: 400;\">Los datos de car\u00e1cter personal que se puedan solicitar directamente del interesado ser\u00e1n tratados de forma confidencial y quedar\u00e1n incorporadas a la correspondiente actividad de tratamiento titularidad de <\/span><span style=\"font-weight: 400;\">ENGINYERIA I GESTI\u00d3 D&#8217;ESPAIS INDUSTRIALS, SL<\/span><\/p><p>\u00a0<\/p><p><b>\u00bfC\u00f3mo obtenemos sus datos personales?<\/b><\/p><p><span style=\"font-weight: 400;\">Recogemos sus datos personales en distintas ocasiones:<\/span><\/p><ul><li><span style=\"font-weight: 400;\"> Cada vez que contacta directamente con nosotros, por ejemplo, a trav\u00e9s del apartado contacto o cualquier otro apartado en el que rellene un cuestionario de la web. o a trav\u00e9s de las l\u00edneas de atenci\u00f3n telef\u00f3nica a clientes, para solicitar informaci\u00f3n sobre nuestros productos y servicios.<\/span><\/li><li><span style=\"font-weight: 400;\"> Cuando usted compra o contrata directamente con nosotros un producto o servicio.<\/span><\/li><\/ul><p><span style=\"font-weight: 400;\">Los productos y servicios de <\/span><span style=\"font-weight: 400;\">ENGINYERIA I GESTI\u00d3 D&#8217;ESPAIS INDUSTRIALS, SL, <\/span><span style=\"font-weight: 400;\">as\u00ed como las sus campa\u00f1as promocionales, est\u00e1n dirigidos y pensados mayoritariamente para adultos. En este sentido, s\u00f3lo recogeremos y trataremos sus datos personales si usted tiene, al menos, 16 a\u00f1os.<\/span><\/p><p><span style=\"font-weight: 400;\">ENGINYERIA I GESTI\u00d3 D&#8217;ESPAIS INDUSTRIALS, SL <\/span><span style=\"font-weight: 400;\">se reserva la posibilidad de realizar<\/span> <span style=\"font-weight: 400;\">verificaciones de la edad de las personas que le faciliten datos personales. Cualquier dato de un<\/span> <span style=\"font-weight: 400;\">menor de 16 a\u00f1os, ser\u00e1 eliminado.<\/span><\/p><p><span style=\"font-weight: 400;\">Le agradecer\u00edamos que nos ayudar\u00e1 a mantener actualizados sus datos personales inform\u00e1ndonos cualquier cambio en sus datos de contacto o sus preferencias.<\/span><\/p><p>\u00a0<\/p><p><b>\u00bfQu\u00e9 informaci\u00f3n podemos obtener sobre usted?<\/b><\/p><p><span style=\"font-weight: 400;\">\u00a0A trav\u00e9s de los diferentes servicios y canales de contacto descritos en esta Pol\u00edtica de Privacidad, se pueden solicitar los siguientes tipos de datos sobre ti dependiendo de su relaci\u00f3n con el Responsable del Tratamiento:<\/span><\/p><ul><li><span style=\"font-weight: 400;\"> Clientes y usuarios: Datos identificativos y de contacto: nombre, direcci\u00f3n, n\u00fameros de tel\u00e9fono, correo electr\u00f3nico. Datos econ\u00f3micos: n\u00ba de cuenta bancaria \/ n\u00ba de tarjeta de cr\u00e9dito.<\/span><\/li><\/ul><p><b>\u00bfCon qu\u00e9 Finalidades tratamos sus datos personales?<\/b><\/p><p><span style=\"font-weight: 400;\">Por su condici\u00f3n de usuario de la web, trataremos los datos personales que nos proporcione con la finalidad de atender la consulta que nos haya efectuado y proporcionarle informaci\u00f3n comercial de productos y servicios de la empresa.<\/span><\/p><p><span style=\"font-weight: 400;\">Por su condici\u00f3n de cliente trataremos sus datos para prestarle el servicio solicitado y la gesti\u00f3n administrativa y comercial de nuestra cartera de clientes.<\/span><\/p><p>\u00a0<\/p><p><b>\u00bfCu\u00e1l es la Legitimaci\u00f3n para el tratamiento de sus datos?<\/b><\/p><p><span style=\"font-weight: 400;\">Usuarios y miembros: RGPD Art\u00edculo 6.1.a) consentimiento del interesado para el tratamiento de sus datos personales para uno o varios fines espec\u00edficos.<\/span><\/p><p><span style=\"font-weight: 400;\">Clientes: RGPD Art\u00edculo 6.1. b) el tratamiento es necesario para la ejecuci\u00f3n de un contrato en el que el interesado es parte, o para la aplicaci\u00f3n a petici\u00f3n de \u00e9ste de medidas precontractuales &#8230; RGPD Art\u00edculo 6.1.a) consentimiento del interesado para el tratamiento de sus datos personales para uno o varios fines espec\u00edficos.<\/span><\/p><p><span style=\"font-weight: 400;\">Para las dem\u00e1s actividades de tratamiento que puedan no aparecer en esta pol\u00edtica de privacidad, rogamos contacte con el Responsable del Tratamiento para pedir m\u00e1s informaci\u00f3n.<\/span><\/p><p>\u00a0<\/p><p>\u00a0<\/p><p>\u00a0<\/p><p><b>\u00bfDurante cu\u00e1nto tiempo conservaremos sus datos?<\/b><\/p><p><span style=\"font-weight: 400;\">Los datos personales proporcionados se conservar\u00e1n durante el tiempo necesario para cumplir con la finalidad para la que se recogen y para determinar las posibles responsabilidades que se puedan derivar de la finalidad, adem\u00e1s de los per\u00edodos establecidos en la normativa de archivos y documentaci\u00f3n.<\/span><\/p><p>\u00a0<\/p><p><b>\u00bfA qui\u00e9n comunicaremos sus datos?<\/b><\/p><p><span style=\"font-weight: 400;\">Con car\u00e1cter general no se comunicar\u00e1n los datos personales a terceros, salvo obligaci\u00f3n legal, entre las que pueden estar las comunicaciones a organizaciones directamente relacionadas con el responsable (Asesor\u00eda fiscal, laboral y contable. Entidades financieras. Agencia Estatal de Administraci\u00f3n Tributaria. Empresas de formaci\u00f3n. Entidad a la que se encomiende la gesti\u00f3n en materia de riesgos laborales. Instituto Nacional de la Seguridad Social. Tesorer\u00eda General de la Seguridad Social. Organizaciones sindicales. Empresas encargadas de marketing y publicidad. Empresas de Selecci\u00f3n de personal). Fuerzas y cuerpos de seguridad del Estado, \u00f3rganos judiciales, Ministerio Fiscal.<\/span><\/p><p><span style=\"font-weight: 400;\">Aunque en las transmisiones de datos a trav\u00e9s de internet o desde una web no es posible garantizar una protecci\u00f3n absoluta contra intrusiones, nos esforzamos al m\u00e1ximo en mantener las medidas de protecci\u00f3n f\u00edsica, electr\u00f3nica y procedimental necesarias para garantizar la protecci\u00f3n de su informaci\u00f3n de acuerdo a las exigencias aplicables en materia de protecci\u00f3n de datos.<\/span><\/p><p><span style=\"font-weight: 400;\">Todas las tuyas se guardan en un sitio seguro (o copias f\u00edsicas seguras) de nuestra propiedad o nuestros encargados del tratamiento, y para acceder y utilizarlos se aplican nuestros criterios y pol\u00edticas de seguridad (u otros equivalentes de nuestros encargados de tratamiento).<\/span><\/p><p>\u00a0<\/p><p><b>\u00bfHacemos Transferencias internacionales de datos?<\/b><\/p><p><span style=\"font-weight: 400;\">ENGINYERIA I GESTI\u00d3 D&#8217;ESPAIS INDUSTRIALS, SL<\/span><span style=\"font-weight: 400;\"> no tiene previstas las transferencias internacionales de datos.<\/span><\/p><p>\u00a0<\/p><p><b>\u00bfC\u00f3mo mantenemos protegidos sus datos?<\/b><\/p><p><span style=\"font-weight: 400;\">Para garantizar la protecci\u00f3n y mantener la seguridad, integridad y disponibilidad de los datos, utilizamos diversas medidas de seguridad.<\/span><\/p><p><span style=\"font-weight: 400;\">Aunque en las transmisiones de datos a trav\u00e9s de internet o desde una web no es posible garantizar una protecci\u00f3n absoluta contra intrusiones, tanto nosotros como nuestros encargados del tratamiento, dedicamos los m\u00e1ximos esfuerzos para mantener las medidas de protecci\u00f3n f\u00edsica, electr\u00f3nica y procedimental con las que garantizar la protecci\u00f3n de sus datos de acuerdo con las exigencias legales aplicables en esta materia. Entre las medidas que utilizamos se incluyen las siguientes:<\/span><\/p><ul><li><span style=\"font-weight: 400;\"> limitar el acceso a sus datos \u00fanicamente a aquellas personas que deban conocerlos en atenci\u00f3n a las tareas que realizan;<\/span><\/li><li><span style=\"font-weight: 400;\"> como regla general transferir en formato cifrado los datos recogidos;<\/span><\/li><li><span style=\"font-weight: 400;\"> almacenar los datos m\u00e1s sensibles (como los datos bancarios) s\u00f3lo en formato cifrado;<\/span><\/li><li><span style=\"font-weight: 400;\"> instalar sistemas de protecci\u00f3n perimetral de las infraestructuras inform\u00e1ticas (cortafuegos) por impedir accesos no autorizados, por ejemplo, hackers, y<\/span><\/li><li><span style=\"font-weight: 400;\"> monitorizar habitualmente los accesos a los sistemas inform\u00e1ticos para detectar y detener cualquier uso indebido de los datos de car\u00e1cter personal.<\/span><\/li><\/ul><p><span style=\"font-weight: 400;\">En aquellos casos en los que le hayamos facilitado (o usted haya elegido) una contrase\u00f1a que le permita acceder a determinadas partes de nuestras webs o de cualquier otro portal, aplicaci\u00f3n o servicio bajo nuestro control, es usted responsable de mantenerla en secreto y de cumplir con todos los dem\u00e1s procedimientos de seguridad que le notificamos. Usted no podr\u00e1 compartir su contrase\u00f1a con nadie.<\/span><\/p><p>\u00a0<\/p><p><b>\u00bfQu\u00e9 Derechos pueden ejercer los interesados?<\/b><\/p><p><span style=\"font-weight: 400;\">Cualquier persona tiene derecho a obtener informaci\u00f3n sobre los tratamientos que de sus datos que se llevan a cabo por:<\/span><span style=\"font-weight: 400;\"> ENGINYERIA I GESTI\u00d3 D&#8217;ESPAIS INDUSTRIALS, SL<\/span><\/p><p><span style=\"font-weight: 400;\">Puede ejercer sus derechos de acceso, rectificaci\u00f3n, supresi\u00f3n y portabilidad de sus datos, de limitaci\u00f3n y oposici\u00f3n a su tratamiento, as\u00ed como a no ser objeto de decisiones basadas \u00fanicamente en el tratamiento automatizado de sus datos, y en retirar el consentimiento prestado, ante<\/span><\/p><p><span style=\"font-weight: 400;\">: ENGINYERIA I GESTI\u00d3 D&#8217;ESPAIS INDUSTRIALS, SL<\/span><span style=\"font-weight: 400;\">. B17493396. C\/ Areny, 29 &#8211; 17460 &#8211; Celr\u00e0<\/span><\/p><p><span style=\"font-weight: 400;\">\u00a0&#8211; GIRONA. O bien dirigir un e-mail a info@egein.com, indicando en el asunto \u00abProtecci\u00f3n de datos\u00bb.<\/span><\/p><p><span style=\"font-weight: 400;\">Adem\u00e1s, el interesado puede dirigirse a la Autoridad de Control en materia de protecci\u00f3n de datos competente para obtener informaci\u00f3n adicional o presentar una reclamaci\u00f3n.<\/span><\/p><p><br \/><br \/><br \/><\/p>\t\t\t\t\t\t\t\t<\/div>\n\t\t\t\t<\/div>\n\t\t\t\t<div class=\"elementor-element elementor-element-3ebdb7d9 elementor-widget__width-auto elementor-absolute elementor-view-default elementor-widget elementor-widget-icon\" data-id=\"3ebdb7d9\" data-element_type=\"widget\" data-e-type=\"widget\" data-settings=\"{&quot;_position&quot;:&quot;absolute&quot;}\" data-widget_type=\"icon.default\">\n\t\t\t\t<div class=\"elementor-widget-container\">\n\t\t\t\t\t\t\t<div class=\"elementor-icon-wrapper\">\n\t\t\t<div class=\"elementor-icon\">\n\t\t\t<svg xmlns=\"http:\/\/www.w3.org\/2000\/svg\" id=\"a72f1db4-4b9f-4cbc-ac4c-a54efeaf8336\" data-name=\"Layer 1\" width=\"100\" height=\"100\" viewBox=\"0 0 100 100\"><title>Shape<\/title><path id=\"aecdc5f9-a79f-465f-8b06-186d589ccd57\" data-name=\"Shape\" d=\"M0,100V0H50V50h50v50Z\" style=\"fill-rule:evenodd\"><\/path><\/svg>\t\t\t<\/div>\n\t\t<\/div>\n\t\t\t\t\t\t<\/div>\n\t\t\t\t<\/div>\n\t\t\t\t<div class=\"elementor-element elementor-element-7baddc98 elementor-widget__width-auto elementor-absolute elementor-view-default elementor-widget elementor-widget-icon\" data-id=\"7baddc98\" data-element_type=\"widget\" data-e-type=\"widget\" data-settings=\"{&quot;_position&quot;:&quot;absolute&quot;}\" data-widget_type=\"icon.default\">\n\t\t\t\t<div class=\"elementor-widget-container\">\n\t\t\t\t\t\t\t<div class=\"elementor-icon-wrapper\">\n\t\t\t<div class=\"elementor-icon\">\n\t\t\t<svg xmlns=\"http:\/\/www.w3.org\/2000\/svg\" id=\"a72f1db4-4b9f-4cbc-ac4c-a54efeaf8336\" data-name=\"Layer 1\" width=\"100\" height=\"100\" viewBox=\"0 0 100 100\"><title>Shape<\/title><path id=\"aecdc5f9-a79f-465f-8b06-186d589ccd57\" data-name=\"Shape\" d=\"M0,100V0H50V50h50v50Z\" style=\"fill-rule:evenodd\"><\/path><\/svg>\t\t\t<\/div>\n\t\t<\/div>\n\t\t\t\t\t\t<\/div>\n\t\t\t\t<\/div>\n\t\t\t\t\t<\/div>\n\t\t<\/div>\n\t\t\t\t\t<\/div>\n\t\t<\/section>\n\t\t\t\t<\/div>\n\t\t","protected":false},"excerpt":{"rendered":"<p>Pol\u00edtica dePrivacidad A trav\u00e9s de este sitio web no se recogen datos de car\u00e1cter personal de los usuarios sin su conocimiento, ni se ceden a terceros. \u00a0 Para conocer nuestra pol\u00edtica de cookies, utilizadas para recabar informaci\u00f3n de los usuarios, le agradecemos lea el apartado Pol\u00edtica de cookies de nuestra p\u00e1gina web. \u00a0 Informaci\u00f3n b\u00e1sica [&hellip;]<\/p>\n","protected":false},"author":1,"featured_media":0,"parent":0,"menu_order":0,"comment_status":"closed","ping_status":"closed","template":"","meta":{"footnotes":""},"class_list":["post-3","page","type-page","status-publish","hentry"],"_links":{"self":[{"href":"https:\/\/egein.com\/es\/wp-json\/wp\/v2\/pages\/3","targetHints":{"allow":["GET"]}}],"collection":[{"href":"https:\/\/egein.com\/es\/wp-json\/wp\/v2\/pages"}],"about":[{"href":"https:\/\/egein.com\/es\/wp-json\/wp\/v2\/types\/page"}],"author":[{"embeddable":true,"href":"https:\/\/egein.com\/es\/wp-json\/wp\/v2\/users\/1"}],"replies":[{"embeddable":true,"href":"https:\/\/egein.com\/es\/wp-json\/wp\/v2\/comments?post=3"}],"version-history":[{"count":1,"href":"https:\/\/egein.com\/es\/wp-json\/wp\/v2\/pages\/3\/revisions"}],"predecessor-version":[{"id":17773,"href":"https:\/\/egein.com\/es\/wp-json\/wp\/v2\/pages\/3\/revisions\/17773"}],"wp:attachment":[{"href":"https:\/\/egein.com\/es\/wp-json\/wp\/v2\/media?parent=3"}],"curies":[{"name":"wp","href":"https:\/\/api.w.org\/{rel}","templated":true}]}}