{"id":2562,"date":"2021-04-08T09:23:56","date_gmt":"2021-04-08T09:23:56","guid":{"rendered":"https:\/\/egein.com\/?page_id=2562"},"modified":"2022-04-29T15:09:02","modified_gmt":"2022-04-29T15:09:02","slug":"politica-de-cookies","status":"publish","type":"page","link":"https:\/\/egein.com\/es\/politica-de-cookies\/","title":{"rendered":"Pol\u00edtica de cookies"},"content":{"rendered":"\t\t<div data-elementor-type=\"wp-page\" data-elementor-id=\"2562\" class=\"elementor elementor-2562\" data-elementor-post-type=\"page\">\n\t\t\t\t\t\t<section class=\"elementor-section elementor-top-section elementor-element elementor-element-1cb62905 elementor-section-height-min-height elementor-section-items-stretch elementor-section-boxed elementor-section-height-default\" data-id=\"1cb62905\" data-element_type=\"section\" data-e-type=\"section\" data-settings=\"{&quot;background_background&quot;:&quot;classic&quot;}\">\n\t\t\t\t\t\t<div class=\"elementor-container elementor-column-gap-default\">\n\t\t\t\t\t<div class=\"elementor-column elementor-col-50 elementor-top-column elementor-element elementor-element-5d19b59c\" data-id=\"5d19b59c\" data-element_type=\"column\" data-e-type=\"column\">\n\t\t\t<div class=\"elementor-widget-wrap elementor-element-populated\">\n\t\t\t\t\t\t<div class=\"elementor-element elementor-element-3278259a elementor-widget elementor-widget-heading\" data-id=\"3278259a\" data-element_type=\"widget\" data-e-type=\"widget\" data-widget_type=\"heading.default\">\n\t\t\t\t<div class=\"elementor-widget-container\">\n\t\t\t\t\t<h1 class=\"elementor-heading-title elementor-size-default\">Pol\u00edtica de<br>cookies<\/h1>\t\t\t\t<\/div>\n\t\t\t\t<\/div>\n\t\t\t\t\t<\/div>\n\t\t<\/div>\n\t\t\t\t<div class=\"elementor-column elementor-col-50 elementor-top-column elementor-element elementor-element-17979139\" data-id=\"17979139\" data-element_type=\"column\" data-e-type=\"column\">\n\t\t\t<div class=\"elementor-widget-wrap\">\n\t\t\t\t\t\t\t<\/div>\n\t\t<\/div>\n\t\t\t\t\t<\/div>\n\t\t<\/section>\n\t\t\t\t<section class=\"elementor-section elementor-top-section elementor-element elementor-element-126f27c6 elementor-section-boxed elementor-section-height-default elementor-section-height-default\" data-id=\"126f27c6\" data-element_type=\"section\" data-e-type=\"section\">\n\t\t\t\t\t\t<div class=\"elementor-container elementor-column-gap-default\">\n\t\t\t\t\t<div class=\"elementor-column elementor-col-100 elementor-top-column elementor-element elementor-element-77d142bd\" data-id=\"77d142bd\" data-element_type=\"column\" data-e-type=\"column\">\n\t\t\t<div class=\"elementor-widget-wrap elementor-element-populated\">\n\t\t\t\t\t\t<div class=\"elementor-element elementor-element-8e07679 elementor-widget elementor-widget-text-editor\" data-id=\"8e07679\" data-element_type=\"widget\" data-e-type=\"widget\" data-widget_type=\"text-editor.default\">\n\t\t\t\t<div class=\"elementor-widget-container\">\n\t\t\t\t\t\t\t\t\t<p><span style=\"font-weight: 400;\">ENGINYERIA I GESTI\u00d3 D&#8217;ESPAIS INDUSTRIALS, SL, <\/span><span style=\"font-weight: 400;\">mediante el presente documento, recoge su Pol\u00edtica de Recogida y Tratamiento de Cookies, en cumplimiento lo dispuesto en el art\u00edculo 22.2 de la Ley 34\/2002, del 11 de julio, de Servicios de la Sociedad y de la Informaci\u00f3n y de Comercio Electr\u00f3nico (LSSICE).<\/span><\/p><p>\u00a0<\/p><p><span style=\"font-weight: 400;\">Las Cookies se almacenan en el terminal del usuario (ordenador y dispositivo m\u00f3vil) y recopilan informaci\u00f3n al visitar la p\u00e1gina web https:\/\/egein.com\/, con el fin de mejorar el uso de las mismas conocer los h\u00e1bitos o necesidades de navegaci\u00f3n de los usuarios para poder adaptarse a los mismos, as\u00ed como obtener informaci\u00f3n con fines estad\u00edsticos. En caso de aquellos usuarios que ya sean clientes de la entidad, la informaci\u00f3n recabada con las Cookies servir\u00e1 tambi\u00e9n para su identificaci\u00f3n al acceder a las diferentes herramientas que la entidad pone a su disposici\u00f3n para la gesti\u00f3n de los servicios.<\/span><\/p><p>\u00a0<\/p><p><span style=\"font-weight: 400;\">La presente Pol\u00edtica de Cookies ser\u00e1 de aplicaci\u00f3n a aquellos usuarios que voluntariamente visitan las p\u00e1ginas web de la entidad, rellenan formularios de recogida de datos, accedan a las herramientas que la entidad pone a disposici\u00f3n de sus clientes para gestionar sus servicios, o utilizan cualquiera otro servicio presente en el sitio web que implique la comunicaci\u00f3n de datos a la entidad, o el acceso a datos de la entidad, para la prestaci\u00f3n de sus servicios.<\/span><\/p><p>\u00a0<\/p><p><span style=\"font-weight: 400;\">La entidad informa a los usuarios de sus p\u00e1ginas web, de la existencia de las Cookies y pone a su disposici\u00f3n esta Pol\u00edtica de Cookies con el fin de informar respecto a su uso y objeto de \u00e9stas.<\/span><\/p><p>\u00a0<\/p><p><span style=\"font-weight: 400;\">INGENIER\u00cdA Y GESTI\u00d3N DE ESPACIOS INDUSTRIALES, SL utiliza los siguientes tipos de Cookies:<\/span><\/p><p><span style=\"font-weight: 400;\">Clasificadas por su titularidad:<\/span><\/p><p><span style=\"font-weight: 400;\">-Cookies propias: enviadas y gestionadas directamente por la entidad.<\/span><\/p><p><span style=\"font-weight: 400;\">-Cookies de terceros: enviadas y gestionadas por un tercero ajeno a la entidad de forma an\u00f3nima, con la finalidad de realizar estudios estad\u00edsticos de navegaci\u00f3n para las p\u00e1ginas web de la entidad.<\/span><\/p><p>\u00a0<\/p><p><span style=\"font-weight: 400;\">Clasificadas por su finalidad:<\/span><\/p><p><span style=\"font-weight: 400;\">-Cookies t\u00e9cnicas y\/o de personalizaci\u00f3n: facilitan la navegaci\u00f3n al identificar la sesi\u00f3n, permitir el acceso a herramientas de acceso restringido, adem\u00e1s de configurar a medida las opciones disponibles.<\/span><\/p><p><span style=\"font-weight: 400;\">Posibilitan la prestaci\u00f3n del servicio solicitado previamente por el usuario.<\/span><\/p><p><span style=\"font-weight: 400;\">-Cookies de an\u00e1lisis y\/o publicidad: permiten conocer el n\u00famero de visitas recibida en las diferentes secciones de las p\u00e1ginas web, los h\u00e1bitos y tendencias de sus usuarios y, en consecuencia, poder mejorar la navegaci\u00f3n y el servicio ofrecido por la entidad (fundamentalmente, Google Analytics), as\u00ed como gestionar los espacios publicitarios incluidos en la p\u00e1gina web visitada por el usuario. Recopila datos de forma an\u00f3nima con el fin de obtener perfiles de navegaci\u00f3n de los usuarios.<\/span><\/p><p>\u00a0<\/p><p><span style=\"font-weight: 400;\">Clasificadas por su duraci\u00f3n:<\/span><\/p><p><span style=\"font-weight: 400;\">-Cookies de sesi\u00f3n: recaban y almacenan datos mientras el usuario accede a la p\u00e1gina web.<\/span><\/p><p><span style=\"font-weight: 400;\">-Cookies persistentes: recaban y almacenan los datos en el terminal del usuario durante un per\u00edodo de tiempo variable en funci\u00f3n de cu\u00e1l sea la finalidad para la que fueron utilizadas.<\/span><\/p><p>\u00a0<\/p><p><span style=\"font-weight: 400;\">El tiempo de conservaci\u00f3n de las Cookies depender\u00e1 del tipo de que se trate y siempre ser\u00e1 el m\u00ednimo indispensable para cumplir con su finalidad.<\/span><\/p><p>\u00a0<\/p><p><span style=\"font-weight: 400;\">En cualquier caso, los usuarios pueden configurar su navegador, de modo que se inhabilite o bloquee la recepci\u00f3n de todas o algunas de las Cookies. El hecho de no desear recibir estas Cookies no constituye un impedimento para poder acceder a la informaci\u00f3n de los sitios web de la entidad. Si una vez otorgado el consentimiento para la recepci\u00f3n de Cookies si se desea retirarlo tendr\u00e1n que eliminarse aquellas almacenadas en el equipo del usuario, mediante las opciones de los varios navegadores.<\/span><\/p><p>\u00a0<\/p><p><span style=\"font-weight: 400;\">La forma de configurar los distintos navegadores para llevar a cabo las acciones se\u00f1aladas en los p\u00e1rrafos anteriores se puede consultar en:<\/span><\/p><p>\u00a0<\/p><p><span style=\"font-weight: 400;\">*Explorer: <\/span><a href=\"http:\/\/windows.microsoft.com\/es-es\/windows7\/how-to-manage-cookies%20-in-internet-explorer-9\"><span style=\"font-weight: 400;\">http:\/\/windows.microsoft.com\/es-es\/windows7\/how-to-manage-cookies -in-internet-explorer-9<\/span><\/a><span style=\"font-weight: 400;\">\u00a0<\/span><\/p><p><span style=\"font-weight: 400;\">*Chrome: <\/span><a href=\"https:\/\/support.google.com\/chrome\/answer\/95647?hl=es\"><span style=\"font-weight: 400;\">https:\/\/support.google.com\/chrome\/answer\/95647?hl=es<\/span><\/a><span style=\"font-weight: 400;\">\u00a0<\/span><\/p><p><span style=\"font-weight: 400;\">*Firefox: http:\/\/support.mozilla.org\/es\/kb\/cookies-informacion-que-los-siti os-web-guardan-en-?redirectlocale=en-US&amp;redirectslug=Cookies <\/span><\/p>\t\t\t\t\t\t\t\t<\/div>\n\t\t\t\t<\/div>\n\t\t\t\t<div class=\"elementor-element elementor-element-16cd6fd1 elementor-widget__width-auto elementor-absolute elementor-view-default elementor-widget elementor-widget-icon\" data-id=\"16cd6fd1\" data-element_type=\"widget\" data-e-type=\"widget\" data-settings=\"{&quot;_position&quot;:&quot;absolute&quot;}\" data-widget_type=\"icon.default\">\n\t\t\t\t<div class=\"elementor-widget-container\">\n\t\t\t\t\t\t\t<div class=\"elementor-icon-wrapper\">\n\t\t\t<div class=\"elementor-icon\">\n\t\t\t<svg xmlns=\"http:\/\/www.w3.org\/2000\/svg\" id=\"a72f1db4-4b9f-4cbc-ac4c-a54efeaf8336\" data-name=\"Layer 1\" width=\"100\" height=\"100\" viewBox=\"0 0 100 100\"><title>Shape<\/title><path id=\"aecdc5f9-a79f-465f-8b06-186d589ccd57\" data-name=\"Shape\" d=\"M0,100V0H50V50h50v50Z\" style=\"fill-rule:evenodd\"><\/path><\/svg>\t\t\t<\/div>\n\t\t<\/div>\n\t\t\t\t\t\t<\/div>\n\t\t\t\t<\/div>\n\t\t\t\t<div class=\"elementor-element elementor-element-3b611775 elementor-widget__width-auto elementor-absolute elementor-view-default elementor-widget elementor-widget-icon\" data-id=\"3b611775\" data-element_type=\"widget\" data-e-type=\"widget\" data-settings=\"{&quot;_position&quot;:&quot;absolute&quot;}\" data-widget_type=\"icon.default\">\n\t\t\t\t<div class=\"elementor-widget-container\">\n\t\t\t\t\t\t\t<div class=\"elementor-icon-wrapper\">\n\t\t\t<div class=\"elementor-icon\">\n\t\t\t<svg xmlns=\"http:\/\/www.w3.org\/2000\/svg\" id=\"a72f1db4-4b9f-4cbc-ac4c-a54efeaf8336\" data-name=\"Layer 1\" width=\"100\" height=\"100\" viewBox=\"0 0 100 100\"><title>Shape<\/title><path id=\"aecdc5f9-a79f-465f-8b06-186d589ccd57\" data-name=\"Shape\" d=\"M0,100V0H50V50h50v50Z\" style=\"fill-rule:evenodd\"><\/path><\/svg>\t\t\t<\/div>\n\t\t<\/div>\n\t\t\t\t\t\t<\/div>\n\t\t\t\t<\/div>\n\t\t\t\t\t<\/div>\n\t\t<\/div>\n\t\t\t\t\t<\/div>\n\t\t<\/section>\n\t\t\t\t<\/div>\n\t\t","protected":false},"excerpt":{"rendered":"<p>Pol\u00edtica decookies ENGINYERIA I GESTI\u00d3 D&#8217;ESPAIS INDUSTRIALS, SL, mediante el presente documento, recoge su Pol\u00edtica de Recogida y Tratamiento de Cookies, en cumplimiento lo dispuesto en el art\u00edculo 22.2 de la Ley 34\/2002, del 11 de julio, de Servicios de la Sociedad y de la Informaci\u00f3n y de Comercio Electr\u00f3nico (LSSICE). \u00a0 Las Cookies se [&hellip;]<\/p>\n","protected":false},"author":1,"featured_media":0,"parent":0,"menu_order":0,"comment_status":"closed","ping_status":"closed","template":"","meta":{"footnotes":""},"class_list":["post-2562","page","type-page","status-publish","hentry"],"_links":{"self":[{"href":"https:\/\/egein.com\/es\/wp-json\/wp\/v2\/pages\/2562","targetHints":{"allow":["GET"]}}],"collection":[{"href":"https:\/\/egein.com\/es\/wp-json\/wp\/v2\/pages"}],"about":[{"href":"https:\/\/egein.com\/es\/wp-json\/wp\/v2\/types\/page"}],"author":[{"embeddable":true,"href":"https:\/\/egein.com\/es\/wp-json\/wp\/v2\/users\/1"}],"replies":[{"embeddable":true,"href":"https:\/\/egein.com\/es\/wp-json\/wp\/v2\/comments?post=2562"}],"version-history":[{"count":1,"href":"https:\/\/egein.com\/es\/wp-json\/wp\/v2\/pages\/2562\/revisions"}],"predecessor-version":[{"id":17774,"href":"https:\/\/egein.com\/es\/wp-json\/wp\/v2\/pages\/2562\/revisions\/17774"}],"wp:attachment":[{"href":"https:\/\/egein.com\/es\/wp-json\/wp\/v2\/media?parent=2562"}],"curies":[{"name":"wp","href":"https:\/\/api.w.org\/{rel}","templated":true}]}}