{"id":2556,"date":"2021-04-08T09:09:35","date_gmt":"2021-04-08T09:09:35","guid":{"rendered":"https:\/\/egein.com\/?page_id=2556"},"modified":"2023-02-02T11:48:44","modified_gmt":"2023-02-02T11:48:44","slug":"aviso-legal","status":"publish","type":"page","link":"https:\/\/egein.com\/es\/aviso-legal\/","title":{"rendered":"Aviso legal"},"content":{"rendered":"\t\t<div data-elementor-type=\"wp-page\" data-elementor-id=\"2556\" class=\"elementor elementor-2556\" data-elementor-post-type=\"page\">\n\t\t\t\t\t\t<section class=\"elementor-section elementor-top-section elementor-element elementor-element-66eb0aa2 elementor-section-height-min-height elementor-section-items-stretch elementor-section-boxed elementor-section-height-default\" data-id=\"66eb0aa2\" data-element_type=\"section\" data-e-type=\"section\" data-settings=\"{&quot;background_background&quot;:&quot;classic&quot;}\">\n\t\t\t\t\t\t<div class=\"elementor-container elementor-column-gap-default\">\n\t\t\t\t\t<div class=\"elementor-column elementor-col-50 elementor-top-column elementor-element elementor-element-2fcb1002\" data-id=\"2fcb1002\" data-element_type=\"column\" data-e-type=\"column\">\n\t\t\t<div class=\"elementor-widget-wrap elementor-element-populated\">\n\t\t\t\t\t\t<div class=\"elementor-element elementor-element-31371114 elementor-widget elementor-widget-heading\" data-id=\"31371114\" data-element_type=\"widget\" data-e-type=\"widget\" data-widget_type=\"heading.default\">\n\t\t\t\t<div class=\"elementor-widget-container\">\n\t\t\t\t\t<h1 class=\"elementor-heading-title elementor-size-default\">Aviso<br>Legal<\/h1>\t\t\t\t<\/div>\n\t\t\t\t<\/div>\n\t\t\t\t\t<\/div>\n\t\t<\/div>\n\t\t\t\t<div class=\"elementor-column elementor-col-50 elementor-top-column elementor-element elementor-element-6fba785b\" data-id=\"6fba785b\" data-element_type=\"column\" data-e-type=\"column\">\n\t\t\t<div class=\"elementor-widget-wrap\">\n\t\t\t\t\t\t\t<\/div>\n\t\t<\/div>\n\t\t\t\t\t<\/div>\n\t\t<\/section>\n\t\t\t\t<section class=\"elementor-section elementor-top-section elementor-element elementor-element-3782dda6 elementor-section-boxed elementor-section-height-default elementor-section-height-default\" data-id=\"3782dda6\" data-element_type=\"section\" data-e-type=\"section\">\n\t\t\t\t\t\t<div class=\"elementor-container elementor-column-gap-default\">\n\t\t\t\t\t<div class=\"elementor-column elementor-col-100 elementor-top-column elementor-element elementor-element-162faf3e\" data-id=\"162faf3e\" data-element_type=\"column\" data-e-type=\"column\">\n\t\t\t<div class=\"elementor-widget-wrap elementor-element-populated\">\n\t\t\t\t\t\t<div class=\"elementor-element elementor-element-4720be6 elementor-widget elementor-widget-text-editor\" data-id=\"4720be6\" data-element_type=\"widget\" data-e-type=\"widget\" data-widget_type=\"text-editor.default\">\n\t\t\t\t<div class=\"elementor-widget-container\">\n\t\t\t\t\t\t\t\t\t<p><span style=\"font-weight: 400;\">En cumplimiento del art\u00edculo 10 de la Ley 34\/2002, del 11 de julio, de Servicios de la Sociedad de la<\/span><\/p><p><span style=\"font-weight: 400;\">Informaci\u00f3n y Comercio Electr\u00f3nico (LSSICE) a continuaci\u00f3n se detallan los datos identificativos de la entidad:<\/span><\/p><p><span style=\"font-weight: 400;\">EGEIN<\/span><\/p><p><span style=\"font-weight: 400;\">Raz\u00f3n social: <\/span><span style=\"font-weight: 400;\">ENGINYERIA I GESTI\u00d3 D&#8217;ESPAIS INDUSTRIALS, SL<\/span><\/p><p><span style=\"font-weight: 400;\">NIF: B17493396<\/span><\/p><p><span style=\"font-weight: 400;\">Direcci\u00f3n: <\/span><span style=\"font-weight: 400;\">C\/ Areny, 29 &#8211; 17460 &#8211; Celr\u00e0 \u2013 GIRONA<\/span><\/p><p><span style=\"font-weight: 400;\">Tel\u00e9fono: <\/span><span style=\"font-weight: 400;\">972494168<\/span><\/p><p><span style=\"font-weight: 400;\">Email: <\/span><span style=\"font-weight: 400;\">info@egein.com<\/span><\/p><p><span style=\"font-weight: 400;\">Registro Mercantil de Girona: Tomo 994, Folio 200, Hoja Gi-18227, Inscripci\u00f3n primero 14\/11\/1996<\/span><\/p><p><b>FINALIDAD DEL SITIO WEB.<\/b><\/p><p><span style=\"font-weight: 400;\">\u00a0El presente sitio web tiene como finalidad principal dar a conocer los servicios ofrecidos por <\/span><span style=\"font-weight: 400;\">ENGINYERIA I GESTI\u00d3 D&#8217;ESPAIS INDUSTRIALS, SL<\/span><span style=\"font-weight: 400;\">, as\u00ed como mostrar a sus usuarios los proyectos que ya han sido realizados.<\/span><\/p><p><span style=\"font-weight: 400;\">El presente aviso legal (en adelante, \u00abAviso Legal\u00bb) regula el uso del sitio web: https:\/\/egein.com\/<\/span><\/p><p><b>LEGISLACI\u00d3N.<\/b><\/p><p><span style=\"font-weight: 400;\">Con car\u00e1cter general, las relaciones entre la entidad y los Usuarios de sus servicios telem\u00e1ticos, presentes en este sitio web, est\u00e1n sometidas a la legislaci\u00f3n y jurisdicci\u00f3n espa\u00f1olas.<\/span><\/p><p><b>USO Y ACCESO DE USUARIOS.<\/b><\/p><p><span style=\"font-weight: 400;\">El Usuario queda informado, y acepta, que el acceso a la presente web no supone, en modo alguno, el inicio de una relaci\u00f3n comercial con <\/span><span style=\"font-weight: 400;\">ENGINYERIA I GESTI\u00d3 D&#8217;ESPAIS INDUSTRIALS, SL EGEIN <\/span><span style=\"font-weight: 400;\">o cualquiera de las sus delegaciones.<\/span><\/p><p><b>PROPIEDAD INTELECTUAL E INDUSTRIAL.<\/b><\/p><p><span style=\"font-weight: 400;\">Los derechos de propiedad intelectual del contenido de las p\u00e1ginas web, su dise\u00f1o gr\u00e1fico y c\u00f3digos son titularidad de <\/span><span style=\"font-weight: 400;\">ENGINYERIA I GESTI\u00d3 D&#8217;ESPAIS INDUSTRIALS, SL EGEIN <\/span><span style=\"font-weight: 400;\">y, por tanto, queda prohibida la su reproducci\u00f3n, distribuci\u00f3n, comunicaci\u00f3n p\u00fablica, transformaci\u00f3n o cualquier otra actividad que se pueda realizar con los contenidos de sus p\u00e1ginas web ni citando las fuentes, excepto con el consentimiento por escrito de <\/span><span style=\"font-weight: 400;\">ENGINYERIA I GESTI\u00d3 D&#8217;ESPAIS INDUSTRIALS, SL EGEIN<\/span><\/p><p><b>CONTENIDO DE LA WEB Y ENLACES (LINKS).<\/b><\/p><p><span style=\"font-weight: 400;\">ENGINYERIA I GESTI\u00d3 D&#8217;ESPAIS INDUSTRIALS, SL EGEIN <\/span><span style=\"font-weight: 400;\">se reserva el derecho a actualizar, modificar o eliminar la informaci\u00f3n contenida en sus p\u00e1ginas web pudiendo incluso limitar o no permitir el acceso a esta informaci\u00f3n a ciertos usuarios.<\/span><\/p><p><span style=\"font-weight: 400;\">ENGINYERIA I GESTI\u00d3 D&#8217;ESPAIS INDUSTRIALS, SL EGEIN <\/span><span style=\"font-weight: 400;\">no asume responsabilidad alguna por la informaci\u00f3n contenida en p\u00e1ginas web de terceros a las que se pueda acceder por \u00ablinks\u00bb o enlaces desde de cualquier p\u00e1gina web propiedad de <\/span><span style=\"font-weight: 400;\">ENGINYERIA I GESTI\u00d3 D&#8217;ESPAIS INDUSTRIALS, SL EGEIN. <\/span><span style=\"font-weight: 400;\">La presencia de \u00ablinks\u00bb o enlaces a las p\u00e1ginas web de <\/span><span style=\"font-weight: 400;\">ENGINYERIA I GESTI\u00d3 D&#8217;ESPAIS INDUSTRIALS, SL EGEIN<\/span><span style=\"font-weight: 400;\">, tiene finalidad meramente informativa y en ning\u00fan caso supone sugerencia, invitaci\u00f3n o recomendaci\u00f3n sobre los mismos.<\/span><\/p><p><span style=\"font-weight: 400;\">______________________________<\/span><\/p><p><span style=\"font-weight: 400;\">Otros datos a incluir en la web dependiendo del servicio o producto ofrecido por la empresa:<\/span><\/p><p><span style=\"font-weight: 400;\">\u00a0&#8211; C\u00f3digos de conducta a los que est\u00e9n adheridos.<\/span><\/p><p><span style=\"font-weight: 400;\">\u00a0&#8211; Datos relativos a la autorizaci\u00f3n administrativa necesaria para el ejercicio de la actividad.<\/span><\/p><p><span style=\"font-weight: 400;\">\u00a0&#8211; Datos del colegio y t\u00edtulo acad\u00e9mico de profesionales que ejerzan una actividad regulada.<\/span><\/p><p><span style=\"font-weight: 400;\">\u00a0&#8211; Informaci\u00f3n adicional cuando al servicio se acceda mediante un n\u00famero de tel\u00e9fono de tarificaci\u00f3n adicional.<\/span><\/p><p><span style=\"font-weight: 400;\">\u00a0&#8211; Si adem\u00e1s realiza contratos on-line deber\u00e1 a\u00f1adir la siguiente informaci\u00f3n con car\u00e1cter previo al proceso de contrataci\u00f3n:<\/span><\/p><p><span style=\"font-weight: 400;\">\u00a0* Tr\u00e1mites que deben seguirse para contratar on-line.<\/span><\/p><p><span style=\"font-weight: 400;\">\u00a0* Si el documento electr\u00f3nico del contrato se archivar\u00e1 y si \u00e9ste ser\u00e1 accesible.<\/span><\/p><p><span style=\"font-weight: 400;\">\u00a0* Medios t\u00e9cnicos para identificar y corregir errores en la introducci\u00f3n de datos.<\/span><\/p><p><span style=\"font-weight: 400;\">\u00a0* Lengua o lenguas en las que podr\u00e1 formalizarse el contrato.<\/span><\/p><p><span style=\"font-weight: 400;\">\u00a0* Condiciones generales a que, en su caso, se sujete el contrato.<\/span><\/p><p><span style=\"font-weight: 400;\">\u00a0* Confirmar la celebraci\u00f3n del contrato por v\u00eda electr\u00f3nica, mediante el env\u00edo de un justificante de recepci\u00f3n del pedido realizado.<\/span><\/p><p>\u00a0<\/p>\t\t\t\t\t\t\t\t<\/div>\n\t\t\t\t<\/div>\n\t\t\t\t<div class=\"elementor-element elementor-element-f18c42d elementor-widget__width-auto elementor-absolute elementor-view-default elementor-widget elementor-widget-icon\" data-id=\"f18c42d\" data-element_type=\"widget\" data-e-type=\"widget\" data-settings=\"{&quot;_position&quot;:&quot;absolute&quot;}\" data-widget_type=\"icon.default\">\n\t\t\t\t<div class=\"elementor-widget-container\">\n\t\t\t\t\t\t\t<div class=\"elementor-icon-wrapper\">\n\t\t\t<div class=\"elementor-icon\">\n\t\t\t<svg xmlns=\"http:\/\/www.w3.org\/2000\/svg\" id=\"a72f1db4-4b9f-4cbc-ac4c-a54efeaf8336\" data-name=\"Layer 1\" width=\"100\" height=\"100\" viewBox=\"0 0 100 100\"><title>Shape<\/title><path id=\"aecdc5f9-a79f-465f-8b06-186d589ccd57\" data-name=\"Shape\" d=\"M0,100V0H50V50h50v50Z\" style=\"fill-rule:evenodd\"><\/path><\/svg>\t\t\t<\/div>\n\t\t<\/div>\n\t\t\t\t\t\t<\/div>\n\t\t\t\t<\/div>\n\t\t\t\t<div class=\"elementor-element elementor-element-418a84a0 elementor-widget__width-auto elementor-absolute elementor-view-default elementor-widget elementor-widget-icon\" data-id=\"418a84a0\" data-element_type=\"widget\" data-e-type=\"widget\" data-settings=\"{&quot;_position&quot;:&quot;absolute&quot;}\" data-widget_type=\"icon.default\">\n\t\t\t\t<div class=\"elementor-widget-container\">\n\t\t\t\t\t\t\t<div class=\"elementor-icon-wrapper\">\n\t\t\t<div class=\"elementor-icon\">\n\t\t\t<svg xmlns=\"http:\/\/www.w3.org\/2000\/svg\" id=\"a72f1db4-4b9f-4cbc-ac4c-a54efeaf8336\" data-name=\"Layer 1\" width=\"100\" height=\"100\" viewBox=\"0 0 100 100\"><title>Shape<\/title><path id=\"aecdc5f9-a79f-465f-8b06-186d589ccd57\" data-name=\"Shape\" d=\"M0,100V0H50V50h50v50Z\" style=\"fill-rule:evenodd\"><\/path><\/svg>\t\t\t<\/div>\n\t\t<\/div>\n\t\t\t\t\t\t<\/div>\n\t\t\t\t<\/div>\n\t\t\t\t\t<\/div>\n\t\t<\/div>\n\t\t\t\t\t<\/div>\n\t\t<\/section>\n\t\t\t\t<\/div>\n\t\t","protected":false},"excerpt":{"rendered":"<p>AvisoLegal En cumplimiento del art\u00edculo 10 de la Ley 34\/2002, del 11 de julio, de Servicios de la Sociedad de la Informaci\u00f3n y Comercio Electr\u00f3nico (LSSICE) a continuaci\u00f3n se detallan los datos identificativos de la entidad: EGEIN Raz\u00f3n social: ENGINYERIA I GESTI\u00d3 D&#8217;ESPAIS INDUSTRIALS, SL NIF: B17493396 Direcci\u00f3n: C\/ Areny, 29 &#8211; 17460 &#8211; Celr\u00e0 [&hellip;]<\/p>\n","protected":false},"author":1,"featured_media":0,"parent":0,"menu_order":0,"comment_status":"closed","ping_status":"closed","template":"","meta":{"footnotes":""},"class_list":["post-2556","page","type-page","status-publish","hentry"],"_links":{"self":[{"href":"https:\/\/egein.com\/es\/wp-json\/wp\/v2\/pages\/2556","targetHints":{"allow":["GET"]}}],"collection":[{"href":"https:\/\/egein.com\/es\/wp-json\/wp\/v2\/pages"}],"about":[{"href":"https:\/\/egein.com\/es\/wp-json\/wp\/v2\/types\/page"}],"author":[{"embeddable":true,"href":"https:\/\/egein.com\/es\/wp-json\/wp\/v2\/users\/1"}],"replies":[{"embeddable":true,"href":"https:\/\/egein.com\/es\/wp-json\/wp\/v2\/comments?post=2556"}],"version-history":[{"count":1,"href":"https:\/\/egein.com\/es\/wp-json\/wp\/v2\/pages\/2556\/revisions"}],"predecessor-version":[{"id":17775,"href":"https:\/\/egein.com\/es\/wp-json\/wp\/v2\/pages\/2556\/revisions\/17775"}],"wp:attachment":[{"href":"https:\/\/egein.com\/es\/wp-json\/wp\/v2\/media?parent=2556"}],"curies":[{"name":"wp","href":"https:\/\/api.w.org\/{rel}","templated":true}]}}