{"id":250,"date":"2021-01-21T12:40:03","date_gmt":"2021-01-21T12:40:03","guid":{"rendered":"https:\/\/egein.com\/?page_id=250"},"modified":"2023-12-05T11:17:58","modified_gmt":"2023-12-05T10:17:58","slug":"construccion-de-naves-con-camaras-frigorificas","status":"publish","type":"page","link":"https:\/\/egein.com\/es\/construccion-de-naves-con-camaras-frigorificas\/","title":{"rendered":"Construcci\u00f3n industrial de naves  frigor\u00edficas"},"content":{"rendered":"\t\t<div data-elementor-type=\"wp-page\" data-elementor-id=\"250\" class=\"elementor elementor-250\" data-elementor-post-type=\"page\">\n\t\t\t\t\t\t<section class=\"elementor-section elementor-top-section elementor-element elementor-element-142696da elementor-section-height-min-height elementor-section-items-stretch elementor-section-boxed elementor-section-height-default\" data-id=\"142696da\" data-element_type=\"section\" data-e-type=\"section\" data-settings=\"{&quot;background_background&quot;:&quot;classic&quot;,&quot;background_motion_fx_motion_fx_scrolling&quot;:&quot;yes&quot;,&quot;background_motion_fx_translateX_effect&quot;:&quot;yes&quot;,&quot;background_motion_fx_translateX_direction&quot;:&quot;negative&quot;,&quot;background_motion_fx_translateX_speed&quot;:{&quot;unit&quot;:&quot;px&quot;,&quot;size&quot;:0.8,&quot;sizes&quot;:[]},&quot;background_motion_fx_translateX_affectedRange&quot;:{&quot;unit&quot;:&quot;%&quot;,&quot;size&quot;:&quot;&quot;,&quot;sizes&quot;:{&quot;start&quot;:0,&quot;end&quot;:100}},&quot;background_motion_fx_devices&quot;:[&quot;desktop&quot;,&quot;tablet&quot;,&quot;mobile&quot;]}\">\n\t\t\t\t\t\t<div class=\"elementor-container elementor-column-gap-default\">\n\t\t\t\t\t<div class=\"elementor-column elementor-col-100 elementor-top-column elementor-element elementor-element-5ed8cf8d\" data-id=\"5ed8cf8d\" data-element_type=\"column\" data-e-type=\"column\">\n\t\t\t<div class=\"elementor-widget-wrap\">\n\t\t\t\t\t\t\t<\/div>\n\t\t<\/div>\n\t\t\t\t\t<\/div>\n\t\t<\/section>\n\t\t\t\t<section class=\"elementor-section elementor-top-section elementor-element elementor-element-e35b2c2 elementor-section-boxed elementor-section-height-default elementor-section-height-default\" data-id=\"e35b2c2\" data-element_type=\"section\" data-e-type=\"section\">\n\t\t\t\t\t\t<div class=\"elementor-container elementor-column-gap-default\">\n\t\t\t\t\t<div class=\"elementor-column elementor-col-100 elementor-top-column elementor-element elementor-element-440aa464\" data-id=\"440aa464\" data-element_type=\"column\" data-e-type=\"column\">\n\t\t\t<div class=\"elementor-widget-wrap elementor-element-populated\">\n\t\t\t\t\t\t<div class=\"elementor-element elementor-element-63935e8e elementor-widget__width-auto elementor-absolute elementor-view-default elementor-widget elementor-widget-icon\" data-id=\"63935e8e\" data-element_type=\"widget\" data-e-type=\"widget\" data-settings=\"{&quot;_position&quot;:&quot;absolute&quot;}\" data-widget_type=\"icon.default\">\n\t\t\t\t<div class=\"elementor-widget-container\">\n\t\t\t\t\t\t\t<div class=\"elementor-icon-wrapper\">\n\t\t\t<div class=\"elementor-icon\">\n\t\t\t<svg xmlns=\"http:\/\/www.w3.org\/2000\/svg\" id=\"a72f1db4-4b9f-4cbc-ac4c-a54efeaf8336\" data-name=\"Layer 1\" width=\"100\" height=\"100\" viewBox=\"0 0 100 100\"><title>Shape<\/title><path id=\"aecdc5f9-a79f-465f-8b06-186d589ccd57\" data-name=\"Shape\" d=\"M0,100V0H50V50h50v50Z\" style=\"fill-rule:evenodd\"><\/path><\/svg>\t\t\t<\/div>\n\t\t<\/div>\n\t\t\t\t\t\t<\/div>\n\t\t\t\t<\/div>\n\t\t\t\t<section class=\"elementor-section elementor-inner-section elementor-element elementor-element-123a0273 elementor-section-full_width elementor-section-height-default elementor-section-height-default\" data-id=\"123a0273\" data-element_type=\"section\" data-e-type=\"section\">\n\t\t\t\t\t\t<div class=\"elementor-container elementor-column-gap-default\">\n\t\t\t\t\t<div class=\"elementor-column elementor-col-50 elementor-inner-column elementor-element elementor-element-5555b46a\" data-id=\"5555b46a\" data-element_type=\"column\" data-e-type=\"column\">\n\t\t\t<div class=\"elementor-widget-wrap elementor-element-populated\">\n\t\t\t\t\t\t<div class=\"elementor-element elementor-element-6b35c51 elementor-widget elementor-widget-heading\" data-id=\"6b35c51\" data-element_type=\"widget\" data-e-type=\"widget\" data-widget_type=\"heading.default\">\n\t\t\t\t<div class=\"elementor-widget-container\">\n\t\t\t\t\t<h1 class=\"elementor-heading-title elementor-size-default\">Construcci\u00f3n industrial de naves  frigor\u00edficas<\/h1>\t\t\t\t<\/div>\n\t\t\t\t<\/div>\n\t\t\t\t\t<\/div>\n\t\t<\/div>\n\t\t\t\t<div class=\"elementor-column elementor-col-50 elementor-inner-column elementor-element elementor-element-6e921841\" data-id=\"6e921841\" data-element_type=\"column\" data-e-type=\"column\">\n\t\t\t<div class=\"elementor-widget-wrap elementor-element-populated\">\n\t\t\t\t\t\t<div class=\"elementor-element elementor-element-690513e1 elementor-widget elementor-widget-text-editor\" data-id=\"690513e1\" data-element_type=\"widget\" data-e-type=\"widget\" data-widget_type=\"text-editor.default\">\n\t\t\t\t<div class=\"elementor-widget-container\">\n\t\t\t\t\t\t\t\t\t<p>Les ayudamos a encontrar la soluci\u00f3n m\u00e1s r\u00e1pida y m\u00e1s econ\u00f3mica para construir almacenes o naves industriales con c\u00e1maras frigor\u00edficas.<\/p><p><span style=\"color: var( --e-global-color-text );\">Dise\u00f1amos e instalamos edificios y c\u00e1maras destinadas para almacenes frigor\u00edficos. Montamos paneles aislantes t\u00e9rmicos, centrales frigor\u00edficas con CO2, amon\u00edaco o glicol seg\u00fan las necesidades de cada proyecto.<\/span><\/p><p>Realizamos el estudio t\u00e9cnico de ingenier\u00eda para encontrar las mejores soluciones en eficiencia energ\u00e9tica.<\/p>\t\t\t\t\t\t\t\t<\/div>\n\t\t\t\t<\/div>\n\t\t\t\t\t<\/div>\n\t\t<\/div>\n\t\t\t\t\t<\/div>\n\t\t<\/section>\n\t\t\t\t<div class=\"elementor-element elementor-element-f1b79bf elementor-widget elementor-widget-heading\" data-id=\"f1b79bf\" data-element_type=\"widget\" data-e-type=\"widget\" data-widget_type=\"heading.default\">\n\t\t\t\t<div class=\"elementor-widget-container\">\n\t\t\t\t\t<h2 class=\"elementor-heading-title elementor-size-default\">Especificaciones<\/h2>\t\t\t\t<\/div>\n\t\t\t\t<\/div>\n\t\t\t\t<div class=\"elementor-element elementor-element-7ceb2ed0 elementor-widget elementor-widget-text-editor\" data-id=\"7ceb2ed0\" data-element_type=\"widget\" data-e-type=\"widget\" data-widget_type=\"text-editor.default\">\n\t\t\t\t<div class=\"elementor-widget-container\">\n\t\t\t\t\t\t\t\t\t<p>Somos especialistas en construcci\u00f3n de naves y almacenes refrigerados, con las mejores soluciones para\u00a0 paneles, puertas e instalaciones de equipos de fr\u00edo industrial.<\/p>\t\t\t\t\t\t\t\t<\/div>\n\t\t\t\t<\/div>\n\t\t\t\t<div class=\"elementor-element elementor-element-645b3d0 elementor-widget elementor-widget-heading\" data-id=\"645b3d0\" data-element_type=\"widget\" data-e-type=\"widget\" data-widget_type=\"heading.default\">\n\t\t\t\t<div class=\"elementor-widget-container\">\n\t\t\t\t\t<h2 class=\"elementor-heading-title elementor-size-default\">Seguridad alimentaria<\/h2>\t\t\t\t<\/div>\n\t\t\t\t<\/div>\n\t\t\t\t<div class=\"elementor-element elementor-element-4ce9e5f elementor-mobile-align-start elementor-icon-list--layout-traditional elementor-list-item-link-full_width elementor-widget elementor-widget-icon-list\" data-id=\"4ce9e5f\" data-element_type=\"widget\" data-e-type=\"widget\" data-widget_type=\"icon-list.default\">\n\t\t\t\t<div class=\"elementor-widget-container\">\n\t\t\t\t\t\t\t<ul class=\"elementor-icon-list-items\">\n\t\t\t\t\t\t\t<li class=\"elementor-icon-list-item\">\n\t\t\t\t\t\t\t\t\t\t\t<span class=\"elementor-icon-list-icon\">\n\t\t\t\t\t\t\t<i aria-hidden=\"true\" class=\"fas fa-check-circle\"><\/i>\t\t\t\t\t\t<\/span>\n\t\t\t\t\t\t\t\t\t\t<span class=\"elementor-icon-list-text\">Implantamos est\u00e1ndares de gesti\u00f3n de Seguridad Alimentaria:<b> ISO 22000, BRC i IFS.<\/b><\/span>\n\t\t\t\t\t\t\t\t\t<\/li>\n\t\t\t\t\t\t\t\t<li class=\"elementor-icon-list-item\">\n\t\t\t\t\t\t\t\t\t\t\t<span class=\"elementor-icon-list-icon\">\n\t\t\t\t\t\t\t<i aria-hidden=\"true\" class=\"fas fa-check-circle\"><\/i>\t\t\t\t\t\t<\/span>\n\t\t\t\t\t\t\t\t\t\t<span class=\"elementor-icon-list-text\">Realizamos consultor\u00eda en Seguridad Alimentaria y Tratamiento de Aguas.<\/span>\n\t\t\t\t\t\t\t\t\t<\/li>\n\t\t\t\t\t\t\t\t<li class=\"elementor-icon-list-item\">\n\t\t\t\t\t\t\t\t\t\t\t<span class=\"elementor-icon-list-icon\">\n\t\t\t\t\t\t\t<i aria-hidden=\"true\" class=\"fas fa-check-circle\"><\/i>\t\t\t\t\t\t<\/span>\n\t\t\t\t\t\t\t\t\t\t<span class=\"elementor-icon-list-text\">Elaboramos el sistema de An\u00e1lisis de Peligro y de Puntos Cr\u00edticos (APPCC).<\/span>\n\t\t\t\t\t\t\t\t\t<\/li>\n\t\t\t\t\t\t\t\t<li class=\"elementor-icon-list-item\">\n\t\t\t\t\t\t\t\t\t\t\t<span class=\"elementor-icon-list-icon\">\n\t\t\t\t\t\t\t<i aria-hidden=\"true\" class=\"fas fa-check-circle\"><\/i>\t\t\t\t\t\t<\/span>\n\t\t\t\t\t\t\t\t\t\t<span class=\"elementor-icon-list-text\">Expertos en la mejoria de la Trazabilidad Alimentaria.<\/span>\n\t\t\t\t\t\t\t\t\t<\/li>\n\t\t\t\t\t\t<\/ul>\n\t\t\t\t\t\t<\/div>\n\t\t\t\t<\/div>\n\t\t\t\t<div class=\"elementor-element elementor-element-5ce4e8fc elementor-widget elementor-widget-heading\" data-id=\"5ce4e8fc\" data-element_type=\"widget\" data-e-type=\"widget\" data-widget_type=\"heading.default\">\n\t\t\t\t<div class=\"elementor-widget-container\">\n\t\t\t\t\t<h2 class=\"elementor-heading-title elementor-size-default\">Proyectos de Construcciones de naves industriales refrigeradas:<\/h2>\t\t\t\t<\/div>\n\t\t\t\t<\/div>\n\t\t\t\t<div class=\"elementor-element elementor-element-4fca8360 elementor-grid-3 elementor-grid-tablet-2 elementor-grid-mobile-1 elementor-posts--thumbnail-top elementor-widget elementor-widget-posts\" data-id=\"4fca8360\" data-element_type=\"widget\" data-e-type=\"widget\" data-settings=\"{&quot;classic_row_gap&quot;:{&quot;unit&quot;:&quot;px&quot;,&quot;size&quot;:&quot;50&quot;,&quot;sizes&quot;:[]},&quot;classic_columns&quot;:&quot;3&quot;,&quot;classic_columns_tablet&quot;:&quot;2&quot;,&quot;classic_columns_mobile&quot;:&quot;1&quot;,&quot;classic_row_gap_tablet&quot;:{&quot;unit&quot;:&quot;px&quot;,&quot;size&quot;:&quot;&quot;,&quot;sizes&quot;:[]},&quot;classic_row_gap_mobile&quot;:{&quot;unit&quot;:&quot;px&quot;,&quot;size&quot;:&quot;&quot;,&quot;sizes&quot;:[]}}\" data-widget_type=\"posts.classic\">\n\t\t\t\t<div class=\"elementor-widget-container\">\n\t\t\t\t\t\t\t<div class=\"elementor-posts-container elementor-posts elementor-posts--skin-classic elementor-grid\" role=\"list\">\n\t\t\t\t<article class=\"elementor-post elementor-grid-item post-1029 post type-post status-publish format-standard has-post-thumbnail hentry category-construccion-industrial-prefabricada category-construcciones-de-naves-frigorificas category-construccion-industrial category-construcciones-oficinas category-construccion-prefabricado category-sector-alimentario\" role=\"listitem\">\n\t\t\t\t<a class=\"elementor-post__thumbnail__link\" href=\"https:\/\/egein.com\/es\/construcciones-industriales-prefabricadas-embotits-caula\/\" tabindex=\"-1\" >\n\t\t\t<div class=\"elementor-post__thumbnail\"><img fetchpriority=\"high\" decoding=\"async\" width=\"900\" height=\"600\" src=\"https:\/\/egein.com\/wp-content\/uploads\/2021\/03\/rehabilitacion-edificio-industrial-embotits-caula-2.jpg\" class=\"attachment-full size-full wp-image-1033\" alt=\"construcciones-industriales-prefabricadas-embotits-caula-5\" srcset=\"https:\/\/egein.com\/wp-content\/uploads\/2021\/03\/rehabilitacion-edificio-industrial-embotits-caula-2.jpg 900w, https:\/\/egein.com\/wp-content\/uploads\/2021\/03\/rehabilitacion-edificio-industrial-embotits-caula-2-300x200.jpg 300w, https:\/\/egein.com\/wp-content\/uploads\/2021\/03\/rehabilitacion-edificio-industrial-embotits-caula-2-768x512.jpg 768w\" sizes=\"(max-width: 900px) 100vw, 900px\" \/><\/div>\n\t\t<\/a>\n\t\t\t\t<div class=\"elementor-post__text\">\n\t\t\t\t<h3 class=\"elementor-post__title\">\n\t\t\t<a href=\"https:\/\/egein.com\/es\/construcciones-industriales-prefabricadas-embotits-caula\/\" >\n\t\t\t\tConstrucci\u00f3n nave industrial prefabricada Embotits Caula\t\t\t<\/a>\n\t\t<\/h3>\n\t\t\n\t\t<a class=\"elementor-post__read-more\" href=\"https:\/\/egein.com\/es\/construcciones-industriales-prefabricadas-embotits-caula\/\" aria-label=\"M\u00e1s informaci\u00f3n sobre Construcci\u00f3n nave industrial prefabricada Embotits Caula\" tabindex=\"-1\" >\n\t\t\tVer proyecto\t\t<\/a>\n\n\t\t\t\t<\/div>\n\t\t\t\t<\/article>\n\t\t\t\t<article class=\"elementor-post elementor-grid-item post-889 post type-post status-publish format-standard has-post-thumbnail hentry category-construcciones-de-naves-frigorificas category-construccion-de-acero category-construcciones-oficinas category-sector-alimentario\" role=\"listitem\">\n\t\t\t\t<a class=\"elementor-post__thumbnail__link\" href=\"https:\/\/egein.com\/es\/construccion-nave-refrigerada-acero-illas-juli\/\" tabindex=\"-1\" >\n\t\t\t<div class=\"elementor-post__thumbnail\"><img decoding=\"async\" width=\"896\" height=\"600\" src=\"https:\/\/egein.com\/wp-content\/uploads\/2021\/04\/construccion-industrial-acero-illas-juli-4.jpg\" class=\"attachment-full size-full wp-image-2417\" alt=\"\" srcset=\"https:\/\/egein.com\/wp-content\/uploads\/2021\/04\/construccion-industrial-acero-illas-juli-4.jpg 896w, https:\/\/egein.com\/wp-content\/uploads\/2021\/04\/construccion-industrial-acero-illas-juli-4-300x201.jpg 300w, https:\/\/egein.com\/wp-content\/uploads\/2021\/04\/construccion-industrial-acero-illas-juli-4-768x514.jpg 768w\" sizes=\"(max-width: 896px) 100vw, 896px\" \/><\/div>\n\t\t<\/a>\n\t\t\t\t<div class=\"elementor-post__text\">\n\t\t\t\t<h3 class=\"elementor-post__title\">\n\t\t\t<a href=\"https:\/\/egein.com\/es\/construccion-nave-refrigerada-acero-illas-juli\/\" >\n\t\t\t\tConstrucci\u00f3n nave industrial refrigerada Illas-Juli\t\t\t<\/a>\n\t\t<\/h3>\n\t\t\n\t\t<a class=\"elementor-post__read-more\" href=\"https:\/\/egein.com\/es\/construccion-nave-refrigerada-acero-illas-juli\/\" aria-label=\"M\u00e1s informaci\u00f3n sobre Construcci\u00f3n nave industrial refrigerada Illas-Juli\" tabindex=\"-1\" >\n\t\t\tVer proyecto\t\t<\/a>\n\n\t\t\t\t<\/div>\n\t\t\t\t<\/article>\n\t\t\t\t<article class=\"elementor-post elementor-grid-item post-1182 post type-post status-publish format-standard has-post-thumbnail hentry category-construcciones-de-naves-frigorificas category-construccion-de-plataformas-logisticas category-construccion-de-acero category-construcciones-oficinas category-proyectos-destacados category-sector-logistico tag-construcciones\" role=\"listitem\">\n\t\t\t\t<a class=\"elementor-post__thumbnail__link\" href=\"https:\/\/egein.com\/es\/construcciones-industriales-con-estructuras-metalicas-groupe-chabas\/\" tabindex=\"-1\" >\n\t\t\t<div class=\"elementor-post__thumbnail\"><img decoding=\"async\" width=\"899\" height=\"600\" src=\"https:\/\/egein.com\/wp-content\/uploads\/2021\/03\/Construcciones-industriales-estructuras-metalicas-Groupe-Chabas-11.jpg\" class=\"attachment-full size-full wp-image-1194\" alt=\"construccion-plataformas-logisticas-groupe-chabas-95\" srcset=\"https:\/\/egein.com\/wp-content\/uploads\/2021\/03\/Construcciones-industriales-estructuras-metalicas-Groupe-Chabas-11.jpg 899w, https:\/\/egein.com\/wp-content\/uploads\/2021\/03\/Construcciones-industriales-estructuras-metalicas-Groupe-Chabas-11-300x200.jpg 300w, https:\/\/egein.com\/wp-content\/uploads\/2021\/03\/Construcciones-industriales-estructuras-metalicas-Groupe-Chabas-11-768x513.jpg 768w\" sizes=\"(max-width: 899px) 100vw, 899px\" \/><\/div>\n\t\t<\/a>\n\t\t\t\t<div class=\"elementor-post__text\">\n\t\t\t\t<h3 class=\"elementor-post__title\">\n\t\t\t<a href=\"https:\/\/egein.com\/es\/construcciones-industriales-con-estructuras-metalicas-groupe-chabas\/\" >\n\t\t\t\tConstrucci\u00f3n de nave industrial refrigerada Groupe Chabas\t\t\t<\/a>\n\t\t<\/h3>\n\t\t\n\t\t<a class=\"elementor-post__read-more\" href=\"https:\/\/egein.com\/es\/construcciones-industriales-con-estructuras-metalicas-groupe-chabas\/\" aria-label=\"M\u00e1s informaci\u00f3n sobre Construcci\u00f3n de nave industrial refrigerada Groupe Chabas\" tabindex=\"-1\" >\n\t\t\tVer proyecto\t\t<\/a>\n\n\t\t\t\t<\/div>\n\t\t\t\t<\/article>\n\t\t\t\t<\/div>\n\t\t\n\t\t\t\t\t\t<\/div>\n\t\t\t\t<\/div>\n\t\t\t\t<section class=\"elementor-section elementor-inner-section elementor-element elementor-element-286bede9 elementor-section-boxed elementor-section-height-default elementor-section-height-default\" data-id=\"286bede9\" data-element_type=\"section\" data-e-type=\"section\">\n\t\t\t\t\t\t<div class=\"elementor-container elementor-column-gap-default\">\n\t\t\t\t\t<div class=\"elementor-column elementor-col-50 elementor-inner-column elementor-element elementor-element-7b771477\" data-id=\"7b771477\" data-element_type=\"column\" data-e-type=\"column\">\n\t\t\t<div class=\"elementor-widget-wrap elementor-element-populated\">\n\t\t\t\t\t\t<div class=\"elementor-element elementor-element-34c4301a elementor-widget elementor-widget-heading\" data-id=\"34c4301a\" data-element_type=\"widget\" data-e-type=\"widget\" data-widget_type=\"heading.default\">\n\t\t\t\t<div class=\"elementor-widget-container\">\n\t\t\t\t\t<h3 class=\"elementor-heading-title elementor-size-default\">Nuestros clientes\n<\/h3>\t\t\t\t<\/div>\n\t\t\t\t<\/div>\n\t\t\t\t<div class=\"elementor-element elementor-element-2ee032d8 elementor-widget elementor-widget-heading\" data-id=\"2ee032d8\" data-element_type=\"widget\" data-e-type=\"widget\" data-widget_type=\"heading.default\">\n\t\t\t\t<div class=\"elementor-widget-container\">\n\t\t\t\t\t<h2 class=\"elementor-heading-title elementor-size-default\">Clientes de naves industriales refrigeradas<\/h2>\t\t\t\t<\/div>\n\t\t\t\t<\/div>\n\t\t\t\t\t<\/div>\n\t\t<\/div>\n\t\t\t\t<div class=\"elementor-column elementor-col-50 elementor-inner-column elementor-element elementor-element-978128f\" data-id=\"978128f\" data-element_type=\"column\" data-e-type=\"column\">\n\t\t\t<div class=\"elementor-widget-wrap elementor-element-populated\">\n\t\t\t\t\t\t<div class=\"elementor-element elementor-element-ee5e735 elementor-skin-carousel elementor-arrows-yes elementor-pagination-type-bullets elementor-pagination-position-outside elementor-widget elementor-widget-media-carousel\" data-id=\"ee5e735\" data-element_type=\"widget\" data-e-type=\"widget\" data-settings=\"{&quot;slides_per_view&quot;:&quot;3&quot;,&quot;slides_to_scroll&quot;:&quot;1&quot;,&quot;space_between&quot;:{&quot;unit&quot;:&quot;px&quot;,&quot;size&quot;:0,&quot;sizes&quot;:[]},&quot;skin&quot;:&quot;carousel&quot;,&quot;effect&quot;:&quot;slide&quot;,&quot;show_arrows&quot;:&quot;yes&quot;,&quot;pagination&quot;:&quot;bullets&quot;,&quot;speed&quot;:500,&quot;autoplay&quot;:&quot;yes&quot;,&quot;autoplay_speed&quot;:5000,&quot;loop&quot;:&quot;yes&quot;,&quot;pause_on_hover&quot;:&quot;yes&quot;,&quot;pause_on_interaction&quot;:&quot;yes&quot;,&quot;space_between_tablet&quot;:{&quot;unit&quot;:&quot;px&quot;,&quot;size&quot;:10,&quot;sizes&quot;:[]},&quot;space_between_mobile&quot;:{&quot;unit&quot;:&quot;px&quot;,&quot;size&quot;:10,&quot;sizes&quot;:[]}}\" data-widget_type=\"media-carousel.default\">\n\t\t\t\t<div class=\"elementor-widget-container\">\n\t\t\t\t\t\t\t\t\t<div class=\"elementor-swiper\">\n\t\t\t\t\t<div class=\"elementor-main-swiper swiper\" role=\"region\" aria-roledescription=\"carousel\" aria-label=\"Diapositivas\">\n\t\t\t\t<div class=\"swiper-wrapper\">\n\t\t\t\t\t\t\t\t\t\t\t<div class=\"swiper-slide\" role=\"group\" aria-roledescription=\"slide\">\n\t\t\t\t\t\t\t<a href=\"https:\/\/egein.com\/es\/construcciones-industriales-con-estructuras-metalicas-groupe-chabas\/\">\t\t<div class=\"elementor-carousel-image\" role=\"img\" aria-label=\"logo-chabas\" style=\"background-image: url(&#039;https:\/\/egein.com\/wp-content\/uploads\/2021\/03\/logo-chabas-150x150.jpg&#039;)\">\n\n\t\t\t\n\t\t\t\t\t<\/div>\n\t\t<\/a>\t\t\t\t\t\t<\/div>\n\t\t\t\t\t\t\t\t\t\t\t<div class=\"swiper-slide\" role=\"group\" aria-roledescription=\"slide\">\n\t\t\t\t\t\t\t<a href=\"https:\/\/egein.com\/es\/construcciones-industriales-prefabricadas-embotits-caula\/\">\t\t<div class=\"elementor-carousel-image\" role=\"img\" aria-label=\"logo-caula\" style=\"background-image: url(&#039;https:\/\/egein.com\/wp-content\/uploads\/2021\/01\/logo-caula-150x150.jpg&#039;)\">\n\n\t\t\t\n\t\t\t\t\t<\/div>\n\t\t<\/a>\t\t\t\t\t\t<\/div>\n\t\t\t\t\t\t\t\t\t\t\t<div class=\"swiper-slide\" role=\"group\" aria-roledescription=\"slide\">\n\t\t\t\t\t\t\t<a href=\"https:\/\/egein.com\/es\/construccion-nave-refrigerada-acero-illas-juli\/\">\t\t<div class=\"elementor-carousel-image\" role=\"img\" aria-label=\"logo-illas-juli\" style=\"background-image: url(&#039;https:\/\/egein.com\/wp-content\/uploads\/2021\/03\/Logo-Illas-Juli-150x150.png&#039;)\">\n\n\t\t\t\n\t\t\t\t\t<\/div>\n\t\t<\/a>\t\t\t\t\t\t<\/div>\n\t\t\t\t\t\t\t\t\t<\/div>\n\t\t\t\t\t\t\t\t\t\t\t\t\t\t\t<div class=\"elementor-swiper-button elementor-swiper-button-prev\" role=\"button\" tabindex=\"0\" aria-label=\"Anterior\">\n\t\t\t\t\t\t\t<i aria-hidden=\"true\" class=\"eicon-chevron-left\"><\/i>\t\t\t\t\t\t<\/div>\n\t\t\t\t\t\t<div class=\"elementor-swiper-button elementor-swiper-button-next\" role=\"button\" tabindex=\"0\" aria-label=\"Siguiente\">\n\t\t\t\t\t\t\t<i aria-hidden=\"true\" class=\"eicon-chevron-right\"><\/i>\t\t\t\t\t\t<\/div>\n\t\t\t\t\t\t\t\t\t\t\t\t\t\t\t\t<div class=\"swiper-pagination\"><\/div>\n\t\t\t\t\t\t\t\t\t\t\t\t<\/div>\n\t\t\t\t<\/div>\n\t\t\t\t\t\t\t\t<\/div>\n\t\t\t\t<\/div>\n\t\t\t\t\t<\/div>\n\t\t<\/div>\n\t\t\t\t\t<\/div>\n\t\t<\/section>\n\t\t\t\t\t<\/div>\n\t\t<\/div>\n\t\t\t\t\t<\/div>\n\t\t<\/section>\n\t\t\t\t<\/div>\n\t\t","protected":false},"excerpt":{"rendered":"<p>Shape Les ayudamos a encontrar la soluci\u00f3n m\u00e1s r\u00e1pida y m\u00e1s econ\u00f3mica para construir almacenes o naves industriales con c\u00e1maras frigor\u00edficas. Dise\u00f1amos e instalamos edificios<\/p>\n","protected":false},"author":1,"featured_media":2093,"parent":0,"menu_order":0,"comment_status":"closed","ping_status":"closed","template":"elementor_header_footer","meta":{"footnotes":""},"class_list":["post-250","page","type-page","status-publish","has-post-thumbnail","hentry"],"_links":{"self":[{"href":"https:\/\/egein.com\/es\/wp-json\/wp\/v2\/pages\/250","targetHints":{"allow":["GET"]}}],"collection":[{"href":"https:\/\/egein.com\/es\/wp-json\/wp\/v2\/pages"}],"about":[{"href":"https:\/\/egein.com\/es\/wp-json\/wp\/v2\/types\/page"}],"author":[{"embeddable":true,"href":"https:\/\/egein.com\/es\/wp-json\/wp\/v2\/users\/1"}],"replies":[{"embeddable":true,"href":"https:\/\/egein.com\/es\/wp-json\/wp\/v2\/comments?post=250"}],"version-history":[{"count":0,"href":"https:\/\/egein.com\/es\/wp-json\/wp\/v2\/pages\/250\/revisions"}],"wp:featuredmedia":[{"embeddable":true,"href":"https:\/\/egein.com\/es\/wp-json\/wp\/v2\/media\/2093"}],"wp:attachment":[{"href":"https:\/\/egein.com\/es\/wp-json\/wp\/v2\/media?parent=250"}],"curies":[{"name":"wp","href":"https:\/\/api.w.org\/{rel}","templated":true}]}}