{"id":1763,"date":"2021-03-19T13:56:03","date_gmt":"2021-03-19T13:56:03","guid":{"rendered":"https:\/\/egein.com\/?page_id=1763"},"modified":"2023-12-05T11:06:55","modified_gmt":"2023-12-05T10:06:55","slug":"construccion-comercial-de-acero","status":"publish","type":"page","link":"https:\/\/egein.com\/es\/construccion-comercial-de-acero\/","title":{"rendered":"Construcci\u00f3n nave comercial de acero"},"content":{"rendered":"\t\t<div data-elementor-type=\"wp-page\" data-elementor-id=\"1763\" class=\"elementor elementor-1763\" data-elementor-post-type=\"page\">\n\t\t\t\t\t\t<section class=\"elementor-section elementor-top-section elementor-element elementor-element-47725aba elementor-section-height-min-height elementor-section-items-stretch elementor-section-boxed elementor-section-height-default\" data-id=\"47725aba\" data-element_type=\"section\" data-e-type=\"section\" data-settings=\"{&quot;background_background&quot;:&quot;classic&quot;}\">\n\t\t\t\t\t\t<div class=\"elementor-container elementor-column-gap-default\">\n\t\t\t\t\t<div class=\"elementor-column elementor-col-100 elementor-top-column elementor-element elementor-element-c4f92e6\" data-id=\"c4f92e6\" data-element_type=\"column\" data-e-type=\"column\">\n\t\t\t<div class=\"elementor-widget-wrap\">\n\t\t\t\t\t\t\t<\/div>\n\t\t<\/div>\n\t\t\t\t\t<\/div>\n\t\t<\/section>\n\t\t\t\t<section class=\"elementor-section elementor-top-section elementor-element elementor-element-5d6be9d9 elementor-section-boxed elementor-section-height-default elementor-section-height-default\" data-id=\"5d6be9d9\" data-element_type=\"section\" data-e-type=\"section\">\n\t\t\t\t\t\t<div class=\"elementor-container elementor-column-gap-default\">\n\t\t\t\t\t<div class=\"elementor-column elementor-col-100 elementor-top-column elementor-element elementor-element-6b0c2550\" data-id=\"6b0c2550\" data-element_type=\"column\" data-e-type=\"column\">\n\t\t\t<div class=\"elementor-widget-wrap elementor-element-populated\">\n\t\t\t\t\t\t<div class=\"elementor-element elementor-element-503ed904 elementor-widget__width-auto elementor-absolute elementor-widget-mobile__width-initial elementor-view-default elementor-widget elementor-widget-icon\" data-id=\"503ed904\" data-element_type=\"widget\" data-e-type=\"widget\" data-settings=\"{&quot;_position&quot;:&quot;absolute&quot;}\" data-widget_type=\"icon.default\">\n\t\t\t\t<div class=\"elementor-widget-container\">\n\t\t\t\t\t\t\t<div class=\"elementor-icon-wrapper\">\n\t\t\t<div class=\"elementor-icon\">\n\t\t\t<svg xmlns=\"http:\/\/www.w3.org\/2000\/svg\" id=\"a72f1db4-4b9f-4cbc-ac4c-a54efeaf8336\" data-name=\"Layer 1\" width=\"100\" height=\"100\" viewBox=\"0 0 100 100\"><title>Shape<\/title><path id=\"aecdc5f9-a79f-465f-8b06-186d589ccd57\" data-name=\"Shape\" d=\"M0,100V0H50V50h50v50Z\" style=\"fill-rule:evenodd\"><\/path><\/svg>\t\t\t<\/div>\n\t\t<\/div>\n\t\t\t\t\t\t<\/div>\n\t\t\t\t<\/div>\n\t\t\t\t<section class=\"elementor-section elementor-inner-section elementor-element elementor-element-7269102e elementor-section-full_width elementor-section-height-default elementor-section-height-default\" data-id=\"7269102e\" data-element_type=\"section\" data-e-type=\"section\">\n\t\t\t\t\t\t<div class=\"elementor-container elementor-column-gap-default\">\n\t\t\t\t\t<div class=\"elementor-column elementor-col-50 elementor-inner-column elementor-element elementor-element-57958299\" data-id=\"57958299\" data-element_type=\"column\" data-e-type=\"column\">\n\t\t\t<div class=\"elementor-widget-wrap elementor-element-populated\">\n\t\t\t\t\t\t<div class=\"elementor-element elementor-element-3be6f1b9 elementor-widget elementor-widget-heading\" data-id=\"3be6f1b9\" data-element_type=\"widget\" data-e-type=\"widget\" data-widget_type=\"heading.default\">\n\t\t\t\t<div class=\"elementor-widget-container\">\n\t\t\t\t\t<h1 class=\"elementor-heading-title elementor-size-default\">Construcci\u00f3n nave comercial de acero<\/h1>\t\t\t\t<\/div>\n\t\t\t\t<\/div>\n\t\t\t\t\t<\/div>\n\t\t<\/div>\n\t\t\t\t<div class=\"elementor-column elementor-col-50 elementor-inner-column elementor-element elementor-element-125450ea\" data-id=\"125450ea\" data-element_type=\"column\" data-e-type=\"column\">\n\t\t\t<div class=\"elementor-widget-wrap elementor-element-populated\">\n\t\t\t\t\t\t<div class=\"elementor-element elementor-element-21316472 elementor-widget elementor-widget-text-editor\" data-id=\"21316472\" data-element_type=\"widget\" data-e-type=\"widget\" data-widget_type=\"text-editor.default\">\n\t\t\t\t<div class=\"elementor-widget-container\">\n\t\t\t\t\t\t\t\t\t<p>Nuestra ingenier\u00eda desarrolla las mejores soluciones t\u00e9cnicas con criterios funcionales, econ\u00f3micos y de plazos, colaborando en todo momento con el proyecto de arquitectura.<\/p><p>Desde la concepci\u00f3n del edificio, nuestra oficina e ingenier\u00eda de proyecto dise\u00f1a, calcula y desarrolla las soluciones y variantes t\u00e9cnicas \u00f3ptimas bajo criterios funcionales, econ\u00f3micos y de plazos, optimizando y colaborando en el proyecto de arquitectura, como base del \u00e9xito y rentabilidad de la inversi\u00f3n de nuestros clientes.<\/p><p>Nuestro equipo est\u00e1 formado por profesionales especializados en el dise\u00f1o y montaje de edificaciones con estructuras met\u00e1licas con Acero.<\/p>\t\t\t\t\t\t\t\t<\/div>\n\t\t\t\t<\/div>\n\t\t\t\t\t<\/div>\n\t\t<\/div>\n\t\t\t\t\t<\/div>\n\t\t<\/section>\n\t\t\t\t<section class=\"elementor-section elementor-inner-section elementor-element elementor-element-160c88fc elementor-section-boxed elementor-section-height-default elementor-section-height-default\" data-id=\"160c88fc\" data-element_type=\"section\" data-e-type=\"section\">\n\t\t\t\t\t\t<div class=\"elementor-container elementor-column-gap-default\">\n\t\t\t\t\t<div class=\"elementor-column elementor-col-50 elementor-inner-column elementor-element elementor-element-4f73e532\" data-id=\"4f73e532\" data-element_type=\"column\" data-e-type=\"column\">\n\t\t\t<div class=\"elementor-widget-wrap elementor-element-populated\">\n\t\t\t\t\t\t<div class=\"elementor-element elementor-element-39fa6ef8 elementor-widget elementor-widget-heading\" data-id=\"39fa6ef8\" data-element_type=\"widget\" data-e-type=\"widget\" data-widget_type=\"heading.default\">\n\t\t\t\t<div class=\"elementor-widget-container\">\n\t\t\t\t\t<h3 class=\"elementor-heading-title elementor-size-default\">Tu proyecto, nuestra construcci\u00f3n\n<\/h3>\t\t\t\t<\/div>\n\t\t\t\t<\/div>\n\t\t\t\t<div class=\"elementor-element elementor-element-64766d1d elementor-widget elementor-widget-heading\" data-id=\"64766d1d\" data-element_type=\"widget\" data-e-type=\"widget\" data-widget_type=\"heading.default\">\n\t\t\t\t<div class=\"elementor-widget-container\">\n\t\t\t\t\t<h2 class=\"elementor-heading-title elementor-size-default\">Especificaciones<\/h2>\t\t\t\t<\/div>\n\t\t\t\t<\/div>\n\t\t\t\t\t<\/div>\n\t\t<\/div>\n\t\t\t\t<div class=\"elementor-column elementor-col-50 elementor-inner-column elementor-element elementor-element-712fda3b\" data-id=\"712fda3b\" data-element_type=\"column\" data-e-type=\"column\">\n\t\t\t<div class=\"elementor-widget-wrap elementor-element-populated\">\n\t\t\t\t\t\t<div class=\"elementor-element elementor-element-78196208 elementor-widget elementor-widget-text-editor\" data-id=\"78196208\" data-element_type=\"widget\" data-e-type=\"widget\" data-widget_type=\"text-editor.default\">\n\t\t\t\t<div class=\"elementor-widget-container\">\n\t\t\t\t\t\t\t\t\t<p>Construcciones comerciales de acero.<\/p>\t\t\t\t\t\t\t\t<\/div>\n\t\t\t\t<\/div>\n\t\t\t\t<div class=\"elementor-element elementor-element-73122f62 elementor-widget elementor-widget-progress\" data-id=\"73122f62\" data-element_type=\"widget\" data-e-type=\"widget\" data-widget_type=\"progress.default\">\n\t\t\t\t<div class=\"elementor-widget-container\">\n\t\t\t\t\t\n\t\t<div class=\"elementor-progress-wrapper\" role=\"progressbar\" aria-valuemin=\"0\" aria-valuemax=\"100\" aria-valuenow=\"85\" aria-valuetext=\"85% (Aumento Altura)\">\n\t\t\t<div class=\"elementor-progress-bar\" data-max=\"85\">\n\t\t\t\t<span class=\"elementor-progress-text\">Aumento Altura<\/span>\n\t\t\t\t\t\t\t\t\t<span class=\"elementor-progress-percentage\">85%<\/span>\n\t\t\t\t\t\t\t<\/div>\n\t\t<\/div>\n\t\t\t\t\t\t<\/div>\n\t\t\t\t<\/div>\n\t\t\t\t<div class=\"elementor-element elementor-element-2601e5a3 elementor-widget elementor-widget-progress\" data-id=\"2601e5a3\" data-element_type=\"widget\" data-e-type=\"widget\" data-widget_type=\"progress.default\">\n\t\t\t\t<div class=\"elementor-widget-container\">\n\t\t\t\t\t\n\t\t<div class=\"elementor-progress-wrapper\" role=\"progressbar\" aria-valuemin=\"0\" aria-valuemax=\"100\" aria-valuenow=\"90\" aria-valuetext=\"90% (Flexibilidad)\">\n\t\t\t<div class=\"elementor-progress-bar\" data-max=\"90\">\n\t\t\t\t<span class=\"elementor-progress-text\">Flexibilidad<\/span>\n\t\t\t\t\t\t\t\t\t<span class=\"elementor-progress-percentage\">90%<\/span>\n\t\t\t\t\t\t\t<\/div>\n\t\t<\/div>\n\t\t\t\t\t\t<\/div>\n\t\t\t\t<\/div>\n\t\t\t\t<div class=\"elementor-element elementor-element-15e55b2 elementor-widget elementor-widget-progress\" data-id=\"15e55b2\" data-element_type=\"widget\" data-e-type=\"widget\" data-widget_type=\"progress.default\">\n\t\t\t\t<div class=\"elementor-widget-container\">\n\t\t\t\t\t\n\t\t<div class=\"elementor-progress-wrapper\" role=\"progressbar\" aria-valuemin=\"0\" aria-valuemax=\"100\" aria-valuenow=\"98\" aria-valuetext=\"98% (Reducci\u00f3n de pilares)\">\n\t\t\t<div class=\"elementor-progress-bar\" data-max=\"98\">\n\t\t\t\t<span class=\"elementor-progress-text\">Reducci\u00f3n de pilares<\/span>\n\t\t\t\t\t\t\t\t\t<span class=\"elementor-progress-percentage\">98%<\/span>\n\t\t\t\t\t\t\t<\/div>\n\t\t<\/div>\n\t\t\t\t\t\t<\/div>\n\t\t\t\t<\/div>\n\t\t\t\t<div class=\"elementor-element elementor-element-9c8f870 elementor-widget elementor-widget-progress\" data-id=\"9c8f870\" data-element_type=\"widget\" data-e-type=\"widget\" data-widget_type=\"progress.default\">\n\t\t\t\t<div class=\"elementor-widget-container\">\n\t\t\t\t\t\n\t\t<div class=\"elementor-progress-wrapper\" role=\"progressbar\" aria-valuemin=\"0\" aria-valuemax=\"100\" aria-valuenow=\"98\" aria-valuetext=\"98% (Reducci\u00f3n de costes)\">\n\t\t\t<div class=\"elementor-progress-bar\" data-max=\"98\">\n\t\t\t\t<span class=\"elementor-progress-text\">Reducci\u00f3n de costes<\/span>\n\t\t\t\t\t\t\t\t\t<span class=\"elementor-progress-percentage\">98%<\/span>\n\t\t\t\t\t\t\t<\/div>\n\t\t<\/div>\n\t\t\t\t\t\t<\/div>\n\t\t\t\t<\/div>\n\t\t\t\t\t<\/div>\n\t\t<\/div>\n\t\t\t\t\t<\/div>\n\t\t<\/section>\n\t\t\t\t<div class=\"elementor-element elementor-element-3056d2a0 elementor-widget elementor-widget-heading\" data-id=\"3056d2a0\" data-element_type=\"widget\" data-e-type=\"widget\" data-widget_type=\"heading.default\">\n\t\t\t\t<div class=\"elementor-widget-container\">\n\t\t\t\t\t<h2 class=\"elementor-heading-title elementor-size-default\">Construcciones comerciales de acero:<\/h2>\t\t\t\t<\/div>\n\t\t\t\t<\/div>\n\t\t\t\t<div class=\"elementor-element elementor-element-2e852dba elementor-grid-3 elementor-grid-tablet-2 elementor-grid-mobile-1 elementor-posts--thumbnail-top elementor-widget elementor-widget-posts\" data-id=\"2e852dba\" data-element_type=\"widget\" data-e-type=\"widget\" data-settings=\"{&quot;classic_row_gap&quot;:{&quot;unit&quot;:&quot;px&quot;,&quot;size&quot;:&quot;50&quot;,&quot;sizes&quot;:[]},&quot;classic_columns&quot;:&quot;3&quot;,&quot;classic_columns_tablet&quot;:&quot;2&quot;,&quot;classic_columns_mobile&quot;:&quot;1&quot;,&quot;classic_row_gap_tablet&quot;:{&quot;unit&quot;:&quot;px&quot;,&quot;size&quot;:&quot;&quot;,&quot;sizes&quot;:[]},&quot;classic_row_gap_mobile&quot;:{&quot;unit&quot;:&quot;px&quot;,&quot;size&quot;:&quot;&quot;,&quot;sizes&quot;:[]}}\" data-widget_type=\"posts.classic\">\n\t\t\t\t<div class=\"elementor-widget-container\">\n\t\t\t\t\t\t\t<div class=\"elementor-posts-container elementor-posts elementor-posts--skin-classic elementor-grid\" role=\"list\">\n\t\t\t\t<article class=\"elementor-post elementor-grid-item post-14462 post type-post status-publish format-standard has-post-thumbnail hentry category-construccion-comercial-acero-construccion-comercial category-construccion-de-acero category-construccion-comercial category-sector-logistico\" role=\"listitem\">\n\t\t\t\t<a class=\"elementor-post__thumbnail__link\" href=\"https:\/\/egein.com\/es\/construccion-complejo-deportivo-sistema-metalico\/\" tabindex=\"-1\" >\n\t\t\t<div class=\"elementor-post__thumbnail\"><img fetchpriority=\"high\" decoding=\"async\" width=\"1896\" height=\"1074\" src=\"https:\/\/egein.com\/wp-content\/uploads\/2024\/02\/mhclub.png\" class=\"attachment-full size-full wp-image-14554\" alt=\"\" srcset=\"https:\/\/egein.com\/wp-content\/uploads\/2024\/02\/mhclub.png 1896w, https:\/\/egein.com\/wp-content\/uploads\/2024\/02\/mhclub-300x170.png 300w, https:\/\/egein.com\/wp-content\/uploads\/2024\/02\/mhclub-1024x580.png 1024w, https:\/\/egein.com\/wp-content\/uploads\/2024\/02\/mhclub-768x435.png 768w, https:\/\/egein.com\/wp-content\/uploads\/2024\/02\/mhclub-1536x870.png 1536w\" sizes=\"(max-width: 1896px) 100vw, 1896px\" \/><\/div>\n\t\t<\/a>\n\t\t\t\t<div class=\"elementor-post__text\">\n\t\t\t\t<h3 class=\"elementor-post__title\">\n\t\t\t<a href=\"https:\/\/egein.com\/es\/construccion-complejo-deportivo-sistema-metalico\/\" >\n\t\t\t\tConstrucci\u00f3n de un complejo deportivo en sistema met\u00e1lico\t\t\t<\/a>\n\t\t<\/h3>\n\t\t\n\t\t<a class=\"elementor-post__read-more\" href=\"https:\/\/egein.com\/es\/construccion-complejo-deportivo-sistema-metalico\/\" aria-label=\"M\u00e1s informaci\u00f3n sobre Construcci\u00f3n de un complejo deportivo en sistema met\u00e1lico\" tabindex=\"-1\" >\n\t\t\tVer proyecto\t\t<\/a>\n\n\t\t\t\t<\/div>\n\t\t\t\t<\/article>\n\t\t\t\t<article class=\"elementor-post elementor-grid-item post-559 post type-post status-publish format-standard has-post-thumbnail hentry category-construccion-comercial-acero-construccion-comercial category-construccion-comercial category-rehabilitacion-de-edificios-industriales category-sector-alimentario\" role=\"listitem\">\n\t\t\t\t<a class=\"elementor-post__thumbnail__link\" href=\"https:\/\/egein.com\/es\/rehabilitacion-comercial-acero-comerco\/\" tabindex=\"-1\" >\n\t\t\t<div class=\"elementor-post__thumbnail\"><img decoding=\"async\" width=\"1920\" height=\"1082\" src=\"https:\/\/egein.com\/wp-content\/uploads\/2021\/03\/construccion-industrial-acero-comerco-2.jpg\" class=\"attachment-full size-full wp-image-565\" alt=\"construcciones-industriales-estructuras-metalicas-comerco\" srcset=\"https:\/\/egein.com\/wp-content\/uploads\/2021\/03\/construccion-industrial-acero-comerco-2.jpg 1920w, https:\/\/egein.com\/wp-content\/uploads\/2021\/03\/construccion-industrial-acero-comerco-2-300x169.jpg 300w, https:\/\/egein.com\/wp-content\/uploads\/2021\/03\/construccion-industrial-acero-comerco-2-1024x577.jpg 1024w, https:\/\/egein.com\/wp-content\/uploads\/2021\/03\/construccion-industrial-acero-comerco-2-768x433.jpg 768w, https:\/\/egein.com\/wp-content\/uploads\/2021\/03\/construccion-industrial-acero-comerco-2-1536x866.jpg 1536w\" sizes=\"(max-width: 1920px) 100vw, 1920px\" \/><\/div>\n\t\t<\/a>\n\t\t\t\t<div class=\"elementor-post__text\">\n\t\t\t\t<h3 class=\"elementor-post__title\">\n\t\t\t<a href=\"https:\/\/egein.com\/es\/rehabilitacion-comercial-acero-comerco\/\" >\n\t\t\t\tRehabilitaci\u00f3n comercial con Estructuras Met\u00e1licas Comerco\t\t\t<\/a>\n\t\t<\/h3>\n\t\t\n\t\t<a class=\"elementor-post__read-more\" href=\"https:\/\/egein.com\/es\/rehabilitacion-comercial-acero-comerco\/\" aria-label=\"M\u00e1s informaci\u00f3n sobre Rehabilitaci\u00f3n comercial con Estructuras Met\u00e1licas Comerco\" tabindex=\"-1\" >\n\t\t\tVer proyecto\t\t<\/a>\n\n\t\t\t\t<\/div>\n\t\t\t\t<\/article>\n\t\t\t\t<article class=\"elementor-post elementor-grid-item post-938 post type-post status-publish format-standard has-post-thumbnail hentry category-construccion-comercial-acero-construccion-comercial category-construccion-de-acero category-construccion-comercial\" role=\"listitem\">\n\t\t\t\t<a class=\"elementor-post__thumbnail__link\" href=\"https:\/\/egein.com\/es\/construccion-comercial-acero-magma\/\" tabindex=\"-1\" >\n\t\t\t<div class=\"elementor-post__thumbnail\"><img decoding=\"async\" width=\"904\" height=\"600\" src=\"https:\/\/egein.com\/wp-content\/uploads\/2021\/03\/construccion-industrialacero-magma-1.jpg\" class=\"attachment-full size-full wp-image-940\" alt=\"construcciones-industriales-estructuras-metalicas-magma\" srcset=\"https:\/\/egein.com\/wp-content\/uploads\/2021\/03\/construccion-industrialacero-magma-1.jpg 904w, https:\/\/egein.com\/wp-content\/uploads\/2021\/03\/construccion-industrialacero-magma-1-300x199.jpg 300w, https:\/\/egein.com\/wp-content\/uploads\/2021\/03\/construccion-industrialacero-magma-1-768x510.jpg 768w\" sizes=\"(max-width: 904px) 100vw, 904px\" \/><\/div>\n\t\t<\/a>\n\t\t\t\t<div class=\"elementor-post__text\">\n\t\t\t\t<h3 class=\"elementor-post__title\">\n\t\t\t<a href=\"https:\/\/egein.com\/es\/construccion-comercial-acero-magma\/\" >\n\t\t\t\tConstrucci\u00f3n nave comercial con Estructuras Met\u00e1licas Magma\t\t\t<\/a>\n\t\t<\/h3>\n\t\t\n\t\t<a class=\"elementor-post__read-more\" href=\"https:\/\/egein.com\/es\/construccion-comercial-acero-magma\/\" aria-label=\"M\u00e1s informaci\u00f3n sobre Construcci\u00f3n nave comercial con Estructuras Met\u00e1licas Magma\" tabindex=\"-1\" >\n\t\t\tVer proyecto\t\t<\/a>\n\n\t\t\t\t<\/div>\n\t\t\t\t<\/article>\n\t\t\t\t<article class=\"elementor-post elementor-grid-item post-1274 post type-post status-publish format-standard has-post-thumbnail hentry category-construccion-comercial-acero-construccion-comercial category-construccion-de-acero category-construccion-comercial category-construcciones-oficinas category-sector-distribucion\" role=\"listitem\">\n\t\t\t\t<a class=\"elementor-post__thumbnail__link\" href=\"https:\/\/egein.com\/es\/construccion-comercial-con-estructura-metalica-cbp\/\" tabindex=\"-1\" >\n\t\t\t<div class=\"elementor-post__thumbnail\"><img loading=\"lazy\" decoding=\"async\" width=\"899\" height=\"600\" src=\"https:\/\/egein.com\/wp-content\/uploads\/2021\/03\/Construccion-industrial-estructuras-metalicas-CBP-2.jpg\" class=\"attachment-full size-full wp-image-1276\" alt=\"Construccion-industrial-estructuras-metalicas-CBP-1\" srcset=\"https:\/\/egein.com\/wp-content\/uploads\/2021\/03\/Construccion-industrial-estructuras-metalicas-CBP-2.jpg 899w, https:\/\/egein.com\/wp-content\/uploads\/2021\/03\/Construccion-industrial-estructuras-metalicas-CBP-2-300x200.jpg 300w, https:\/\/egein.com\/wp-content\/uploads\/2021\/03\/Construccion-industrial-estructuras-metalicas-CBP-2-768x513.jpg 768w\" sizes=\"(max-width: 899px) 100vw, 899px\" \/><\/div>\n\t\t<\/a>\n\t\t\t\t<div class=\"elementor-post__text\">\n\t\t\t\t<h3 class=\"elementor-post__title\">\n\t\t\t<a href=\"https:\/\/egein.com\/es\/construccion-comercial-con-estructura-metalica-cbp\/\" >\n\t\t\t\tConstrucci\u00f3n nave comercial con Estructuras Met\u00e1licas CBP\t\t\t<\/a>\n\t\t<\/h3>\n\t\t\n\t\t<a class=\"elementor-post__read-more\" href=\"https:\/\/egein.com\/es\/construccion-comercial-con-estructura-metalica-cbp\/\" aria-label=\"M\u00e1s informaci\u00f3n sobre Construcci\u00f3n nave comercial con Estructuras Met\u00e1licas CBP\" tabindex=\"-1\" >\n\t\t\tVer proyecto\t\t<\/a>\n\n\t\t\t\t<\/div>\n\t\t\t\t<\/article>\n\t\t\t\t<\/div>\n\t\t\n\t\t\t\t\t\t<\/div>\n\t\t\t\t<\/div>\n\t\t\t\t<section class=\"elementor-section elementor-inner-section elementor-element elementor-element-5ef2b724 elementor-section-boxed elementor-section-height-default elementor-section-height-default\" data-id=\"5ef2b724\" data-element_type=\"section\" data-e-type=\"section\">\n\t\t\t\t\t\t<div class=\"elementor-container elementor-column-gap-default\">\n\t\t\t\t\t<div class=\"elementor-column elementor-col-50 elementor-inner-column elementor-element elementor-element-112a6545\" data-id=\"112a6545\" data-element_type=\"column\" data-e-type=\"column\">\n\t\t\t<div class=\"elementor-widget-wrap elementor-element-populated\">\n\t\t\t\t\t\t<div class=\"elementor-element elementor-element-215afa89 elementor-widget elementor-widget-heading\" data-id=\"215afa89\" data-element_type=\"widget\" data-e-type=\"widget\" data-widget_type=\"heading.default\">\n\t\t\t\t<div class=\"elementor-widget-container\">\n\t\t\t\t\t<h3 class=\"elementor-heading-title elementor-size-default\">Nuestros clientes\n<\/h3>\t\t\t\t<\/div>\n\t\t\t\t<\/div>\n\t\t\t\t<div class=\"elementor-element elementor-element-5ab66308 elementor-widget elementor-widget-heading\" data-id=\"5ab66308\" data-element_type=\"widget\" data-e-type=\"widget\" data-widget_type=\"heading.default\">\n\t\t\t\t<div class=\"elementor-widget-container\">\n\t\t\t\t\t<h2 class=\"elementor-heading-title elementor-size-default\">Clientes de naves comerciales de acero<\/h2>\t\t\t\t<\/div>\n\t\t\t\t<\/div>\n\t\t\t\t\t<\/div>\n\t\t<\/div>\n\t\t\t\t<div class=\"elementor-column elementor-col-50 elementor-inner-column elementor-element elementor-element-59ba97b1\" data-id=\"59ba97b1\" data-element_type=\"column\" data-e-type=\"column\">\n\t\t\t<div class=\"elementor-widget-wrap elementor-element-populated\">\n\t\t\t\t\t\t<div class=\"elementor-element elementor-element-388551b9 elementor-skin-carousel elementor-arrows-yes elementor-pagination-type-bullets elementor-pagination-position-outside elementor-widget elementor-widget-media-carousel\" data-id=\"388551b9\" data-element_type=\"widget\" data-e-type=\"widget\" data-settings=\"{&quot;slides_per_view&quot;:&quot;2&quot;,&quot;slides_to_scroll&quot;:&quot;1&quot;,&quot;space_between&quot;:{&quot;unit&quot;:&quot;px&quot;,&quot;size&quot;:33,&quot;sizes&quot;:[]},&quot;skin&quot;:&quot;carousel&quot;,&quot;effect&quot;:&quot;slide&quot;,&quot;show_arrows&quot;:&quot;yes&quot;,&quot;pagination&quot;:&quot;bullets&quot;,&quot;speed&quot;:500,&quot;autoplay&quot;:&quot;yes&quot;,&quot;autoplay_speed&quot;:5000,&quot;loop&quot;:&quot;yes&quot;,&quot;pause_on_hover&quot;:&quot;yes&quot;,&quot;pause_on_interaction&quot;:&quot;yes&quot;,&quot;space_between_tablet&quot;:{&quot;unit&quot;:&quot;px&quot;,&quot;size&quot;:10,&quot;sizes&quot;:[]},&quot;space_between_mobile&quot;:{&quot;unit&quot;:&quot;px&quot;,&quot;size&quot;:10,&quot;sizes&quot;:[]}}\" data-widget_type=\"media-carousel.default\">\n\t\t\t\t<div class=\"elementor-widget-container\">\n\t\t\t\t\t\t\t\t\t<div class=\"elementor-swiper\">\n\t\t\t\t\t<div class=\"elementor-main-swiper swiper\" role=\"region\" aria-roledescription=\"carousel\" aria-label=\"Diapositivas\">\n\t\t\t\t<div class=\"swiper-wrapper\">\n\t\t\t\t\t\t\t\t\t\t\t<div class=\"swiper-slide\" role=\"group\" aria-roledescription=\"slide\">\n\t\t\t\t\t\t\t<a href=\"https:\/\/egein.com\/es\/rehabilitacion-comercial-acero-comerco\/\">\t\t<div class=\"elementor-carousel-image\" role=\"img\" aria-label=\"logo-comerco-2\" style=\"background-image: url(&#039;https:\/\/egein.com\/wp-content\/uploads\/2021\/03\/logo-comerco-2.png&#039;)\">\n\n\t\t\t\n\t\t\t\t\t<\/div>\n\t\t<\/a>\t\t\t\t\t\t<\/div>\n\t\t\t\t\t\t\t\t\t\t\t<div class=\"swiper-slide\" role=\"group\" aria-roledescription=\"slide\">\n\t\t\t\t\t\t\t<a href=\"https:\/\/egein.com\/es\/construccion-comercial-acero-magma\/\">\t\t<div class=\"elementor-carousel-image\" role=\"img\" aria-label=\"logo-magma\" style=\"background-image: url(&#039;https:\/\/egein.com\/wp-content\/uploads\/2021\/02\/Magma.png&#039;)\">\n\n\t\t\t\n\t\t\t\t\t<\/div>\n\t\t<\/a>\t\t\t\t\t\t<\/div>\n\t\t\t\t\t\t\t\t\t<\/div>\n\t\t\t\t\t\t\t\t\t\t\t\t\t\t\t<div class=\"elementor-swiper-button elementor-swiper-button-prev\" role=\"button\" tabindex=\"0\" aria-label=\"Anterior\">\n\t\t\t\t\t\t\t<i aria-hidden=\"true\" class=\"eicon-chevron-left\"><\/i>\t\t\t\t\t\t<\/div>\n\t\t\t\t\t\t<div class=\"elementor-swiper-button elementor-swiper-button-next\" role=\"button\" tabindex=\"0\" aria-label=\"Siguiente\">\n\t\t\t\t\t\t\t<i aria-hidden=\"true\" class=\"eicon-chevron-right\"><\/i>\t\t\t\t\t\t<\/div>\n\t\t\t\t\t\t\t\t\t\t\t\t\t\t\t\t<div class=\"swiper-pagination\"><\/div>\n\t\t\t\t\t\t\t\t\t\t\t\t<\/div>\n\t\t\t\t<\/div>\n\t\t\t\t\t\t\t\t<\/div>\n\t\t\t\t<\/div>\n\t\t\t\t\t<\/div>\n\t\t<\/div>\n\t\t\t\t\t<\/div>\n\t\t<\/section>\n\t\t\t\t\t<\/div>\n\t\t<\/div>\n\t\t\t\t\t<\/div>\n\t\t<\/section>\n\t\t\t\t<\/div>\n\t\t","protected":false},"excerpt":{"rendered":"<p>Shape Nuestra ingenier\u00eda desarrolla las mejores soluciones t\u00e9cnicas con criterios funcionales, econ\u00f3micos y de plazos, colaborando en todo momento con el proyecto de arquitectura. Desde<\/p>\n","protected":false},"author":1,"featured_media":2106,"parent":0,"menu_order":0,"comment_status":"closed","ping_status":"closed","template":"elementor_header_footer","meta":{"footnotes":""},"class_list":["post-1763","page","type-page","status-publish","has-post-thumbnail","hentry"],"_links":{"self":[{"href":"https:\/\/egein.com\/es\/wp-json\/wp\/v2\/pages\/1763","targetHints":{"allow":["GET"]}}],"collection":[{"href":"https:\/\/egein.com\/es\/wp-json\/wp\/v2\/pages"}],"about":[{"href":"https:\/\/egein.com\/es\/wp-json\/wp\/v2\/types\/page"}],"author":[{"embeddable":true,"href":"https:\/\/egein.com\/es\/wp-json\/wp\/v2\/users\/1"}],"replies":[{"embeddable":true,"href":"https:\/\/egein.com\/es\/wp-json\/wp\/v2\/comments?post=1763"}],"version-history":[{"count":0,"href":"https:\/\/egein.com\/es\/wp-json\/wp\/v2\/pages\/1763\/revisions"}],"wp:featuredmedia":[{"embeddable":true,"href":"https:\/\/egein.com\/es\/wp-json\/wp\/v2\/media\/2106"}],"wp:attachment":[{"href":"https:\/\/egein.com\/es\/wp-json\/wp\/v2\/media?parent=1763"}],"curies":[{"name":"wp","href":"https:\/\/api.w.org\/{rel}","templated":true}]}}