{"id":7558,"date":"2021-08-24T13:47:39","date_gmt":"2021-08-24T13:47:39","guid":{"rendered":"https:\/\/egein.com\/works-carried-out\/"},"modified":"2026-01-22T10:46:25","modified_gmt":"2026-01-22T09:46:25","slug":"works-carried-out","status":"publish","type":"page","link":"https:\/\/egein.com\/en\/works-carried-out\/","title":{"rendered":"Works carried out"},"content":{"rendered":"\t\t<div data-elementor-type=\"wp-page\" data-elementor-id=\"7558\" class=\"elementor elementor-7558 elementor-530\" data-elementor-post-type=\"page\">\n\t\t\t\t\t\t<section class=\"elementor-section elementor-top-section elementor-element elementor-element-4c4bbcb5 elementor-section-height-min-height elementor-section-items-stretch elementor-section-boxed elementor-section-height-default\" data-id=\"4c4bbcb5\" data-element_type=\"section\" data-e-type=\"section\" data-settings=\"{&quot;background_background&quot;:&quot;classic&quot;,&quot;background_motion_fx_motion_fx_scrolling&quot;:&quot;yes&quot;,&quot;background_motion_fx_translateX_effect&quot;:&quot;yes&quot;,&quot;background_motion_fx_translateX_direction&quot;:&quot;negative&quot;,&quot;background_motion_fx_translateX_speed&quot;:{&quot;unit&quot;:&quot;px&quot;,&quot;size&quot;:0.8,&quot;sizes&quot;:[]},&quot;background_motion_fx_translateX_affectedRange&quot;:{&quot;unit&quot;:&quot;%&quot;,&quot;size&quot;:&quot;&quot;,&quot;sizes&quot;:{&quot;start&quot;:0,&quot;end&quot;:100}},&quot;background_motion_fx_devices&quot;:[&quot;desktop&quot;,&quot;tablet&quot;,&quot;mobile&quot;]}\">\n\t\t\t\t\t\t<div class=\"elementor-container elementor-column-gap-default\">\n\t\t\t\t\t<div class=\"elementor-column elementor-col-100 elementor-top-column elementor-element elementor-element-77e63571\" data-id=\"77e63571\" data-element_type=\"column\" data-e-type=\"column\">\n\t\t\t<div class=\"elementor-widget-wrap\">\n\t\t\t\t\t\t\t<\/div>\n\t\t<\/div>\n\t\t\t\t\t<\/div>\n\t\t<\/section>\n\t\t\t\t<section class=\"elementor-section elementor-top-section elementor-element elementor-element-3ee0b8b elementor-section-boxed elementor-section-height-default elementor-section-height-default\" data-id=\"3ee0b8b\" data-element_type=\"section\" data-e-type=\"section\">\n\t\t\t\t\t\t<div class=\"elementor-container elementor-column-gap-default\">\n\t\t\t\t\t<div class=\"elementor-column elementor-col-100 elementor-top-column elementor-element elementor-element-441c20c1\" data-id=\"441c20c1\" data-element_type=\"column\" data-e-type=\"column\">\n\t\t\t<div class=\"elementor-widget-wrap elementor-element-populated\">\n\t\t\t\t\t\t<div class=\"elementor-element elementor-element-46480789 elementor-widget__width-auto elementor-absolute elementor-view-default elementor-widget elementor-widget-icon\" data-id=\"46480789\" data-element_type=\"widget\" data-e-type=\"widget\" data-settings=\"{&quot;_position&quot;:&quot;absolute&quot;}\" data-widget_type=\"icon.default\">\n\t\t\t\t<div class=\"elementor-widget-container\">\n\t\t\t\t\t\t\t<div class=\"elementor-icon-wrapper\">\n\t\t\t<div class=\"elementor-icon\">\n\t\t\t<svg xmlns=\"http:\/\/www.w3.org\/2000\/svg\" id=\"a72f1db4-4b9f-4cbc-ac4c-a54efeaf8336\" data-name=\"Layer 1\" width=\"100\" height=\"100\" viewBox=\"0 0 100 100\"><title>Shape<\/title><path id=\"aecdc5f9-a79f-465f-8b06-186d589ccd57\" data-name=\"Shape\" d=\"M0,100V0H50V50h50v50Z\" style=\"fill-rule:evenodd\"><\/path><\/svg>\t\t\t<\/div>\n\t\t<\/div>\n\t\t\t\t\t\t<\/div>\n\t\t\t\t<\/div>\n\t\t\t\t<section class=\"elementor-section elementor-inner-section elementor-element elementor-element-cc2987f elementor-section-full_width elementor-section-height-default elementor-section-height-default\" data-id=\"cc2987f\" data-element_type=\"section\" data-e-type=\"section\">\n\t\t\t\t\t\t<div class=\"elementor-container elementor-column-gap-default\">\n\t\t\t\t\t<div class=\"elementor-column elementor-col-50 elementor-inner-column elementor-element elementor-element-52ae459\" data-id=\"52ae459\" data-element_type=\"column\" data-e-type=\"column\">\n\t\t\t<div class=\"elementor-widget-wrap elementor-element-populated\">\n\t\t\t\t\t\t<div class=\"elementor-element elementor-element-5c3910f6 elementor-widget elementor-widget-heading\" data-id=\"5c3910f6\" data-element_type=\"widget\" data-e-type=\"widget\" data-widget_type=\"heading.default\">\n\t\t\t\t<div class=\"elementor-widget-container\">\n\t\t\t\t\t<p class=\"elementor-heading-title elementor-size-default\">Projects &amp; Constructions  <\/p>\t\t\t\t<\/div>\n\t\t\t\t<\/div>\n\t\t\t\t<div class=\"elementor-element elementor-element-67273c6e elementor-widget elementor-widget-heading\" data-id=\"67273c6e\" data-element_type=\"widget\" data-e-type=\"widget\" data-widget_type=\"heading.default\">\n\t\t\t\t<div class=\"elementor-widget-container\">\n\t\t\t\t\t<h1 class=\"elementor-heading-title elementor-size-default\">Works carried out<\/h1>\t\t\t\t<\/div>\n\t\t\t\t<\/div>\n\t\t\t\t\t<\/div>\n\t\t<\/div>\n\t\t\t\t<div class=\"elementor-column elementor-col-50 elementor-inner-column elementor-element elementor-element-1154e9e0\" data-id=\"1154e9e0\" data-element_type=\"column\" data-e-type=\"column\">\n\t\t\t<div class=\"elementor-widget-wrap elementor-element-populated\">\n\t\t\t\t\t\t<div class=\"elementor-element elementor-element-3bb88c2b elementor-widget elementor-widget-text-editor\" data-id=\"3bb88c2b\" data-element_type=\"widget\" data-e-type=\"widget\" data-widget_type=\"text-editor.default\">\n\t\t\t\t<div class=\"elementor-widget-container\">\n\t\t\t\t\t\t\t\t\t<p>More than 45 years of experience in industrial, commercial and logistics engineering and construction.<\/p>\n<p>Here you can see some of our works carried out with metallic, prefabricated concrete and mixed systems.<\/p>\n\t\t\t\t\t\t\t\t<\/div>\n\t\t\t\t<\/div>\n\t\t\t\t\t<\/div>\n\t\t<\/div>\n\t\t\t\t\t<\/div>\n\t\t<\/section>\n\t\t\t\t<div class=\"elementor-element elementor-element-97ff6ae elementor-widget elementor-widget-heading\" data-id=\"97ff6ae\" data-element_type=\"widget\" data-e-type=\"widget\" data-widget_type=\"heading.default\">\n\t\t\t\t<div class=\"elementor-widget-container\">\n\t\t\t\t\t<h2 class=\"elementor-heading-title elementor-size-default\">Types of construction \/ Sector<\/h2>\t\t\t\t<\/div>\n\t\t\t\t<\/div>\n\t\t\t\t<div class=\"elementor-element elementor-element-8aaa910 elementor-widget elementor-widget-jet-ajax-search\" data-id=\"8aaa910\" data-element_type=\"widget\" data-e-type=\"widget\" data-settings=\"{&quot;results_area_columns&quot;:1}\" data-widget_type=\"jet-ajax-search.default\">\n\t\t\t\t<div class=\"elementor-widget-container\">\n\t\t\t\t\t<div class=\"elementor-jet-ajax-search jet-search\">\n\t<div class=\"jet_search_listing_grid_hidden_template\" style=\"display: none;\">\n\t\t\t<\/div>\n\n<div class=\"jet-ajax-search jet-ajax-search--mobile-skin\" data-settings=\"{&quot;symbols_for_start_searching&quot;:2,&quot;search_by_empty_value&quot;:&quot;&quot;,&quot;submit_on_enter&quot;:&quot;&quot;,&quot;search_source&quot;:[&quot;post&quot;],&quot;search_logging&quot;:&quot;&quot;,&quot;search_results_url&quot;:&quot;&quot;,&quot;search_taxonomy&quot;:&quot;&quot;,&quot;include_terms_ids&quot;:[],&quot;exclude_terms_ids&quot;:[204],&quot;exclude_posts_ids&quot;:[],&quot;custom_fields_source&quot;:&quot;&quot;,&quot;limit_query&quot;:5,&quot;limit_query_tablet&quot;:&quot;&quot;,&quot;limit_query_mobile&quot;:&quot;&quot;,&quot;limit_query_in_result_area&quot;:25,&quot;results_order_by&quot;:&quot;relevance&quot;,&quot;results_order&quot;:&quot;asc&quot;,&quot;sentence&quot;:&quot;&quot;,&quot;search_in_taxonomy&quot;:&quot;&quot;,&quot;search_in_taxonomy_source&quot;:&quot;&quot;,&quot;results_area_width_by&quot;:&quot;form&quot;,&quot;results_area_custom_width&quot;:&quot;&quot;,&quot;results_area_custom_position&quot;:&quot;&quot;,&quot;results_area_columns&quot;:1,&quot;results_area_columns_tablet&quot;:&quot;&quot;,&quot;results_area_columns_mobile&quot;:&quot;&quot;,&quot;results_area_columns_mobile_portrait&quot;:&quot;&quot;,&quot;thumbnail_visible&quot;:&quot;yes&quot;,&quot;thumbnail_size&quot;:&quot;thumbnail&quot;,&quot;thumbnail_placeholder&quot;:{&quot;url&quot;:&quot;https:\\\/\\\/egein.com\\\/wp-content\\\/plugins\\\/elementor\\\/assets\\\/images\\\/placeholder.png&quot;,&quot;id&quot;:&quot;&quot;,&quot;size&quot;:&quot;&quot;},&quot;post_content_source&quot;:&quot;content&quot;,&quot;post_content_custom_field_key&quot;:&quot;&quot;,&quot;post_content_length&quot;:30,&quot;show_product_price&quot;:&quot;&quot;,&quot;show_product_rating&quot;:&quot;&quot;,&quot;show_add_to_cart&quot;:&quot;&quot;,&quot;show_result_new_tab&quot;:&quot;&quot;,&quot;highlight_searched_text&quot;:&quot;&quot;,&quot;listing_id&quot;:&quot;&quot;,&quot;bullet_pagination&quot;:&quot;&quot;,&quot;number_pagination&quot;:&quot;&quot;,&quot;navigation_arrows&quot;:&quot;in_header&quot;,&quot;navigation_arrows_type&quot;:&quot;angle&quot;,&quot;show_title_related_meta&quot;:&quot;&quot;,&quot;meta_title_related_position&quot;:&quot;&quot;,&quot;title_related_meta&quot;:&quot;&quot;,&quot;show_content_related_meta&quot;:&quot;&quot;,&quot;meta_content_related_position&quot;:&quot;&quot;,&quot;content_related_meta&quot;:&quot;&quot;,&quot;negative_search&quot;:&quot;There are no search results. Please try another name.&quot;,&quot;server_error&quot;:&quot;There is a problem, try again later.&quot;,&quot;show_search_suggestions&quot;:&quot;&quot;,&quot;search_suggestions_position&quot;:&quot;&quot;,&quot;search_suggestions_source&quot;:&quot;&quot;,&quot;search_suggestions_limits&quot;:&quot;&quot;,&quot;search_suggestions_item_title_length&quot;:&quot;&quot;,&quot;search_source_terms&quot;:&quot;&quot;,&quot;search_source_terms_title&quot;:&quot;&quot;,&quot;search_source_terms_icon&quot;:&quot;&quot;,&quot;search_source_terms_limit&quot;:&quot;&quot;,&quot;search_source_terms_listing_id&quot;:&quot;&quot;,&quot;search_source_terms_taxonomy&quot;:&quot;&quot;,&quot;search_source_users&quot;:&quot;&quot;,&quot;search_source_users_title&quot;:&quot;&quot;,&quot;search_source_users_icon&quot;:&quot;&quot;,&quot;search_source_users_limit&quot;:&quot;&quot;,&quot;search_source_users_listing_id&quot;:&quot;&quot;,&quot;lang&quot;:&quot;en&quot;}\"><form class=\"jet-ajax-search__form\" method=\"get\" action=\"https:\/\/egein.com\/en\/\" role=\"search\" target=\"\">\n\t<div class=\"jet-ajax-search__fields-holder\">\n\t\t<div class=\"jet-ajax-search__field-wrapper\">\n\t\t\t<label for=\"search-input-8aaa910\" class=\"screen-reader-text\">Search ...<\/label>\n\t\t\t\t\t\t<input id=\"search-input-8aaa910\" class=\"jet-ajax-search__field\" type=\"search\" placeholder=\"Search project...\" value=\"\" name=\"s\" autocomplete=\"off\" \/>\n\t\t\t\t\t\t\t<input type=\"hidden\" value=\"{&quot;search_source&quot;:&quot;post&quot;,&quot;exclude_terms_ids&quot;:[204]}\" name=\"jet_ajax_search_settings\" \/>\n\t\t\t\t\t\t\n\t\t\t\t\t<\/div>\n\t\t\t<\/div>\n\t<\/form>\n\n<div class=\"jet-ajax-search__results-area\" >\n\t<div class=\"jet-ajax-search__results-holder\">\n\t\t\t\t\t<div class=\"jet-ajax-search__results-header\">\n\t\t\t\t\n<button class=\"jet-ajax-search__results-count\" aria-label=\"View all results\"><span><\/span> Results<\/button>\n\t\t\t\t<div class=\"jet-ajax-search__navigation-holder\"><\/div>\n\t\t\t<\/div>\n\t\t\t\t\t\t<div class=\"jet-ajax-search__results-list results-area-col-desk-1 results-area-col-tablet-0 results-area-col-mobile-0 results-area-col-mobile-portrait-1\" >\n\t\t\t            <div class=\"jet-ajax-search__results-list-inner \"><\/div>\n\t\t\t\t\t<\/div>\n\t\t\t\t\t<div class=\"jet-ajax-search__results-footer\">\n\t\t\t\t\t\t\t\t<div class=\"jet-ajax-search__navigation-holder\"><\/div>\n\t\t\t<\/div>\n\t\t\t<\/div>\n\t<div class=\"jet-ajax-search__message\"><\/div>\n\t\n<div class=\"jet-ajax-search__spinner-holder\">\n\t<div class=\"jet-ajax-search__spinner\">\n\t\t<div class=\"rect rect-1\"><\/div>\n\t\t<div class=\"rect rect-2\"><\/div>\n\t\t<div class=\"rect rect-3\"><\/div>\n\t\t<div class=\"rect rect-4\"><\/div>\n\t\t<div class=\"rect rect-5\"><\/div>\n\t<\/div>\n<\/div>\n<\/div>\n<\/div>\n<\/div>\t\t\t\t<\/div>\n\t\t\t\t<\/div>\n\t\t\t\t<div class=\"elementor-element elementor-element-3fcdb4e jet-smart-filter-content-position-column jet-smart-filter-group-position-column elementor-widget elementor-widget-jet-smart-filters-select\" data-id=\"3fcdb4e\" data-element_type=\"widget\" data-e-type=\"widget\" data-widget_type=\"jet-smart-filters-select.default\">\n\t\t\t\t<div class=\"elementor-widget-container\">\n\t\t\t\t\t<div class=\"jet-smart-filters-select jet-filter \" data-indexer-rule=\"show\" data-show-counter=\"\" data-change-counter=\"always\"><div class=\"jet-select\" data-query-type=\"tax_query\" data-query-var=\"category\" data-smart-filter=\"select\" data-filter-id=\"2505\" data-apply-type=\"ajax\" data-content-provider=\"jet-engine\" data-additional-providers=\"\" data-query-id=\"default\" data-active-label=\"Obres\" data-layout-options=\"{&quot;show_label&quot;:&quot;&quot;,&quot;display_options&quot;:{&quot;show_items_label&quot;:false,&quot;show_decorator&quot;:false,&quot;filter_image_size&quot;:&quot;full&quot;,&quot;show_counter&quot;:false}}\" data-query-var-suffix=\"\" data-apply-on=\"value\">\n\t\t\t\t<select\n\t\t\tclass=\"jet-select__control\"\n\t\t\tname=\"category\"\n\t\t\t\t\t\taria-label=\"Obres\"\n\t\t>\n\t\t\t\t\t\t\t\t\t\t<option\n\t\t\t\t\tvalue=\"\"\n\t\t\t\t\tdata-label=\"Seleccionar...\"\n\t\t\t\t\tdata-counter-prefix=\"\"\n\t\t\t\t\tdata-counter-suffix=\"\"\n\t\t\t\t\t\t\t\t\t\t\t\t\t\t>\n\t\t\t\t\tSeleccionar...\t\t\t\t<\/option>\n\t\t\t\t\t\t\t\t<option\n\t\t\t\t\tvalue=\"184\"\n\t\t\t\t\tdata-label=\"Commercial construction\"\n\t\t\t\t\tdata-counter-prefix=\"\"\n\t\t\t\t\tdata-counter-suffix=\"\"\n\t\t\t\t\t\t\t\t\t\t\t\t\t\t>\n\t\t\t\t\tCommercial construction\t\t\t\t<\/option>\n\t\t\t\t\t\t\t\t<option\n\t\t\t\t\tvalue=\"197\"\n\t\t\t\t\tdata-label=\"Commercial steel construction\"\n\t\t\t\t\tdata-counter-prefix=\"\"\n\t\t\t\t\tdata-counter-suffix=\"\"\n\t\t\t\t\t\t\t\t\t\t\t\t\t\t>\n\t\t\t\t\tCommercial steel construction\t\t\t\t<\/option>\n\t\t\t\t\t\t\t\t<option\n\t\t\t\t\tvalue=\"179\"\n\t\t\t\t\tdata-label=\"Construction of logistics platforms\"\n\t\t\t\t\tdata-counter-prefix=\"\"\n\t\t\t\t\tdata-counter-suffix=\"\"\n\t\t\t\t\t\t\t\t\t\t\t\t\t\t>\n\t\t\t\t\tConstruction of logistics platforms\t\t\t\t<\/option>\n\t\t\t\t\t\t\t\t<option\n\t\t\t\t\tvalue=\"178\"\n\t\t\t\t\tdata-label=\"Construction of refrigerated warehouses\"\n\t\t\t\t\tdata-counter-prefix=\"\"\n\t\t\t\t\tdata-counter-suffix=\"\"\n\t\t\t\t\t\t\t\t\t\t\t\t\t\t>\n\t\t\t\t\tConstruction of refrigerated warehouses\t\t\t\t<\/option>\n\t\t\t\t\t\t\t\t<option\n\t\t\t\t\tvalue=\"192\"\n\t\t\t\t\tdata-label=\"Distribution Industry\"\n\t\t\t\t\tdata-counter-prefix=\"\"\n\t\t\t\t\tdata-counter-suffix=\"\"\n\t\t\t\t\t\t\t\t\t\t\t\t\t\t>\n\t\t\t\t\tDistribution Industry\t\t\t\t<\/option>\n\t\t\t\t\t\t\t\t<option\n\t\t\t\t\tvalue=\"180\"\n\t\t\t\t\tdata-label=\"Featured Projects\"\n\t\t\t\t\tdata-counter-prefix=\"\"\n\t\t\t\t\tdata-counter-suffix=\"\"\n\t\t\t\t\t\t\t\t\t\t\t\t\t\t>\n\t\t\t\t\tFeatured Projects\t\t\t\t<\/option>\n\t\t\t\t\t\t\t\t<option\n\t\t\t\t\tvalue=\"187\"\n\t\t\t\t\tdata-label=\"Food Industry\"\n\t\t\t\t\tdata-counter-prefix=\"\"\n\t\t\t\t\tdata-counter-suffix=\"\"\n\t\t\t\t\t\t\t\t\t\t\t\t\t\t>\n\t\t\t\t\tFood Industry\t\t\t\t<\/option>\n\t\t\t\t\t\t\t\t<option\n\t\t\t\t\tvalue=\"185\"\n\t\t\t\t\tdata-label=\"Industrial construction\"\n\t\t\t\t\tdata-counter-prefix=\"\"\n\t\t\t\t\tdata-counter-suffix=\"\"\n\t\t\t\t\t\t\t\t\t\t\t\t\t\t>\n\t\t\t\t\tIndustrial construction\t\t\t\t<\/option>\n\t\t\t\t\t\t\t\t<option\n\t\t\t\t\tvalue=\"186\"\n\t\t\t\t\tdata-label=\"Industrial mixed building\"\n\t\t\t\t\tdata-counter-prefix=\"\"\n\t\t\t\t\tdata-counter-suffix=\"\"\n\t\t\t\t\t\t\t\t\t\t\t\t\t\t>\n\t\t\t\t\tIndustrial mixed building\t\t\t\t<\/option>\n\t\t\t\t\t\t\t\t<option\n\t\t\t\t\tvalue=\"195\"\n\t\t\t\t\tdata-label=\"Industrial Sector\"\n\t\t\t\t\tdata-counter-prefix=\"\"\n\t\t\t\t\tdata-counter-suffix=\"\"\n\t\t\t\t\t\t\t\t\t\t\t\t\t\t>\n\t\t\t\t\tIndustrial Sector\t\t\t\t<\/option>\n\t\t\t\t\t\t\t\t<option\n\t\t\t\t\tvalue=\"196\"\n\t\t\t\t\tdata-label=\"Industrial steel building\"\n\t\t\t\t\tdata-counter-prefix=\"\"\n\t\t\t\t\tdata-counter-suffix=\"\"\n\t\t\t\t\t\t\t\t\t\t\t\t\t\t>\n\t\t\t\t\tIndustrial steel building\t\t\t\t<\/option>\n\t\t\t\t\t\t\t\t<option\n\t\t\t\t\tvalue=\"181\"\n\t\t\t\t\tdata-label=\"Logistics sector\"\n\t\t\t\t\tdata-counter-prefix=\"\"\n\t\t\t\t\tdata-counter-suffix=\"\"\n\t\t\t\t\t\t\t\t\t\t\t\t\t\t>\n\t\t\t\t\tLogistics sector\t\t\t\t<\/option>\n\t\t\t\t\t\t\t\t<option\n\t\t\t\t\tvalue=\"189\"\n\t\t\t\t\tdata-label=\"Mixed building systems\"\n\t\t\t\t\tdata-counter-prefix=\"\"\n\t\t\t\t\tdata-counter-suffix=\"\"\n\t\t\t\t\t\t\t\t\t\t\t\t\t\t>\n\t\t\t\t\tMixed building systems\t\t\t\t<\/option>\n\t\t\t\t\t\t\t\t<option\n\t\t\t\t\tvalue=\"190\"\n\t\t\t\t\tdata-label=\"Mixed commercial building\"\n\t\t\t\t\tdata-counter-prefix=\"\"\n\t\t\t\t\tdata-counter-suffix=\"\"\n\t\t\t\t\t\t\t\t\t\t\t\t\t\t>\n\t\t\t\t\tMixed commercial building\t\t\t\t<\/option>\n\t\t\t\t\t\t\t\t<option\n\t\t\t\t\tvalue=\"176\"\n\t\t\t\t\tdata-label=\"News\"\n\t\t\t\t\tdata-counter-prefix=\"\"\n\t\t\t\t\tdata-counter-suffix=\"\"\n\t\t\t\t\t\t\t\t\t\t\t\t\t\t>\n\t\t\t\t\tNews\t\t\t\t<\/option>\n\t\t\t\t\t\t\t\t<option\n\t\t\t\t\tvalue=\"177\"\n\t\t\t\t\tdata-label=\"Office construction\"\n\t\t\t\t\tdata-counter-prefix=\"\"\n\t\t\t\t\tdata-counter-suffix=\"\"\n\t\t\t\t\t\t\t\t\t\t\t\t\t\t>\n\t\t\t\t\tOffice construction\t\t\t\t<\/option>\n\t\t\t\t\t\t\t\t<option\n\t\t\t\t\tvalue=\"198\"\n\t\t\t\t\tdata-label=\"Paper Industry\"\n\t\t\t\t\tdata-counter-prefix=\"\"\n\t\t\t\t\tdata-counter-suffix=\"\"\n\t\t\t\t\t\t\t\t\t\t\t\t\t\t>\n\t\t\t\t\tPaper Industry\t\t\t\t<\/option>\n\t\t\t\t\t\t\t\t<option\n\t\t\t\t\tvalue=\"199\"\n\t\t\t\t\tdata-label=\"Pharmaceutical industry\"\n\t\t\t\t\tdata-counter-prefix=\"\"\n\t\t\t\t\tdata-counter-suffix=\"\"\n\t\t\t\t\t\t\t\t\t\t\t\t\t\t>\n\t\t\t\t\tPharmaceutical industry\t\t\t\t<\/option>\n\t\t\t\t\t\t\t\t<option\n\t\t\t\t\tvalue=\"191\"\n\t\t\t\t\tdata-label=\"precast commercial building\"\n\t\t\t\t\tdata-counter-prefix=\"\"\n\t\t\t\t\tdata-counter-suffix=\"\"\n\t\t\t\t\t\t\t\t\t\t\t\t\t\t>\n\t\t\t\t\tprecast commercial building\t\t\t\t<\/option>\n\t\t\t\t\t\t\t\t<option\n\t\t\t\t\tvalue=\"194\"\n\t\t\t\t\tdata-label=\"Precast Industrial Building\"\n\t\t\t\t\tdata-counter-prefix=\"\"\n\t\t\t\t\tdata-counter-suffix=\"\"\n\t\t\t\t\t\t\t\t\t\t\t\t\t\t>\n\t\t\t\t\tPrecast Industrial Building\t\t\t\t<\/option>\n\t\t\t\t\t\t\t\t<option\n\t\t\t\t\tvalue=\"188\"\n\t\t\t\t\tdata-label=\"Prefabricated building\"\n\t\t\t\t\tdata-counter-prefix=\"\"\n\t\t\t\t\tdata-counter-suffix=\"\"\n\t\t\t\t\t\t\t\t\t\t\t\t\t\t>\n\t\t\t\t\tPrefabricated building\t\t\t\t<\/option>\n\t\t\t\t\t\t\t\t<option\n\t\t\t\t\tvalue=\"193\"\n\t\t\t\t\tdata-label=\"Refurbishment of industrial buildings\"\n\t\t\t\t\tdata-counter-prefix=\"\"\n\t\t\t\t\tdata-counter-suffix=\"\"\n\t\t\t\t\t\t\t\t\t\t\t\t\t\t>\n\t\t\t\t\tRefurbishment of industrial buildings\t\t\t\t<\/option>\n\t\t\t\t\t\t\t\t<option\n\t\t\t\t\tvalue=\"182\"\n\t\t\t\t\tdata-label=\"Steel construction\"\n\t\t\t\t\tdata-counter-prefix=\"\"\n\t\t\t\t\tdata-counter-suffix=\"\"\n\t\t\t\t\t\t\t\t\t\t\t\t\t\t>\n\t\t\t\t\tSteel construction\t\t\t\t<\/option>\n\t\t\t\t\t\t\t\t<option\n\t\t\t\t\tvalue=\"209\"\n\t\t\t\t\tdata-label=\"Success stories\"\n\t\t\t\t\tdata-counter-prefix=\"\"\n\t\t\t\t\tdata-counter-suffix=\"\"\n\t\t\t\t\t\t\t\t\t\t\t\t\t\t>\n\t\t\t\t\tSuccess stories\t\t\t\t<\/option>\n\t\t\t\t\t\t\t\t<option\n\t\t\t\t\tvalue=\"78\"\n\t\t\t\t\tdata-label=\"Uncategorized\"\n\t\t\t\t\tdata-counter-prefix=\"\"\n\t\t\t\t\tdata-counter-suffix=\"\"\n\t\t\t\t\t\t\t\t\t\t\t\t\t\t>\n\t\t\t\t\tUncategorized\t\t\t\t<\/option>\n\t\t\t\t<\/select>\n\t<\/div><\/div>\t\t\t\t<\/div>\n\t\t\t\t<\/div>\n\t\t\t\t<div class=\"elementor-element elementor-element-a375c2a elementor-widget elementor-widget-jet-listing-grid\" data-id=\"a375c2a\" data-element_type=\"widget\" data-e-type=\"widget\" data-settings=\"{&quot;columns_mobile&quot;:&quot;1&quot;,&quot;columns&quot;:3}\" data-widget_type=\"jet-listing-grid.default\">\n\t\t\t\t<div class=\"elementor-widget-container\">\n\t\t\t\t\t<div class=\"jet-listing-grid jet-listing-grid--lazy-load jet-listing jet-listing-grid-loading\" data-lazy-load=\"{&quot;offset&quot;:&quot;0px&quot;,&quot;post_id&quot;:7558,&quot;queried_id&quot;:&quot;7558|WP_Post&quot;}\"><div class=\"jet-listing-grid__loader\"><div class=\"jet-listing-grid__loader-spinner\"><\/div><\/div><\/div>\t\t\t\t<\/div>\n\t\t\t\t<\/div>\n\t\t\t\t<div class=\"elementor-element elementor-element-6437f3c elementor-widget elementor-widget-jet-smart-filters-pagination\" data-id=\"6437f3c\" data-element_type=\"widget\" data-e-type=\"widget\" data-widget_type=\"jet-smart-filters-pagination.default\">\n\t\t\t\t<div class=\"elementor-widget-container\">\n\t\t\t\t\t<div\n\t\t\t\tclass=\"jet-smart-filters-pagination jet-filter\"\n\t\t\t\tdata-apply-provider=\"jet-engine\"\n\t\t\t\tdata-content-provider=\"jet-engine\"\n\t\t\t\tdata-query-id=\"default\"\n\t\t\t\tdata-controls=\"{&quot;items_enabled&quot;:true,&quot;pages_mid_size&quot;:0,&quot;pages_end_size&quot;:0,&quot;nav_enabled&quot;:true,&quot;prev&quot;:&quot;Anterior&quot;,&quot;next&quot;:&quot;Siguiente&quot;,&quot;hide_inactive_nav&quot;:true,&quot;load_more_enabled&quot;:false,&quot;provider_top_offset&quot;:0}\"\n\t\t\t\tdata-apply-type=\"ajax\"\n\t\t\t><\/div>\t\t\t\t<\/div>\n\t\t\t\t<\/div>\n\t\t\t\t\t<\/div>\n\t\t<\/div>\n\t\t\t\t\t<\/div>\n\t\t<\/section>\n\t\t\t\t<\/div>\n\t\t","protected":false},"excerpt":{"rendered":"<p>Shape Projects &amp; Constructions More than 45 years of experience in industrial, commercial and logistics engineering and construction. Here you can see some of our works carried out with metallic, prefabricated concrete and mixed systems. Types of construction \/ Sector Search &#8230; Results Seleccionar&#8230;Constgrucci\u00f3n naves industriales PrefabricadasConstrucci\u00f3n de naves frigor\u00edficasConstrucci\u00f3n de plataformas log\u00edsticasConstrucci\u00f3n nave comercial [&hellip;]<\/p>\n","protected":false},"author":1,"featured_media":6678,"parent":0,"menu_order":0,"comment_status":"closed","ping_status":"closed","template":"elementor_header_footer","meta":{"footnotes":""},"class_list":["post-7558","page","type-page","status-publish","has-post-thumbnail","hentry"],"_links":{"self":[{"href":"https:\/\/egein.com\/en\/wp-json\/wp\/v2\/pages\/7558","targetHints":{"allow":["GET"]}}],"collection":[{"href":"https:\/\/egein.com\/en\/wp-json\/wp\/v2\/pages"}],"about":[{"href":"https:\/\/egein.com\/en\/wp-json\/wp\/v2\/types\/page"}],"author":[{"embeddable":true,"href":"https:\/\/egein.com\/en\/wp-json\/wp\/v2\/users\/1"}],"replies":[{"embeddable":true,"href":"https:\/\/egein.com\/en\/wp-json\/wp\/v2\/comments?post=7558"}],"version-history":[{"count":2,"href":"https:\/\/egein.com\/en\/wp-json\/wp\/v2\/pages\/7558\/revisions"}],"predecessor-version":[{"id":17658,"href":"https:\/\/egein.com\/en\/wp-json\/wp\/v2\/pages\/7558\/revisions\/17658"}],"wp:featuredmedia":[{"embeddable":true,"href":"https:\/\/egein.com\/en\/wp-json\/wp\/v2\/media\/6678"}],"wp:attachment":[{"href":"https:\/\/egein.com\/en\/wp-json\/wp\/v2\/media?parent=7558"}],"curies":[{"name":"wp","href":"https:\/\/api.w.org\/{rel}","templated":true}]}}