{"id":4960,"date":"2021-05-01T13:27:14","date_gmt":"2021-05-01T13:27:14","guid":{"rendered":"https:\/\/egein.com\/politica-de-cookies\/"},"modified":"2022-04-29T15:15:08","modified_gmt":"2022-04-29T15:15:08","slug":"politica-de-cookies","status":"publish","type":"page","link":"https:\/\/egein.com\/ca\/politica-de-cookies\/","title":{"rendered":"Pol\u00edtica de cookies"},"content":{"rendered":"\t\t<div data-elementor-type=\"wp-page\" data-elementor-id=\"4960\" class=\"elementor elementor-4960 elementor-2562\" data-elementor-post-type=\"page\">\n\t\t\t\t\t\t<section class=\"elementor-section elementor-top-section elementor-element elementor-element-1cb62905 elementor-section-height-min-height elementor-section-items-stretch elementor-section-boxed elementor-section-height-default\" data-id=\"1cb62905\" data-element_type=\"section\" data-e-type=\"section\" data-settings=\"{&quot;background_background&quot;:&quot;classic&quot;}\">\n\t\t\t\t\t\t<div class=\"elementor-container elementor-column-gap-default\">\n\t\t\t\t\t<div class=\"elementor-column elementor-col-50 elementor-top-column elementor-element elementor-element-5d19b59c\" data-id=\"5d19b59c\" data-element_type=\"column\" data-e-type=\"column\">\n\t\t\t<div class=\"elementor-widget-wrap elementor-element-populated\">\n\t\t\t\t\t\t<div class=\"elementor-element elementor-element-3278259a elementor-widget elementor-widget-heading\" data-id=\"3278259a\" data-element_type=\"widget\" data-e-type=\"widget\" data-widget_type=\"heading.default\">\n\t\t\t\t<div class=\"elementor-widget-container\">\n\t\t\t\t\t<h1 class=\"elementor-heading-title elementor-size-default\">Pol\u00edtica de<br>cookies<\/h1>\t\t\t\t<\/div>\n\t\t\t\t<\/div>\n\t\t\t\t\t<\/div>\n\t\t<\/div>\n\t\t\t\t<div class=\"elementor-column elementor-col-50 elementor-top-column elementor-element elementor-element-17979139\" data-id=\"17979139\" data-element_type=\"column\" data-e-type=\"column\">\n\t\t\t<div class=\"elementor-widget-wrap\">\n\t\t\t\t\t\t\t<\/div>\n\t\t<\/div>\n\t\t\t\t\t<\/div>\n\t\t<\/section>\n\t\t\t\t<section class=\"elementor-section elementor-top-section elementor-element elementor-element-126f27c6 elementor-section-boxed elementor-section-height-default elementor-section-height-default\" data-id=\"126f27c6\" data-element_type=\"section\" data-e-type=\"section\">\n\t\t\t\t\t\t<div class=\"elementor-container elementor-column-gap-default\">\n\t\t\t\t\t<div class=\"elementor-column elementor-col-100 elementor-top-column elementor-element elementor-element-77d142bd\" data-id=\"77d142bd\" data-element_type=\"column\" data-e-type=\"column\">\n\t\t\t<div class=\"elementor-widget-wrap elementor-element-populated\">\n\t\t\t\t\t\t<div class=\"elementor-element elementor-element-8e07679 elementor-widget elementor-widget-text-editor\" data-id=\"8e07679\" data-element_type=\"widget\" data-e-type=\"widget\" data-widget_type=\"text-editor.default\">\n\t\t\t\t<div class=\"elementor-widget-container\">\n\t\t\t\t\t\t\t\t\tENGINYERIA I GESTI\u00d3 D&#8217;ESPAIS INDUSTRIALS, SL, mitjan\u00e7ant el present document, recull la seva Pol\u00edtica de Recollida i Tractament de Cookies, en compliment del que disposa l\u2019article 22.2 de la Llei 34\/2002, de 11 de juliol, de Serveis de la Societat i de la Informaci\u00f3 i de Comer\u00e7 Electr\u00f2nic (LSSICE).\r\n\r\n&nbsp;\r\n\r\nLes Cookies s\u2019emmagatzemen al terminal de l\u2019usuari (ordinador i dispositiu m\u00f2bil) i recopilen informaci\u00f3 al visitar la p\u00e0gina web https:\/\/egein.com\/, amb la finalitat de millorar l\u2019\u00fas de les mateixes con\u00e8ixer els h\u00e0bits o necessitats de navegaci\u00f3 dels usuaris per a poder adaptar-se als mateixos, aix\u00ed com obtenir informaci\u00f3 amb fins estad\u00edstics. En cas d\u2019aquells usuaris que ja siguin clients de la entitat, la informaci\u00f3 recaptada amb les Cookies servir\u00e0 tamb\u00e9 per a la seva identificaci\u00f3 al accedir a les diferents eines que la entitat posa a la seva disposici\u00f3 per a la gesti\u00f3 dels serveis.\r\n\r\n&nbsp;\r\n\r\nLa present Pol\u00edtica de Cookies ser\u00e0 d\u2019aplicaci\u00f3 a aquells usuaris que volunt\u00e0riament visiten les p\u00e0gines web de la entitat, omplen formularis de recollida de dades, accedeixin a les eines que l\u2019entitat posa a disposici\u00f3 dels seus clients per a gestionar els seus serveis, o utilitzen qualsevol altre servei present en el lloc web que impliqui la comunicaci\u00f3 de dades a l\u2019entitat, o l\u2019acc\u00e9s a dades per a l\u2019entitat, per a la prestaci\u00f3 dels seus serveis.\r\n\r\n&nbsp;\r\n\r\nL\u2019entitat informa als usuaris de les seves p\u00e0gines web, de la exist\u00e8ncia de les Cookies i posa a la seva disposici\u00f3 aquesta Pol\u00edtica de Cookies amb la finalitat d\u2019informar respecte del seu \u00fas i objecte d\u2019aquestes.\r\n\r\n&nbsp;\r\n\r\nENGINYERIA I GESTI\u00d3 D&#8217;ESPAIS INDUSTRIALS, SL utilitza els seg\u00fcents tipus de Cookies:\r\n\r\n<u>Classificades per la seva titularitat:<\/u>\r\n<ul>\r\n \t<li>Cookies pr\u00f2pies: enviades i gestionades directament per l\u2019entitat.<\/li>\r\n \t<li>Cookies de tercers: enviades i gestionades per un tercer ali\u00e8 a la entitat de forma an\u00f2nima, amb la finalitat de realitzar estudis estad\u00edstics de navegaci\u00f3 per a les p\u00e0gines web de l\u2019entitat.<\/li>\r\n<\/ul>\r\n&nbsp;\r\n\r\n<u>Classificades per la seva finalitat:<\/u>\r\n<ul>\r\n \t<li>Cookies t\u00e8cniques i\/o de personalitzaci\u00f3: faciliten la navegaci\u00f3 al identificar la sessi\u00f3, permetre l\u2019acc\u00e9s a eines d\u2019acc\u00e9s restringit, a m\u00e9s de configurar a mida les opcions disponibles. Possibiliten la prestaci\u00f3 del servei sol\u00b7licitat pr\u00e8viament per l\u2019usuari.<\/li>\r\n \t<li>Cookies d\u2019an\u00e0lisi i\/o publicitat: permeten con\u00e8ixer el n\u00famero de visites rebuda a les diferents seccions de les p\u00e0gines web, els h\u00e0bits i tend\u00e8ncies dels seus usuaris i, en conseq\u00fc\u00e8ncia, poder millorar la navegaci\u00f3 i el servei ofert per l\u2019entitat (fonamentalment, Google Analytics), aix\u00ed com gestionar els espais publicitaris inclosos a la p\u00e0gina web visitada per l\u2019usuari. Recopila dades de forma an\u00f2nima amb la finalitat d\u2019obtenir perfils de navegaci\u00f3 dels usuaris.<\/li>\r\n<\/ul>\r\n&nbsp;\r\n\r\n<u>Classificades per la seva durada:<\/u>\r\n<ul>\r\n \t<li>Cookies de sessi\u00f3: recapten i emmagatzemen dades mentre l\u2019usuari accedeix a la p\u00e0gina web.<\/li>\r\n \t<li>Cookies persistents: recapten i emmagatzemen les dades al terminal de l\u2019usuari durant un per\u00edode de temps variable en funci\u00f3 de quina sigui la finalitat per a la que van ser utilitzades.<\/li>\r\n<\/ul>\r\n&nbsp;\r\n\r\nEl temps de conservaci\u00f3 de les Cookies dependr\u00e0 del tipus del que es tracti i sempre ser\u00e0 el m\u00ednim indispensable per a complir amb la seva finalitat.\r\n\r\nEn qualsevol cas, els usuaris poden configurar el seu navegador, de manera que es inhabiliti o bloquegi la recepci\u00f3 de totes o algunes de les Cookies. El fet de no desitjar rebre aquestes Cookies no constitueix un impediment per a poder accedir a la informaci\u00f3 dels llocs web de la entitat. Si una vegada atorgat el consentiment per a la recepci\u00f3 de Cookies si es desitja retirar-lo hauran d\u2019eliminar-se aquelles emmagatzemades a l\u2019equip de l\u2019usuari, mitjan\u00e7ant les opcions dels diversos navegadors.\r\n\r\n&nbsp;\r\n\r\nLa forma de configurar els diferents navegadors per a dur a terme les accions assenyalades als par\u00e0grafs anteriors es pot consultar a:\r\n\r\n&nbsp;\r\n<ul>\r\n \t<li>Explorer: <a href=\"http:\/\/windows.microsoft.com\/es-es\/windows7\/how-to-manage-cookies-in-internet-explorer-9\">http:\/\/windows.microsoft.com\/es-es\/windows7\/how-to-manage-cookies-in-internet-explorer-9<\/a><\/li>\r\n \t<li>Chrome: <a href=\"https:\/\/support.google.com\/chrome\/answer\/95647?hl=es\">https:\/\/support.google.com\/chrome\/answer\/95647?hl=es<\/a><\/li>\r\n \t<li>Firefox: http:\/\/support.mozilla.org\/es\/kb\/cookies-informacion-que-los-sitios-web-guardan-en-?redirectlocale=en-US&amp;redirectslug=Cookies<\/li>\r\n<\/ul>\t\t\t\t\t\t\t\t<\/div>\n\t\t\t\t<\/div>\n\t\t\t\t<div class=\"elementor-element elementor-element-16cd6fd1 elementor-widget__width-auto elementor-absolute elementor-view-default elementor-widget elementor-widget-icon\" data-id=\"16cd6fd1\" data-element_type=\"widget\" data-e-type=\"widget\" data-settings=\"{&quot;_position&quot;:&quot;absolute&quot;}\" data-widget_type=\"icon.default\">\n\t\t\t\t<div class=\"elementor-widget-container\">\n\t\t\t\t\t\t\t<div class=\"elementor-icon-wrapper\">\n\t\t\t<div class=\"elementor-icon\">\n\t\t\t<svg xmlns=\"http:\/\/www.w3.org\/2000\/svg\" id=\"a72f1db4-4b9f-4cbc-ac4c-a54efeaf8336\" data-name=\"Layer 1\" width=\"100\" height=\"100\" viewBox=\"0 0 100 100\"><title>Shape<\/title><path id=\"aecdc5f9-a79f-465f-8b06-186d589ccd57\" data-name=\"Shape\" d=\"M0,100V0H50V50h50v50Z\" style=\"fill-rule:evenodd\"><\/path><\/svg>\t\t\t<\/div>\n\t\t<\/div>\n\t\t\t\t\t\t<\/div>\n\t\t\t\t<\/div>\n\t\t\t\t<div class=\"elementor-element elementor-element-3b611775 elementor-widget__width-auto elementor-absolute elementor-view-default elementor-widget elementor-widget-icon\" data-id=\"3b611775\" data-element_type=\"widget\" data-e-type=\"widget\" data-settings=\"{&quot;_position&quot;:&quot;absolute&quot;}\" data-widget_type=\"icon.default\">\n\t\t\t\t<div class=\"elementor-widget-container\">\n\t\t\t\t\t\t\t<div class=\"elementor-icon-wrapper\">\n\t\t\t<div class=\"elementor-icon\">\n\t\t\t<svg xmlns=\"http:\/\/www.w3.org\/2000\/svg\" id=\"a72f1db4-4b9f-4cbc-ac4c-a54efeaf8336\" data-name=\"Layer 1\" width=\"100\" height=\"100\" viewBox=\"0 0 100 100\"><title>Shape<\/title><path id=\"aecdc5f9-a79f-465f-8b06-186d589ccd57\" data-name=\"Shape\" d=\"M0,100V0H50V50h50v50Z\" style=\"fill-rule:evenodd\"><\/path><\/svg>\t\t\t<\/div>\n\t\t<\/div>\n\t\t\t\t\t\t<\/div>\n\t\t\t\t<\/div>\n\t\t\t\t\t<\/div>\n\t\t<\/div>\n\t\t\t\t\t<\/div>\n\t\t<\/section>\n\t\t\t\t<\/div>\n\t\t","protected":false},"excerpt":{"rendered":"<p>Pol\u00edtica decookies ENGINYERIA I GESTI\u00d3 D&#8217;ESPAIS INDUSTRIALS, SL, mitjan\u00e7ant el present document, recull la seva Pol\u00edtica de Recollida i Tractament de Cookies, en compliment del que disposa l\u2019article 22.2 de la Llei 34\/2002, de 11 de juliol, de Serveis de la Societat i de la Informaci\u00f3 i de Comer\u00e7 Electr\u00f2nic (LSSICE). &nbsp; Les Cookies s\u2019emmagatzemen [&hellip;]<\/p>\n","protected":false},"author":1,"featured_media":0,"parent":0,"menu_order":0,"comment_status":"closed","ping_status":"closed","template":"","meta":{"footnotes":""},"class_list":["post-4960","page","type-page","status-publish","hentry"],"_links":{"self":[{"href":"https:\/\/egein.com\/ca\/wp-json\/wp\/v2\/pages\/4960","targetHints":{"allow":["GET"]}}],"collection":[{"href":"https:\/\/egein.com\/ca\/wp-json\/wp\/v2\/pages"}],"about":[{"href":"https:\/\/egein.com\/ca\/wp-json\/wp\/v2\/types\/page"}],"author":[{"embeddable":true,"href":"https:\/\/egein.com\/ca\/wp-json\/wp\/v2\/users\/1"}],"replies":[{"embeddable":true,"href":"https:\/\/egein.com\/ca\/wp-json\/wp\/v2\/comments?post=4960"}],"version-history":[{"count":0,"href":"https:\/\/egein.com\/ca\/wp-json\/wp\/v2\/pages\/4960\/revisions"}],"wp:attachment":[{"href":"https:\/\/egein.com\/ca\/wp-json\/wp\/v2\/media?parent=4960"}],"curies":[{"name":"wp","href":"https:\/\/api.w.org\/{rel}","templated":true}]}}