{"id":4958,"date":"2021-05-01T13:20:55","date_gmt":"2021-05-01T13:20:55","guid":{"rendered":"https:\/\/egein.com\/politica-de-privacitat\/"},"modified":"2022-04-29T15:19:06","modified_gmt":"2022-04-29T15:19:06","slug":"politica-de-privacitat","status":"publish","type":"page","link":"https:\/\/egein.com\/ca\/politica-de-privacitat\/","title":{"rendered":"Pol\u00edtica de privacitat"},"content":{"rendered":"\t\t<div data-elementor-type=\"wp-page\" data-elementor-id=\"4958\" class=\"elementor elementor-4958 elementor-3\" data-elementor-post-type=\"page\">\n\t\t\t\t\t\t<section class=\"elementor-section elementor-top-section elementor-element elementor-element-384ef712 elementor-section-height-min-height elementor-section-items-stretch elementor-section-boxed elementor-section-height-default\" data-id=\"384ef712\" data-element_type=\"section\" data-e-type=\"section\" data-settings=\"{&quot;background_background&quot;:&quot;classic&quot;}\">\n\t\t\t\t\t\t<div class=\"elementor-container elementor-column-gap-default\">\n\t\t\t\t\t<div class=\"elementor-column elementor-col-50 elementor-top-column elementor-element elementor-element-24fd5711\" data-id=\"24fd5711\" data-element_type=\"column\" data-e-type=\"column\">\n\t\t\t<div class=\"elementor-widget-wrap elementor-element-populated\">\n\t\t\t\t\t\t<div class=\"elementor-element elementor-element-3c408599 elementor-widget elementor-widget-heading\" data-id=\"3c408599\" data-element_type=\"widget\" data-e-type=\"widget\" data-widget_type=\"heading.default\">\n\t\t\t\t<div class=\"elementor-widget-container\">\n\t\t\t\t\t<h1 class=\"elementor-heading-title elementor-size-default\">Pol\u00edtica de<br>Privacitat<\/h1>\t\t\t\t<\/div>\n\t\t\t\t<\/div>\n\t\t\t\t\t<\/div>\n\t\t<\/div>\n\t\t\t\t<div class=\"elementor-column elementor-col-50 elementor-top-column elementor-element elementor-element-e74d4eb\" data-id=\"e74d4eb\" data-element_type=\"column\" data-e-type=\"column\">\n\t\t\t<div class=\"elementor-widget-wrap\">\n\t\t\t\t\t\t\t<\/div>\n\t\t<\/div>\n\t\t\t\t\t<\/div>\n\t\t<\/section>\n\t\t\t\t<section class=\"elementor-section elementor-top-section elementor-element elementor-element-14b85977 elementor-section-boxed elementor-section-height-default elementor-section-height-default\" data-id=\"14b85977\" data-element_type=\"section\" data-e-type=\"section\">\n\t\t\t\t\t\t<div class=\"elementor-container elementor-column-gap-default\">\n\t\t\t\t\t<div class=\"elementor-column elementor-col-100 elementor-top-column elementor-element elementor-element-994e71c\" data-id=\"994e71c\" data-element_type=\"column\" data-e-type=\"column\">\n\t\t\t<div class=\"elementor-widget-wrap elementor-element-populated\">\n\t\t\t\t\t\t<div class=\"elementor-element elementor-element-c13d61d elementor-widget elementor-widget-text-editor\" data-id=\"c13d61d\" data-element_type=\"widget\" data-e-type=\"widget\" data-widget_type=\"text-editor.default\">\n\t\t\t\t<div class=\"elementor-widget-container\">\n\t\t\t\t\t\t\t\t\tA trav\u00e9s d&#8217;aquest lloc web no es recullen dades de car\u00e0cter personal dels usuaris sense el seu coneixement, ni se cedeixen a tercers.\r\n\r\n&nbsp;\r\n\r\nPer con\u00e8ixer la nostra pol\u00edtica de cookies, utilitzades per a recollir informaci\u00f3 dels usuaris, li agra\u00efm llegeixi l&#8217;apartat Pol\u00edtica de galetes de la nostra p\u00e0gina web.\r\n\r\n&nbsp;\r\n\r\n<strong><u>Informaci\u00f3 b\u00e0sica sobre protecci\u00f3 de dades<\/u><\/strong>\r\n\r\nA continuaci\u00f3 us informem sobre la pol\u00edtica de protecci\u00f3 de dades de ENGINYERIA I GESTI\u00d3 D&#8217;ESPAIS INDUSTRIALS, SL\r\n\r\n&nbsp;\r\n\r\n<strong>Qui \u00e9s el responsable del tractament?<\/strong>\r\n\r\nLes dades de car\u00e0cter personal que es puguin demanar directament de l&#8217;interessat seran tractades de forma confidencial i quedaran incorporades a la corresponent activitat de tractament titularitat de ENGINYERIA I GESTI\u00d3 D&#8217;ESPAIS INDUSTRIALS, SL\r\n\r\n&nbsp;\r\n\r\n<strong>Com obtenim les seves dades personals?<\/strong>\r\n\r\nRecollim les seves dades personals en diferents ocasions:\r\n<ul>\r\n \t<li>Cada vegada que contacta directament amb nosaltres, per exemple a trav\u00e9s de l&#8217;apartat contacte o qualsevol altre apartat en qu\u00e8 ompli un q\u00fcestionari del web. o a trav\u00e9s de les l\u00ednies d&#8217;atenci\u00f3 telef\u00f2nica a clients, per demanar informaci\u00f3 sobre els nostres productes i serveis.<\/li>\r\n \t<li>Quan vost\u00e8 compra o contracta directament amb nosaltres un producte o servei.<\/li>\r\n<\/ul>\r\n&nbsp;\r\n\r\nEls productes i serveis de ENGINYERIA I GESTI\u00d3 D&#8217;ESPAIS INDUSTRIALS, SL aix\u00ed com les seves campanyes promocionals, estan dirigits i pensats majorit\u00e0riament per a adults. En aquest sentit, nom\u00e9s recollirem i tractarem les seves dades personals si vost\u00e8 t\u00e9, almenys, 16 anys. ENGINYERIA I GESTI\u00d3 D&#8217;ESPAIS INDUSTRIALS, SL, es reserva la possibilitat de realitzar verificacions de l&#8217;edat de les persones que li faciliten dades personals. Qualsevol dada d&#8217;un menor de 16 anys, ser\u00e0 eliminat.\r\n\r\nLi agrair\u00edem que ens ajud\u00e9s a mantenir actualitzades les seves dades personals informant-nos de qualsevol canvi en les seves dades de contacte o les seves prefer\u00e8ncies.\r\n\r\n&nbsp;\r\n\r\n<strong>Quina informaci\u00f3 podem obtenir sobre vost\u00e8?<\/strong>\r\n\r\nA trav\u00e9s dels diferents serveis i canals de contacte descrits en aquesta Pol\u00edtica de Privacitat, es poden demanar els seg\u00fcents tipus de dades sobre tu depenent de la seva relaci\u00f3 amb el Responsable dl Tractament:\r\n<ul>\r\n \t<li>Clients i usuaris: Dades identificatives i de contacte: nom, adre\u00e7a, n\u00fameros de tel\u00e8fon, correu electr\u00f2nic. Dades econ\u00f2miques: n\u00ba de compte bancari \/ n\u00fam de targeta de cr\u00e8dit.<\/li>\r\n<\/ul>\r\n&nbsp;\r\n\r\n<strong>Amb quina Finalitats tractem les seves dades personals?<\/strong>\r\n\r\nPer la seva condici\u00f3 d&#8217;usuari de la web, tractarem les dades personals que ens proporcioni amb la finalitat d&#8217;atendre la consulta que ens hagi efectuat i proporcionar-li informaci\u00f3 comercial de productes i serveis de l&#8217;empresa.\r\n\r\nPer la seva condici\u00f3 de client tractarem les seves dades per prestar-li el servei sol\u00b7licitat i la gesti\u00f3 administrativa i comercial de la nostra cartera de clients.\r\n\r\n&nbsp;\r\n\r\n<strong>Quina \u00e9s la Legitimaci\u00f3 per al tractament de les seves dades?<\/strong>\r\n\r\nUsuaris i membres: RGPD Article 6.1.a) consentiment de l&#8217;interessat per al tractament de les seves dades personals per a un o diversos fins espec\u00edfics.\r\n\r\nClients: RGPD Article 6.1. b) el tractament \u00e9s necessari per a l&#8217;execuci\u00f3 d&#8217;un contracte en el qual l&#8217;interessat \u00e9s part, o per a l&#8217;aplicaci\u00f3 a petici\u00f3 d&#8217;aquest de mesures pre-contractuals .. RGPD Article 6.1.a) consentiment de l&#8217;interessat per al tractament de les seves dades personals per a un o diversos fins espec\u00edfics.\r\n\r\nPer a les altres activitats de tractament que puguin no apar\u00e8ixer en aquesta pol\u00edtica de privacitat, preguem contacti amb el Responsable del Tractament per demanar m\u00e9s informaci\u00f3.\r\n\r\n&nbsp;\r\n\r\n<strong>Durant quant temps conservarem les seves dades?<\/strong>\r\n\r\nLes dades personals proporcionades es conservaran durant el temps necessari per complir amb la finalitat per a la qual es recullen i per determinar les possibles responsabilitats que es puguin derivar de la finalitat, a m\u00e9s dels per\u00edodes establerts en la normativa d&#8217;arxius i documentaci\u00f3.\r\n\r\n&nbsp;\r\n\r\n<strong>A qui comunicarem les seves dades?<\/strong>\r\n\r\nAmb car\u00e0cter general no es comunicaran les dades personals a tercers, excepte obligaci\u00f3 legal, entre les quals poden estar les comunicacions a organitzacions directament relacionades amb el responsable (Assessoria fiscal, laboral i comptable. Entitats financeres. Ag\u00e8ncia Estatal d&#8217;Administraci\u00f3 Tribut\u00e0ria. Empreses de formaci\u00f3 . Entitat a qui s&#8217;encomani la gesti\u00f3 en mat\u00e8ria de riscos laborals. Institut Nacional de la Seguretat Social. Tresoreria General de la Seguretat Social. Organitzacions sindicals. Empreses encarregades de m\u00e0rqueting i publicitat. Empreses de Selecci\u00f3 de personal). Forces i cossos de seguretat de l&#8217;Estat, \u00f2rgans judicials, Ministeri Fiscal.\r\n\r\nEncara que en les transmissions de dades a trav\u00e9s d&#8217;internet o des d&#8217;una web no \u00e9s possible garantir una protecci\u00f3 absoluta contra intrusions, ens esforcem al m\u00e0xim en mantenir les mesures de protecci\u00f3 f\u00edsica, electr\u00f2nica i procedimental necess\u00e0ries per garantir la protecci\u00f3 de la seva informaci\u00f3 d&#8217;acord amb les exig\u00e8ncies aplicables en mat\u00e8ria de protecci\u00f3 de dades.\r\n\r\nTotes les teves es guarden en un lloc segur (o c\u00f2pies f\u00edsiques segures) de la nostra propietat o els nostres encarregats del tractament, i per accedir-hi i utilitzar-los s&#8217;apliquen nostres criteris i pol\u00edtiques de seguretat (o altres equivalents dels nostres encarregats de tractament).\r\n\r\n&nbsp;\r\n\r\n<strong>Fem Transfer\u00e8ncies internacionals de dades?<\/strong>\r\n\r\nENGINYERIA I GESTI\u00d3 D&#8217;ESPAIS INDUSTRIALS, SL no t\u00e9 previstes les transfer\u00e8ncies internacionals de dades.\r\n\r\n&nbsp;\r\n\r\n<strong>Com mantenim protegits les seves dades?<\/strong>\r\n\r\nPer garantir la protecci\u00f3 i mantenir la seguretat, integritat i disponibilitat de les dades, utilitzem diverses mesures de seguretat.\r\n\r\nEncara que en les transmissions de dades a trav\u00e9s d&#8217;internet o des d&#8217;una web no \u00e9s possible garantir una protecci\u00f3 absoluta contra intrusions, tant nosaltres com els nostres encarregats del tractament, dediquem els m\u00e0xims esfor\u00e7os per mantenir les mesures de protecci\u00f3 f\u00edsica, electr\u00f2nica i procedimental amb les quals garantir la protecci\u00f3 de les seves dades d&#8217;acord amb les exig\u00e8ncies legals aplicables en aquesta mat\u00e8ria. Entre les mesures que utilitzem s&#8217;inclouen les seg\u00fcents:\r\n<ul>\r\n \t<li>limitar l&#8217;acc\u00e9s a les seves dades \u00fanicament a aquelles persones que hagin de con\u00e8ixer-los en atenci\u00f3 a les tasques que realitzen;<\/li>\r\n \t<li>com a regla general transferir en format xifrat les dades recollides;<\/li>\r\n \t<li>emmagatzemar les dades m\u00e9s sensibles (com les dades banc\u00e0ries) nom\u00e9s en format xifrat;<\/li>\r\n \t<li>instal\u00b7lar sistemes de protecci\u00f3 perimetral de les infraestructures inform\u00e0tiques (tallafocs) per impedir accessos no autoritzats, per exemple hackers, i<\/li>\r\n \t<li>monitoritzar habitualment els accessos als sistemes inform\u00e0tics per detectar i aturar qualsevol \u00fas indegut de les dades de car\u00e0cter personal.<\/li>\r\n<\/ul>\r\nEn aquells casos en que li haguem facilitat (o vost\u00e8 hagi triat) una contrasenya que li permeti accedir a determinades parts de les nostres webs o de qualsevol altre portal, aplicaci\u00f3 o servei sota el nostre control, \u00e9s vost\u00e8 responsable de mantenir-la en secret i de complir tots els altres procediments de seguretat que li notifiquem. No podr\u00e0 compartir la seva contrasenya amb ning\u00fa.\r\n\r\n&nbsp;\r\n\r\n<strong>Quins Drets poden exercir els interessats?<\/strong>\r\n\r\nQualsevol persona t\u00e9 dret a obtenir confirmaci\u00f3 sobre els tractaments que de les seves dades que es duen a terme per ENGINYERIA I GESTI\u00d3 D&#8217;ESPAIS INDUSTRIALS, SL\r\n\r\nPot exercir els seus drets d&#8217;acc\u00e9s, rectificaci\u00f3, supressi\u00f3 i portabilitat de les seves dades, de limitaci\u00f3 i oposici\u00f3 al seu tractament, aix\u00ed com a no ser objecte de decisions basades \u00fanicament en el tractament automatitzat de les seves dades, i a retirar el consentiment prestat, davant ENGINYERIA I GESTI\u00d3 D&#8217;ESPAIS INDUSTRIALS, SL. B17493396. C\/ Areny, 29 &#8211; 17460 &#8211; Celr\u00e0 &#8211; GIRONA. O b\u00e9 dirigir un e-mail a info@egein.com, indicant en l&#8217;assumpte &#8220;Protecci\u00f3 de dades&#8221;.\r\n\r\nA m\u00e9s, l&#8217;interessat pot dirigir-se a l&#8217;Autoritat de Control en mat\u00e8ria de protecci\u00f3 de dades competent per obtenir informaci\u00f3 addicional o presentar una reclamaci\u00f3.\t\t\t\t\t\t\t\t<\/div>\n\t\t\t\t<\/div>\n\t\t\t\t<div class=\"elementor-element elementor-element-3ebdb7d9 elementor-widget__width-auto elementor-absolute elementor-view-default elementor-widget elementor-widget-icon\" data-id=\"3ebdb7d9\" data-element_type=\"widget\" data-e-type=\"widget\" data-settings=\"{&quot;_position&quot;:&quot;absolute&quot;}\" data-widget_type=\"icon.default\">\n\t\t\t\t<div class=\"elementor-widget-container\">\n\t\t\t\t\t\t\t<div class=\"elementor-icon-wrapper\">\n\t\t\t<div class=\"elementor-icon\">\n\t\t\t<svg xmlns=\"http:\/\/www.w3.org\/2000\/svg\" id=\"a72f1db4-4b9f-4cbc-ac4c-a54efeaf8336\" data-name=\"Layer 1\" width=\"100\" height=\"100\" viewBox=\"0 0 100 100\"><title>Shape<\/title><path id=\"aecdc5f9-a79f-465f-8b06-186d589ccd57\" data-name=\"Shape\" d=\"M0,100V0H50V50h50v50Z\" style=\"fill-rule:evenodd\"><\/path><\/svg>\t\t\t<\/div>\n\t\t<\/div>\n\t\t\t\t\t\t<\/div>\n\t\t\t\t<\/div>\n\t\t\t\t<div class=\"elementor-element elementor-element-7baddc98 elementor-widget__width-auto elementor-absolute elementor-view-default elementor-widget elementor-widget-icon\" data-id=\"7baddc98\" data-element_type=\"widget\" data-e-type=\"widget\" data-settings=\"{&quot;_position&quot;:&quot;absolute&quot;}\" data-widget_type=\"icon.default\">\n\t\t\t\t<div class=\"elementor-widget-container\">\n\t\t\t\t\t\t\t<div class=\"elementor-icon-wrapper\">\n\t\t\t<div class=\"elementor-icon\">\n\t\t\t<svg xmlns=\"http:\/\/www.w3.org\/2000\/svg\" id=\"a72f1db4-4b9f-4cbc-ac4c-a54efeaf8336\" data-name=\"Layer 1\" width=\"100\" height=\"100\" viewBox=\"0 0 100 100\"><title>Shape<\/title><path id=\"aecdc5f9-a79f-465f-8b06-186d589ccd57\" data-name=\"Shape\" d=\"M0,100V0H50V50h50v50Z\" style=\"fill-rule:evenodd\"><\/path><\/svg>\t\t\t<\/div>\n\t\t<\/div>\n\t\t\t\t\t\t<\/div>\n\t\t\t\t<\/div>\n\t\t\t\t\t<\/div>\n\t\t<\/div>\n\t\t\t\t\t<\/div>\n\t\t<\/section>\n\t\t\t\t<\/div>\n\t\t","protected":false},"excerpt":{"rendered":"<p>Pol\u00edtica dePrivacitat A trav\u00e9s d&#8217;aquest lloc web no es recullen dades de car\u00e0cter personal dels usuaris sense el seu coneixement, ni se cedeixen a tercers. &nbsp; Per con\u00e8ixer la nostra pol\u00edtica de cookies, utilitzades per a recollir informaci\u00f3 dels usuaris, li agra\u00efm llegeixi l&#8217;apartat Pol\u00edtica de galetes de la nostra p\u00e0gina web. &nbsp; Informaci\u00f3 b\u00e0sica [&hellip;]<\/p>\n","protected":false},"author":1,"featured_media":0,"parent":0,"menu_order":0,"comment_status":"closed","ping_status":"closed","template":"","meta":{"footnotes":""},"class_list":["post-4958","page","type-page","status-publish","hentry"],"_links":{"self":[{"href":"https:\/\/egein.com\/ca\/wp-json\/wp\/v2\/pages\/4958","targetHints":{"allow":["GET"]}}],"collection":[{"href":"https:\/\/egein.com\/ca\/wp-json\/wp\/v2\/pages"}],"about":[{"href":"https:\/\/egein.com\/ca\/wp-json\/wp\/v2\/types\/page"}],"author":[{"embeddable":true,"href":"https:\/\/egein.com\/ca\/wp-json\/wp\/v2\/users\/1"}],"replies":[{"embeddable":true,"href":"https:\/\/egein.com\/ca\/wp-json\/wp\/v2\/comments?post=4958"}],"version-history":[{"count":0,"href":"https:\/\/egein.com\/ca\/wp-json\/wp\/v2\/pages\/4958\/revisions"}],"wp:attachment":[{"href":"https:\/\/egein.com\/ca\/wp-json\/wp\/v2\/media?parent=4958"}],"curies":[{"name":"wp","href":"https:\/\/api.w.org\/{rel}","templated":true}]}}