{"id":3900,"date":"2021-04-29T11:41:00","date_gmt":"2021-04-29T11:41:00","guid":{"rendered":"https:\/\/egein.com\/avis-legal\/"},"modified":"2023-12-11T09:12:30","modified_gmt":"2023-12-11T08:12:30","slug":"avis-legal","status":"publish","type":"page","link":"https:\/\/egein.com\/ca\/avis-legal\/","title":{"rendered":"Av\u00eds legal"},"content":{"rendered":"\t\t<div data-elementor-type=\"wp-page\" data-elementor-id=\"3900\" class=\"elementor elementor-3900 elementor-2556\" data-elementor-post-type=\"page\">\n\t\t\t\t\t\t<section class=\"elementor-section elementor-top-section elementor-element elementor-element-66eb0aa2 elementor-section-height-min-height elementor-section-items-stretch elementor-section-boxed elementor-section-height-default\" data-id=\"66eb0aa2\" data-element_type=\"section\" data-e-type=\"section\" data-settings=\"{&quot;background_background&quot;:&quot;classic&quot;}\">\n\t\t\t\t\t\t<div class=\"elementor-container elementor-column-gap-default\">\n\t\t\t\t\t<div class=\"elementor-column elementor-col-50 elementor-top-column elementor-element elementor-element-2fcb1002\" data-id=\"2fcb1002\" data-element_type=\"column\" data-e-type=\"column\">\n\t\t\t<div class=\"elementor-widget-wrap elementor-element-populated\">\n\t\t\t\t\t\t<div class=\"elementor-element elementor-element-31371114 elementor-widget elementor-widget-heading\" data-id=\"31371114\" data-element_type=\"widget\" data-e-type=\"widget\" data-widget_type=\"heading.default\">\n\t\t\t\t<div class=\"elementor-widget-container\">\n\t\t\t\t\t<h1 class=\"elementor-heading-title elementor-size-default\">Av\u00eds<br>Legal<\/h1>\t\t\t\t<\/div>\n\t\t\t\t<\/div>\n\t\t\t\t\t<\/div>\n\t\t<\/div>\n\t\t\t\t<div class=\"elementor-column elementor-col-50 elementor-top-column elementor-element elementor-element-6fba785b\" data-id=\"6fba785b\" data-element_type=\"column\" data-e-type=\"column\">\n\t\t\t<div class=\"elementor-widget-wrap\">\n\t\t\t\t\t\t\t<\/div>\n\t\t<\/div>\n\t\t\t\t\t<\/div>\n\t\t<\/section>\n\t\t\t\t<section class=\"elementor-section elementor-top-section elementor-element elementor-element-3782dda6 elementor-section-boxed elementor-section-height-default elementor-section-height-default\" data-id=\"3782dda6\" data-element_type=\"section\" data-e-type=\"section\">\n\t\t\t\t\t\t<div class=\"elementor-container elementor-column-gap-default\">\n\t\t\t\t\t<div class=\"elementor-column elementor-col-100 elementor-top-column elementor-element elementor-element-162faf3e\" data-id=\"162faf3e\" data-element_type=\"column\" data-e-type=\"column\">\n\t\t\t<div class=\"elementor-widget-wrap elementor-element-populated\">\n\t\t\t\t\t\t<div class=\"elementor-element elementor-element-4720be6 elementor-widget elementor-widget-text-editor\" data-id=\"4720be6\" data-element_type=\"widget\" data-e-type=\"widget\" data-widget_type=\"text-editor.default\">\n\t\t\t\t<div class=\"elementor-widget-container\">\n\t\t\t\t\t\t\t\t\t<p>En compliment de l&#8217;article 10 de la Llei 34\/2002, de\u00a0 11 de juliol, de Serveis de la Societat de la Informaci\u00f3 i Comer\u00e7 Electr\u00f2nic (LSSICE) a continuaci\u00f3 es detallen les dades identificatives de l&#8217;entitat:<\/p>\n<p>&nbsp;<\/p>\n<p>EGEIN<\/p>\n<p><strong>Ra\u00f3 social:<\/strong> ENGINYERIA I GESTI\u00d3 D&#8217;ESPAIS INDUSTRIALS, SL<\/p>\n<p><strong>NIF:<\/strong> B17493396<\/p>\n<p><strong>Adre\u00e7a:<\/strong> C\/ Areny, 29 &#8211; 17460 &#8211; Celr\u00e0 &#8211; GIRONA<\/p>\n<p><strong>Tel\u00e8fon:<\/strong> 972494168<\/p>\n<p><strong>Email:<\/strong> info@egein.com<\/p>\n<p>Registre Mercantil de Girona: Tom 994, Foli 200, Fulla Gi-18227, Inscripci\u00f3 primer 14\/11\/1996<\/p>\n<p>&nbsp;<\/p>\n<p><strong>FINALITAT DEL LLOC WEB.<\/strong><\/p>\n<p><u>El present lloc web t\u00e9 com a finalitat principal donar a con\u00e8ixer els serveis oferts per ENGINYERIA I GESTI\u00d3 D&#8217;ESPAIS INDUSTRIALS, SL, aix\u00ed com mostrar als seus usuaris els projectes que ja han estat realitzats.<\/u><\/p>\n<p>&nbsp;<\/p>\n<p>El present av\u00eds legal (d&#8217;ara endavant, &#8220;Av\u00eds Legal&#8221;) regula l&#8217;\u00fas del lloc web: https:\/\/egein.com\/<\/p>\n<p>&nbsp;<\/p>\n<p><strong>LEGISLACI\u00d3.<\/strong><\/p>\n<p>Amb car\u00e0cter general les relacions entre l&#8217;entitat i els Usuaris dels seus serveis telem\u00e0tics, presents en aquest lloc web, es troben sotmeses a la legislaci\u00f3 i jurisdicci\u00f3 espanyoles.<\/p>\n<p>&nbsp;<\/p>\n<p><strong>\u00daS I ACC\u00c9S D&#8217;USUARIS.<\/strong><\/p>\n<p>L&#8217;Usuari queda informat, i accepta, que l&#8217;acc\u00e9s a la present web no suposa, de cap manera, l&#8217;inici d&#8217;una relaci\u00f3 comercial amb ENGINYERIA I GESTI\u00d3 D&#8217;ESPAIS INDUSTRIALS, SL EGEIN o qualsevol de les seves delegacions.<\/p>\n<p>&nbsp;<\/p>\n<p><strong>PROPIETAT INTEL\u00b7LECTUAL I INDUSTRIAL.<\/strong><\/p>\n<p>Els drets de propietat intel\u00b7lectual del contingut de les p\u00e0gines web, el seu disseny gr\u00e0fic i codis s\u00f3n titularitat de ENGINYERIA I GESTI\u00d3 D&#8217;ESPAIS INDUSTRIALS, SL EGEIN i, per tant, queda prohibida la seva reproducci\u00f3, distribuci\u00f3, comunicaci\u00f3 p\u00fablica, transformaci\u00f3 o qualsevol altra activitat que es pugui realitzar amb els continguts de les seves p\u00e0gines web ni citant les fonts, excepte amb el consentiment per escrit de ENGINYERIA I GESTI\u00d3 D&#8217;ESPAIS INDUSTRIALS, SL, EGEIN.<\/p>\n<p>&nbsp;<\/p>\n<p><strong>CONTINGUT DE LA WEB I ENLLA\u00c7OS (LINKS).<\/strong><\/p>\n<p>ENGINYERIA I GESTI\u00d3 D&#8217;ESPAIS INDUSTRIALS, SL EGEIN es reserva el dret a actualitzar, modificar o eliminar la informaci\u00f3 continguda a les seves p\u00e0gines web podent fins i tot limitar o no permetre l&#8217;acc\u00e9s a aquesta informaci\u00f3 a certs usuaris.<\/p>\n<p>&nbsp;<\/p>\n<p>ENGINYERIA I GESTI\u00d3 D&#8217;ESPAIS INDUSTRIALS, SL EGEIN no assumeix responsabilitat alguna per la informaci\u00f3 continguda en p\u00e0gines web de tercers a les quals es pugui accedir per &#8220;links&#8221; o enlla\u00e7os des de qualsevol p\u00e0gina web propietat de ENGINYERIA I GESTI\u00d3 D&#8217;ESPAIS INDUSTRIALS, SL EGEIN. La pres\u00e8ncia de &#8220;links&#8221; o enlla\u00e7os a les p\u00e0gines web de ENGINYERIA I GESTI\u00d3 D&#8217;ESPAIS INDUSTRIALS, SL EGEIN t\u00e9 finalitat merament informativa i en cap cas suposa suggeriment, invitaci\u00f3 o recomanaci\u00f3 sobre els mateixos.<\/p>\n\t\t\t\t\t\t\t\t<\/div>\n\t\t\t\t<\/div>\n\t\t\t\t<div class=\"elementor-element elementor-element-f18c42d elementor-widget__width-auto elementor-absolute elementor-view-default elementor-widget elementor-widget-icon\" data-id=\"f18c42d\" data-element_type=\"widget\" data-e-type=\"widget\" data-settings=\"{&quot;_position&quot;:&quot;absolute&quot;}\" data-widget_type=\"icon.default\">\n\t\t\t\t<div class=\"elementor-widget-container\">\n\t\t\t\t\t\t\t<div class=\"elementor-icon-wrapper\">\n\t\t\t<div class=\"elementor-icon\">\n\t\t\t<svg xmlns=\"http:\/\/www.w3.org\/2000\/svg\" id=\"a72f1db4-4b9f-4cbc-ac4c-a54efeaf8336\" data-name=\"Layer 1\" width=\"100\" height=\"100\" viewBox=\"0 0 100 100\"><title>Shape<\/title><path id=\"aecdc5f9-a79f-465f-8b06-186d589ccd57\" data-name=\"Shape\" d=\"M0,100V0H50V50h50v50Z\" style=\"fill-rule:evenodd\"><\/path><\/svg>\t\t\t<\/div>\n\t\t<\/div>\n\t\t\t\t\t\t<\/div>\n\t\t\t\t<\/div>\n\t\t\t\t<div class=\"elementor-element elementor-element-418a84a0 elementor-widget__width-auto elementor-absolute elementor-view-default elementor-widget elementor-widget-icon\" data-id=\"418a84a0\" data-element_type=\"widget\" data-e-type=\"widget\" data-settings=\"{&quot;_position&quot;:&quot;absolute&quot;}\" data-widget_type=\"icon.default\">\n\t\t\t\t<div class=\"elementor-widget-container\">\n\t\t\t\t\t\t\t<div class=\"elementor-icon-wrapper\">\n\t\t\t<div class=\"elementor-icon\">\n\t\t\t<svg xmlns=\"http:\/\/www.w3.org\/2000\/svg\" id=\"a72f1db4-4b9f-4cbc-ac4c-a54efeaf8336\" data-name=\"Layer 1\" width=\"100\" height=\"100\" viewBox=\"0 0 100 100\"><title>Shape<\/title><path id=\"aecdc5f9-a79f-465f-8b06-186d589ccd57\" data-name=\"Shape\" d=\"M0,100V0H50V50h50v50Z\" style=\"fill-rule:evenodd\"><\/path><\/svg>\t\t\t<\/div>\n\t\t<\/div>\n\t\t\t\t\t\t<\/div>\n\t\t\t\t<\/div>\n\t\t\t\t\t<\/div>\n\t\t<\/div>\n\t\t\t\t\t<\/div>\n\t\t<\/section>\n\t\t\t\t<\/div>\n\t\t","protected":false},"excerpt":{"rendered":"<p>Av\u00edsLegal En compliment de l&#8217;article 10 de la Llei 34\/2002, de\u00a0 11 de juliol, de Serveis de la Societat de la Informaci\u00f3 i Comer\u00e7 Electr\u00f2nic (LSSICE) a continuaci\u00f3 es detallen les dades identificatives de l&#8217;entitat: &nbsp; EGEIN Ra\u00f3 social: ENGINYERIA I GESTI\u00d3 D&#8217;ESPAIS INDUSTRIALS, SL NIF: B17493396 Adre\u00e7a: C\/ Areny, 29 &#8211; 17460 &#8211; Celr\u00e0 [&hellip;]<\/p>\n","protected":false},"author":1,"featured_media":0,"parent":0,"menu_order":0,"comment_status":"closed","ping_status":"closed","template":"","meta":{"footnotes":""},"class_list":["post-3900","page","type-page","status-publish","hentry"],"_links":{"self":[{"href":"https:\/\/egein.com\/ca\/wp-json\/wp\/v2\/pages\/3900","targetHints":{"allow":["GET"]}}],"collection":[{"href":"https:\/\/egein.com\/ca\/wp-json\/wp\/v2\/pages"}],"about":[{"href":"https:\/\/egein.com\/ca\/wp-json\/wp\/v2\/types\/page"}],"author":[{"embeddable":true,"href":"https:\/\/egein.com\/ca\/wp-json\/wp\/v2\/users\/1"}],"replies":[{"embeddable":true,"href":"https:\/\/egein.com\/ca\/wp-json\/wp\/v2\/comments?post=3900"}],"version-history":[{"count":0,"href":"https:\/\/egein.com\/ca\/wp-json\/wp\/v2\/pages\/3900\/revisions"}],"wp:attachment":[{"href":"https:\/\/egein.com\/ca\/wp-json\/wp\/v2\/media?parent=3900"}],"curies":[{"name":"wp","href":"https:\/\/api.w.org\/{rel}","templated":true}]}}